{"id":3188,"date":"2024-06-12T19:19:46","date_gmt":"2024-06-12T19:19:46","guid":{"rendered":"https:\/\/biorganic-rim.com\/product\/now-ultra-omega-3-fish-oil\/"},"modified":"2026-04-09T17:21:31","modified_gmt":"2026-04-09T17:21:31","slug":"now-ultra-omega-3-fish-oil","status":"publish","type":"product","link":"https:\/\/biorganic-rim.com\/en\/product\/now-ultra-omega-3-fish-oil\/","title":{"rendered":"NOW Ultra omega-3 Fish oil"},"content":{"rendered":"<p>NOW Ultra Omega-3 \u2013 \u062f\u0639\u0645 \u0642\u0648\u064a \u0644\u0644\u0642\u0644\u0628 \u0648\u0627\u0644\u062f\u0645\u0627\u063a \u0648\u0627\u0644\u0645\u0641\u0627\u0635\u0644<\/p>\n<p>\u0645\u0643\u0645\u0644 \u063a\u0630\u0627\u0626\u064a \u0639\u0627\u0644\u064a \u0627\u0644\u062a\u0631\u0643\u064a\u0632 \u0645\u0646 \u0632\u064a\u062a \u0627\u0644\u0633\u0645\u0643 \u0627\u0644\u0646\u0642\u064a\u060c \u064a\u0648\u0641\u0631 \u062c\u0631\u0639\u0629 \u0642\u0648\u064a\u0629 \u0645\u0646 \u0623\u062d\u0645\u0627\u0636 EPA &amp; DHA \u0644\u062f\u0639\u0645 \u0635\u062d\u0629 \u0627\u0644\u0642\u0644\u0628\u060c \u062a\u062d\u0633\u064a\u0646 \u0648\u0638\u0627\u0626\u0641 \u0627\u0644\u062f\u0645\u0627\u063a\u060c \u0648\u062a\u0642\u0644\u064a\u0644 \u0627\u0644\u0627\u0644\u062a\u0647\u0627\u0628\u0627\u062a.<\/p>\n<p>\u0627\u0644\u0645\u0645\u064a\u0632\u0627\u062a:<\/p>\n<p>\u2705 \u062a\u0631\u0643\u064a\u0632 \u0639\u0627\u0644\u064a \u0645\u0646 \u0623\u0648\u0645\u064a\u063a\u0627 3 \u0641\u064a \u0643\u0644 \u0643\u0628\u0633\u0648\u0644\u0629<\/p>\n<p>\u2705 \u064a\u062f\u0639\u0645 \u0635\u062d\u0629 \u0627\u0644\u0642\u0644\u0628 \u0648\u0627\u0644\u062f\u0648\u0631\u0629 \u0627\u0644\u062f\u0645\u0648\u064a\u0629<\/p>\n<p>\u2705 \u064a\u0633\u0627\u0639\u062f \u0639\u0644\u0649 \u062a\u062d\u0633\u064a\u0646 \u0627\u0644\u0630\u0627\u0643\u0631\u0629 \u0648\u0627\u0644\u062a\u0631\u0643\u064a\u0632<\/p>\n<p>\u2705 \u064a\u062e\u0641\u0641 \u0622\u0644\u0627\u0645 \u0648\u0627\u0644\u062a\u0647\u0627\u0628\u0627\u062a \u0627\u0644\u0645\u0641\u0627\u0635\u0644<\/p>\n<p>\u2705 \u064a\u0639\u0632\u0632 \u0635\u062d\u0629 \u0627\u0644\u0628\u0634\u0631\u0629 \u0648\u0627\u0644\u0634\u0639\u0631<\/p>\n<p>\u2705 \u0632\u064a\u062a \u0633\u0645\u0643 \u0645\u0646\u0642\u0649 \u062c\u0632\u064a\u0626\u064a\u064b\u0627 (\u062e\u0627\u0644\u064d \u0645\u0646 \u0627\u0644\u0645\u0639\u0627\u062f\u0646 \u0627\u0644\u062b\u0642\u064a\u0644\u0629)<\/p>\n<p>\u2705 \u062c\u0648\u062f\u0629 NOW \u0627\u0644\u0645\u0639\u0631\u0648\u0641\u0629 \u0639\u0627\u0644\u0645\u064a\u064b\u0627<\/p>\n<p>NOW Ultra Omega-3 \u2013 Soutien puissant pour le c\u0153ur, le cerveau et les articulations<\/p>\n<p>Compl\u00e9ment alimentaire hautement concentr\u00e9 en huile de poisson pure, riche en acides gras essentiels EPA &amp; DHA, con\u00e7u pour soutenir la sant\u00e9 cardiovasculaire, am\u00e9liorer les fonctions c\u00e9r\u00e9brales et r\u00e9duire l\u2019inflammation.<\/p>\n<p>Points forts :<\/p>\n<p>\u2705 Forte concentration d\u2019Om\u00e9ga-3 par capsule<\/p>\n<p>\u2705 Favorise la sant\u00e9 du c\u0153ur et la circulation sanguine<\/p>\n<p>\u2705 Am\u00e9liore la m\u00e9moire et la concentration<\/p>\n<p>\u2705 Aide \u00e0 soulager les douleurs articulaires<\/p>\n<p>\u2705 Contribue \u00e0 une peau et des cheveux plus sains<\/p>\n<p>\u2705 Huile de poisson distill\u00e9e mol\u00e9culairement (sans m\u00e9taux lourds)<\/p>\n<p>\u2705 Qualit\u00e9 premium sign\u00e9e NOW Foods<\/p>\n","protected":false},"excerpt":{"rendered":"<p>NOW Ultra Omega-3 \u2013 \u062f\u0639\u0645 \u0642\u0648\u064a \u0644\u0644\u0642\u0644\u0628 \u0648\u0627\u0644\u062f\u0645\u0627\u063a \u0648\u0627\u0644\u0645\u0641\u0627\u0635\u0644 \u0645\u0643\u0645\u0644 \u063a\u0630\u0627\u0626\u064a &#8230; <\/p>\n","protected":false},"featured_media":4457,"comment_status":"open","ping_status":"closed","template":"","meta":{"_joinchat":[]},"product_brand":[],"product_cat":[59],"product_tag":[],"class_list":{"0":"post-3188","1":"product","2":"type-product","3":"status-publish","4":"has-post-thumbnail","6":"product_cat-59","8":"first","9":"instock","10":"shipping-taxable","11":"purchasable","12":"product-type-simple"},"bundled_by":[],"bundle_stock_status":"instock","bundle_stock_quantity":null,"bundle_virtual":false,"bundle_layout":"","bundle_add_to_cart_form_location":"","bundle_editable_in_cart":false,"bundle_sold_individually_context":"","bundle_item_grouping":"","bundle_min_size":"","bundle_max_size":"","bundle_price":[],"bundled_items":[],"bundle_sell_ids":[],"_links":{"self":[{"href":"https:\/\/biorganic-rim.com\/en\/wp-json\/wp\/v2\/product\/3188","targetHints":{"allow":["GET"]}}],"collection":[{"href":"https:\/\/biorganic-rim.com\/en\/wp-json\/wp\/v2\/product"}],"about":[{"href":"https:\/\/biorganic-rim.com\/en\/wp-json\/wp\/v2\/types\/product"}],"replies":[{"embeddable":true,"href":"https:\/\/biorganic-rim.com\/en\/wp-json\/wp\/v2\/comments?post=3188"}],"wp:featuredmedia":[{"embeddable":true,"href":"https:\/\/biorganic-rim.com\/en\/wp-json\/wp\/v2\/media\/4457"}],"wp:attachment":[{"href":"https:\/\/biorganic-rim.com\/en\/wp-json\/wp\/v2\/media?parent=3188"}],"wp:term":[{"taxonomy":"product_brand","embeddable":true,"href":"https:\/\/biorganic-rim.com\/en\/wp-json\/wp\/v2\/product_brand?post=3188"},{"taxonomy":"product_cat","embeddable":true,"href":"https:\/\/biorganic-rim.com\/en\/wp-json\/wp\/v2\/product_cat?post=3188"},{"taxonomy":"product_tag","embeddable":true,"href":"https:\/\/biorganic-rim.com\/en\/wp-json\/wp\/v2\/product_tag?post=3188"}],"curies":[{"name":"wp","href":"https:\/\/api.w.org\/{rel}","templated":true}]}}