{"id":4020,"date":"2026-01-23T17:44:10","date_gmt":"2026-01-23T17:44:10","guid":{"rendered":"https:\/\/biorganic-rim.com\/?post_type=product&#038;p=4020"},"modified":"2026-02-25T15:17:25","modified_gmt":"2026-02-25T15:17:25","slug":"an-critical-qats-10servings-600g-23g-protein-per-serving","status":"publish","type":"product","link":"https:\/\/biorganic-rim.com\/en\/product\/an-critical-qats-10servings-600g-23g-protein-per-serving\/","title":{"rendered":"AN critical Qats 10servings 600g 23g protein per serving"},"content":{"rendered":"<p>\u0634\u0648\u0641\u0627\u0646 \u0645\u0637\u062d\u0648\u0646 \u0639\u0627\u0644\u064a \u0627\u0644\u062c\u0648\u062f\u0629\u060c \u0645\u0635\u062f\u0631 \u0645\u0645\u062a\u0627\u0632 \u0644\u0644\u0643\u0631\u0628\u0648\u0647\u064a\u062f\u0631\u0627\u062a \u0627\u0644\u0645\u0639\u0642\u062f\u0629 \u0627\u0644\u062a\u064a \u062a\u0645\u062f \u0627\u0644\u062c\u0633\u0645 \u0628\u0627\u0644\u0637\u0627\u0642\u0629 \u0627\u0644\u0645\u0633\u062a\u0645\u0631\u0629. \u0645\u062b\u0627\u0644\u064a \u0644\u0644\u0631\u064a\u0627\u0636\u064a\u064a\u0646\u060c \u0648\u0632\u064a\u0627\u062f\u0629 \u0627\u0644\u0633\u0639\u0631\u0627\u062a \u0627\u0644\u062d\u0631\u0627\u0631\u064a\u0629 \u0628\u0634\u0643\u0644 \u0635\u062d\u064a\u060c \u0648\u062f\u0639\u0645 \u0627\u0644\u0623\u062f\u0627\u0621 \u062e\u0644\u0627\u0644 \u0627\u0644\u062a\u0645\u0627\u0631\u064a\u0646 \u0623\u0648 \u0628\u064a\u0646 \u0627\u0644\u0648\u062c\u0628\u0627\u062a.<\/p>\n<p>\u0627\u0644\u0641\u0648\u0627\u0626\u062f \u0627\u0644\u0631\u0626\u064a\u0633\u064a\u0629:<\/p>\n<p>\u064a\u0648\u0641\u0651\u0631 \u0637\u0627\u0642\u0629 \u0637\u0648\u064a\u0644\u0629 \u0627\u0644\u0645\u0641\u0639\u0648\u0644<\/p>\n<p>\u064a\u0633\u0627\u0639\u062f \u0639\u0644\u0649 \u0632\u064a\u0627\u062f\u0629 \u0627\u0644\u0633\u0639\u0631\u0627\u062a \u0648\u0627\u0644\u0648\u0632\u0646 \u0628\u0637\u0631\u064a\u0642\u0629 \u0635\u062d\u064a\u0629<\/p>\n<p>\u063a\u0646\u064a \u0628\u0627\u0644\u0623\u0644\u064a\u0627\u0641 \u0648\u064a\u0633\u0627\u0639\u062f \u0639\u0644\u0649 \u0627\u0644\u0634\u0628\u0639<\/p>\n<p>\u0633\u0647\u0644 \u0627\u0644\u062e\u0644\u0637 \u0645\u0639 \u0627\u0644\u0628\u0631\u0648\u062a\u064a\u0646 \u0623\u0648 \u0627\u0644\u0645\u0634\u0631\u0648\u0628\u0627\u062a<\/p>\n<p>AN Critical Oats \u2013 600 g<\/p>\n<p>Flocons d\u2019avoine moulus de haute qualit\u00e9, source id\u00e9ale de glucides complexes pour une \u00e9nergie durable. Parfait pour les sportifs, la prise de calories saine et l\u2019am\u00e9lioration des performances \u00e0 l\u2019entra\u00eenement ou entre les repas.<\/p>\n<p>Principaux b\u00e9n\u00e9fices :<\/p>\n<p>Apporte une \u00e9nergie prolong\u00e9e<\/p>\n<p>Aide \u00e0 augmenter l\u2019apport calorique et la prise de poids saine<\/p>\n<p>Riche en fibres, favorise la sati\u00e9t\u00e9<\/p>\n<p>Facile \u00e0 m\u00e9langer avec les prot\u00e9ines ou les boissons<\/p>\n","protected":false},"excerpt":{"rendered":"<p>\u0634\u0648\u0641\u0627\u0646 \u0645\u0637\u062d\u0648\u0646 \u0639\u0627\u0644\u064a \u0627\u0644\u062c\u0648\u062f\u0629\u060c \u0645\u0635\u062f\u0631 \u0645\u0645\u062a\u0627\u0632 \u0644\u0644\u0643\u0631\u0628\u0648\u0647\u064a\u062f\u0631\u0627\u062a \u0627\u0644\u0645\u0639\u0642\u062f\u0629 \u0627\u0644\u062a\u064a \u062a\u0645\u062f \u0627\u0644\u062c\u0633\u0645 &#8230; <\/p>\n","protected":false},"featured_media":4349,"comment_status":"open","ping_status":"closed","template":"","meta":{"_joinchat":[]},"product_brand":[],"product_cat":[55],"product_tag":[],"class_list":{"0":"post-4020","1":"product","2":"type-product","3":"status-publish","4":"has-post-thumbnail","6":"product_cat-55","8":"first","9":"instock","10":"shipping-taxable","11":"purchasable","12":"product-type-variable"},"bundled_by":[],"bundle_stock_status":"instock","bundle_stock_quantity":null,"bundle_virtual":false,"bundle_layout":"","bundle_add_to_cart_form_location":"","bundle_editable_in_cart":false,"bundle_sold_individually_context":"","bundle_item_grouping":"","bundle_min_size":"","bundle_max_size":"","bundle_price":[],"bundled_items":[],"bundle_sell_ids":[],"_links":{"self":[{"href":"https:\/\/biorganic-rim.com\/en\/wp-json\/wp\/v2\/product\/4020","targetHints":{"allow":["GET"]}}],"collection":[{"href":"https:\/\/biorganic-rim.com\/en\/wp-json\/wp\/v2\/product"}],"about":[{"href":"https:\/\/biorganic-rim.com\/en\/wp-json\/wp\/v2\/types\/product"}],"replies":[{"embeddable":true,"href":"https:\/\/biorganic-rim.com\/en\/wp-json\/wp\/v2\/comments?post=4020"}],"wp:featuredmedia":[{"embeddable":true,"href":"https:\/\/biorganic-rim.com\/en\/wp-json\/wp\/v2\/media\/4349"}],"wp:attachment":[{"href":"https:\/\/biorganic-rim.com\/en\/wp-json\/wp\/v2\/media?parent=4020"}],"wp:term":[{"taxonomy":"product_brand","embeddable":true,"href":"https:\/\/biorganic-rim.com\/en\/wp-json\/wp\/v2\/product_brand?post=4020"},{"taxonomy":"product_cat","embeddable":true,"href":"https:\/\/biorganic-rim.com\/en\/wp-json\/wp\/v2\/product_cat?post=4020"},{"taxonomy":"product_tag","embeddable":true,"href":"https:\/\/biorganic-rim.com\/en\/wp-json\/wp\/v2\/product_tag?post=4020"}],"curies":[{"name":"wp","href":"https:\/\/api.w.org\/{rel}","templated":true}]}}