{"id":4031,"date":"2026-01-23T18:56:35","date_gmt":"2026-01-23T18:56:35","guid":{"rendered":"https:\/\/biorganic-rim.com\/?post_type=product&#038;p=4031"},"modified":"2026-03-06T00:29:40","modified_gmt":"2026-03-06T00:29:40","slug":"wellbetx-berberine-1000-mg-60capsules","status":"publish","type":"product","link":"https:\/\/biorganic-rim.com\/en\/product\/wellbetx-berberine-1000-mg-60capsules\/","title":{"rendered":"WellBetx Berberine  (1000 mg\/60capsules)"},"content":{"rendered":"<p>WellBetX\u2122 Berberine 1000 mg<\/p>\n<p>\u0645\u0643\u0645\u0644 \u063a\u0630\u0627\u0626\u064a \u0639\u0627\u0644\u064a \u0627\u0644\u062c\u0648\u062f\u0629 \u064a\u062d\u062a\u0648\u064a \u0639\u0644\u0649 \u0627\u0644\u0628\u064a\u0631\u0628\u0631\u064a\u0646 \u0628\u062a\u0631\u0643\u064a\u0632 \u0642\u0648\u064a \u064a\u0635\u0644 \u0625\u0644\u0649 1000 \u0645\u0644\u063a \u0644\u0643\u0644 \u062c\u0631\u0639\u0629 (\u0643\u0628\u0633\u0648\u0644\u062a\u064a\u0646)\u060c \u0645\u0635\u0645\u0645 \u0644\u062f\u0639\u0645 \u062a\u0648\u0627\u0632\u0646 \u0627\u0644\u0633\u0643\u0631 \u0641\u064a \u0627\u0644\u062f\u0645\u060c \u062a\u062d\u0633\u064a\u0646 \u062d\u0633\u0627\u0633\u064a\u0629 \u0627\u0644\u0625\u0646\u0633\u0648\u0644\u064a\u0646\u060c \u0648\u0627\u0644\u0645\u0633\u0627\u0639\u062f\u0629 \u0641\u064a \u0635\u062d\u0629 \u0627\u0644\u0623\u064a\u0636 \u0648\u0627\u0644\u0642\u0644\u0628.<\/p>\n<p>\u064a\u0623\u062a\u064a \u0641\u064a 120 \u0643\u0628\u0633\u0648\u0644\u0629 \u0646\u0628\u0627\u062a\u064a\u0629\u060c \u0645\u0646\u0627\u0633\u0628 \u0644\u0644\u0646\u0628\u0627\u062a\u064a\u064a\u0646 \u0648\u062e\u0627\u0644\u064d \u0645\u0646 \u0627\u0644\u0645\u0643\u0648\u0646\u0627\u062a \u0627\u0644\u062d\u064a\u0648\u0627\u0646\u064a\u0629\u060c \u062e\u064a\u0627\u0631 \u0645\u062b\u0627\u0644\u064a \u0644\u0645\u0646 \u064a\u0628\u062d\u062b \u0639\u0646 \u062f\u0639\u0645 \u0637\u0628\u064a\u0639\u064a \u0648\u0641\u0639\u0651\u0627\u0644 \u0644\u0644\u0635\u062d\u0629 \u0627\u0644\u064a\u0648\u0645\u064a\u0629.<\/p>\n<p>\u0627\u0644\u0645\u0645\u064a\u0632\u0627\u062a:<\/p>\n<p>\u062f\u0639\u0645 \u062a\u0646\u0638\u064a\u0645 \u0645\u0633\u062a\u0648\u0649 \u0627\u0644\u0633\u0643\u0631 \u0641\u064a \u0627\u0644\u062f\u0645<\/p>\n<p>\u062a\u062d\u0633\u064a\u0646 \u0639\u0645\u0644\u064a\u0629 \u0627\u0644\u0623\u064a\u0636 \u0648\u0627\u0644\u0637\u0627\u0642\u0629<\/p>\n<p>\u0643\u0628\u0633\u0648\u0644\u0627\u062a \u0646\u0628\u0627\u062a\u064a\u0629 100%<\/p>\n<p>\u062c\u0648\u062f\u0629 \u0639\u0627\u0644\u064a\u0629 \u0648\u0627\u0645\u062a\u0635\u0627\u0635 \u0641\u0639\u0651\u0627\u0644<\/p>\n<p><strong>WellBetX\u2122 Berberine 1000 mg<\/strong><\/p>\n<p>Compl\u00e9ment alimentaire premium \u00e0 base de <strong>berb\u00e9rine<\/strong>, offrant une dose puissante de <strong>1000 mg par portion (2 capsules)<\/strong>. Il contribue au maintien d\u2019un taux de glyc\u00e9mie \u00e9quilibr\u00e9, am\u00e9liore la sensibilit\u00e9 \u00e0 l\u2019insuline et soutient la sant\u00e9 m\u00e9tabolique et cardiovasculaire.<\/p>\n<p>Formul\u00e9 en <strong>120 capsules v\u00e9g\u00e9tariennes<\/strong>, id\u00e9al pour les v\u00e9g\u00e9tariens et pour une utilisation quotidienne en toute confiance.<\/p>\n<p><strong>Avantages :<\/strong><\/p>\n<p>\u2022\tAide \u00e0 l\u2019\u00e9quilibre de la glyc\u00e9mie<\/p>\n<p>\u2022\tSoutien du m\u00e9tabolisme et de l\u2019\u00e9nergie<\/p>\n<p>\u2022\tCapsules 100 % v\u00e9g\u00e9tariennes<\/p>\n<p>\u2022\tQualit\u00e9 sup\u00e9rieure et excellente absorption<\/p>\n","protected":false},"excerpt":{"rendered":"<p>WellBetX\u2122 Berberine 1000 mg \u0645\u0643\u0645\u0644 \u063a\u0630\u0627\u0626\u064a \u0639\u0627\u0644\u064a \u0627\u0644\u062c\u0648\u062f\u0629 \u064a\u062d\u062a\u0648\u064a \u0639\u0644\u0649 \u0627\u0644\u0628\u064a\u0631\u0628\u0631\u064a\u0646 &#8230; <\/p>\n","protected":false},"featured_media":4242,"comment_status":"open","ping_status":"closed","template":"","meta":{"_joinchat":[]},"product_brand":[],"product_cat":[59],"product_tag":[],"class_list":{"0":"post-4031","1":"product","2":"type-product","3":"status-publish","4":"has-post-thumbnail","6":"product_cat-59","8":"first","9":"instock","10":"shipping-taxable","11":"purchasable","12":"product-type-simple"},"bundled_by":[],"bundle_stock_status":"instock","bundle_stock_quantity":null,"bundle_virtual":false,"bundle_layout":"","bundle_add_to_cart_form_location":"","bundle_editable_in_cart":false,"bundle_sold_individually_context":"","bundle_item_grouping":"","bundle_min_size":"","bundle_max_size":"","bundle_price":[],"bundled_items":[],"bundle_sell_ids":[],"_links":{"self":[{"href":"https:\/\/biorganic-rim.com\/en\/wp-json\/wp\/v2\/product\/4031","targetHints":{"allow":["GET"]}}],"collection":[{"href":"https:\/\/biorganic-rim.com\/en\/wp-json\/wp\/v2\/product"}],"about":[{"href":"https:\/\/biorganic-rim.com\/en\/wp-json\/wp\/v2\/types\/product"}],"replies":[{"embeddable":true,"href":"https:\/\/biorganic-rim.com\/en\/wp-json\/wp\/v2\/comments?post=4031"}],"wp:featuredmedia":[{"embeddable":true,"href":"https:\/\/biorganic-rim.com\/en\/wp-json\/wp\/v2\/media\/4242"}],"wp:attachment":[{"href":"https:\/\/biorganic-rim.com\/en\/wp-json\/wp\/v2\/media?parent=4031"}],"wp:term":[{"taxonomy":"product_brand","embeddable":true,"href":"https:\/\/biorganic-rim.com\/en\/wp-json\/wp\/v2\/product_brand?post=4031"},{"taxonomy":"product_cat","embeddable":true,"href":"https:\/\/biorganic-rim.com\/en\/wp-json\/wp\/v2\/product_cat?post=4031"},{"taxonomy":"product_tag","embeddable":true,"href":"https:\/\/biorganic-rim.com\/en\/wp-json\/wp\/v2\/product_tag?post=4031"}],"curies":[{"name":"wp","href":"https:\/\/api.w.org\/{rel}","templated":true}]}}