{"id":4042,"date":"2026-01-23T19:30:08","date_gmt":"2026-01-23T19:30:08","guid":{"rendered":"https:\/\/biorganic-rim.com\/?post_type=product&#038;p=4042"},"modified":"2026-01-23T19:31:53","modified_gmt":"2026-01-23T19:31:53","slug":"gat-creatine-300g-60servings","status":"publish","type":"product","link":"https:\/\/biorganic-rim.com\/en\/product\/gat-creatine-300g-60servings\/","title":{"rendered":"Gat creatine (300g \/60servings )"},"content":{"rendered":"<p>GAT Creatine \u2013 300 \u062c\u0645<\/p>\n<p>\u0645\u0643\u0645\u0644 \u0627\u0644\u0643\u0631\u064a\u0627\u062a\u064a\u0646 \u0623\u062d\u0627\u062f\u064a \u0627\u0644\u0647\u064a\u062f\u0631\u0627\u062a \u0639\u0627\u0644\u064a \u0627\u0644\u062c\u0648\u062f\u0629 \u0644\u062f\u0639\u0645 \u0627\u0644\u0642\u0648\u0629\u060c \u0627\u0644\u062a\u062d\u0645\u0644\u060c \u0648\u0632\u064a\u0627\u062f\u0629 \u0627\u0644\u0623\u062f\u0627\u0621 \u0627\u0644\u0631\u064a\u0627\u0636\u064a. \u064a\u0633\u0627\u0639\u062f \u0639\u0644\u0649 \u062a\u0639\u0632\u064a\u0632 \u0625\u0646\u062a\u0627\u062c \u0627\u0644\u0637\u0627\u0642\u0629 \u0641\u064a \u0627\u0644\u0639\u0636\u0644\u0627\u062a \u0623\u062b\u0646\u0627\u0621 \u0627\u0644\u062a\u0645\u0627\u0631\u064a\u0646 \u0627\u0644\u0645\u0643\u062b\u0641\u0629\u060c \u0645\u0645\u0627 \u064a\u0633\u0627\u0647\u0645 \u0641\u064a \u0646\u0645\u0648 \u0627\u0644\u0639\u0636\u0644\u0627\u062a \u0648\u0632\u064a\u0627\u062f\u0629 \u0627\u0644\u0642\u062f\u0631\u0629 \u0639\u0644\u0649 \u0627\u0644\u062a\u062f\u0631\u064a\u0628 \u0628\u0634\u0643\u0644 \u0623\u0642\u0648\u0649 \u0648\u0623\u0637\u0648\u0644.<\/p>\n<p>\u0627\u0644\u0645\u0645\u064a\u0632\u0627\u062a:<\/p>\n<p>\u0632\u064a\u0627\u062f\u0629 \u0627\u0644\u0642\u0648\u0629 \u0648\u0627\u0644\u062a\u062d\u0645\u0644 \u0627\u0644\u0639\u0636\u0644\u064a<\/p>\n<p>\u062f\u0639\u0645 \u0627\u0644\u0623\u062f\u0627\u0621 \u0623\u062b\u0646\u0627\u0621 \u0627\u0644\u062a\u0645\u0627\u0631\u064a\u0646 \u0627\u0644\u0645\u0643\u062b\u0641\u0629<\/p>\n<p>\u062a\u0639\u0632\u064a\u0632 \u0646\u0645\u0648 \u0627\u0644\u0639\u0636\u0644\u0627\u062a \u0648\u0627\u0633\u062a\u0639\u0627\u062f\u0629 \u0627\u0644\u0637\u0627\u0642\u0629<\/p>\n<p>100% \u0643\u0631\u064a\u0627\u062a\u064a\u0646 \u0635\u0627\u0641\u064a \u0648\u0630\u0648 \u0627\u0645\u062a\u0635\u0627\u0635 \u0639\u0627\u0644<\/p>\n<p>GAT Creatine \u2013 300 g<\/p>\n<p>Compl\u00e9ment de cr\u00e9atine monohydrate de haute qualit\u00e9 pour soutenir la force, l\u2019endurance et la performance sportive. Favorise la production d\u2019\u00e9nergie dans les muscles pendant les entra\u00eenements intenses, contribuant \u00e0 la croissance musculaire et \u00e0 une r\u00e9cup\u00e9ration rapide.<\/p>\n<p>Avantages :<\/p>\n<p>Augmente la force et l\u2019endurance musculaire<\/p>\n<p>Am\u00e9liore la performance lors d\u2019efforts intenses<\/p>\n<p>Favorise la croissance musculaire et la r\u00e9cup\u00e9ration \u00e9nerg\u00e9tique<\/p>\n<p>Cr\u00e9atine pure \u00e0 absorption optimale<\/p>\n","protected":false},"excerpt":{"rendered":"<p>GAT Creatine \u2013 300 \u062c\u0645 \u0645\u0643\u0645\u0644 \u0627\u0644\u0643\u0631\u064a\u0627\u062a\u064a\u0646 \u0623\u062d\u0627\u062f\u064a \u0627\u0644\u0647\u064a\u062f\u0631\u0627\u062a \u0639\u0627\u0644\u064a \u0627\u0644\u062c\u0648\u062f\u0629 &#8230; <\/p>\n","protected":false},"featured_media":4040,"comment_status":"open","ping_status":"closed","template":"","meta":{"_joinchat":[]},"product_brand":[],"product_cat":[54],"product_tag":[],"class_list":{"0":"post-4042","1":"product","2":"type-product","3":"status-publish","4":"has-post-thumbnail","6":"product_cat-54","8":"first","9":"instock","10":"shipping-taxable","11":"purchasable","12":"product-type-simple"},"bundled_by":[],"bundle_stock_status":"instock","bundle_stock_quantity":null,"bundle_virtual":false,"bundle_layout":"","bundle_add_to_cart_form_location":"","bundle_editable_in_cart":false,"bundle_sold_individually_context":"","bundle_item_grouping":"","bundle_min_size":"","bundle_max_size":"","bundle_price":[],"bundled_items":[],"bundle_sell_ids":[],"_links":{"self":[{"href":"https:\/\/biorganic-rim.com\/en\/wp-json\/wp\/v2\/product\/4042","targetHints":{"allow":["GET"]}}],"collection":[{"href":"https:\/\/biorganic-rim.com\/en\/wp-json\/wp\/v2\/product"}],"about":[{"href":"https:\/\/biorganic-rim.com\/en\/wp-json\/wp\/v2\/types\/product"}],"replies":[{"embeddable":true,"href":"https:\/\/biorganic-rim.com\/en\/wp-json\/wp\/v2\/comments?post=4042"}],"wp:featuredmedia":[{"embeddable":true,"href":"https:\/\/biorganic-rim.com\/en\/wp-json\/wp\/v2\/media\/4040"}],"wp:attachment":[{"href":"https:\/\/biorganic-rim.com\/en\/wp-json\/wp\/v2\/media?parent=4042"}],"wp:term":[{"taxonomy":"product_brand","embeddable":true,"href":"https:\/\/biorganic-rim.com\/en\/wp-json\/wp\/v2\/product_brand?post=4042"},{"taxonomy":"product_cat","embeddable":true,"href":"https:\/\/biorganic-rim.com\/en\/wp-json\/wp\/v2\/product_cat?post=4042"},{"taxonomy":"product_tag","embeddable":true,"href":"https:\/\/biorganic-rim.com\/en\/wp-json\/wp\/v2\/product_tag?post=4042"}],"curies":[{"name":"wp","href":"https:\/\/api.w.org\/{rel}","templated":true}]}}