{"id":4048,"date":"2026-01-23T19:45:45","date_gmt":"2026-01-23T19:45:45","guid":{"rendered":"https:\/\/biorganic-rim.com\/?post_type=product&#038;p=4048"},"modified":"2026-03-26T16:28:40","modified_gmt":"2026-03-26T16:28:40","slug":"dr-best-magnesium-glycinate-200mg-120-tablets","status":"publish","type":"product","link":"https:\/\/biorganic-rim.com\/en\/product\/dr-best-magnesium-glycinate-200mg-120-tablets\/","title":{"rendered":"Dr best magnesium glycinate (200mg\/120 Tablets)"},"content":{"rendered":"<p>Dr. Best Magnesium<\/p>\n<p>\u0645\u0643\u0645\u0644 \u0639\u0627\u0644\u064a \u0627\u0644\u062c\u0648\u062f\u0629 \u064a\u062d\u062a\u0648\u064a \u0639\u0644\u0649 \u0627\u0644\u0645\u063a\u0646\u064a\u0633\u064a\u0648\u0645 \u0644\u062f\u0639\u0645 \u0635\u062d\u0629 \u0627\u0644\u0639\u0636\u0644\u0627\u062a \u0648\u0627\u0644\u0623\u0639\u0635\u0627\u0628\u060c \u062a\u0639\u0632\u064a\u0632 \u0627\u0644\u0627\u0633\u062a\u0631\u062e\u0627\u0621\u060c \u0648\u0627\u0644\u0645\u0633\u0627\u0639\u062f\u0629 \u0641\u064a \u062a\u0642\u0644\u064a\u0644 \u0627\u0644\u062a\u0639\u0628 \u0648\u0627\u0644\u0625\u0631\u0647\u0627\u0642 \u0627\u0644\u064a\u0648\u0645\u064a. \u0645\u062b\u0627\u0644\u064a \u0644\u0645\u0646 \u064a\u0628\u062d\u062b \u0639\u0646 \u062a\u0648\u0627\u0632\u0646 \u0637\u0628\u064a\u0639\u064a \u0644\u0644\u062c\u0633\u0645 \u0648\u0627\u0644\u062d\u0641\u0627\u0638 \u0639\u0644\u0649 \u0623\u062f\u0627\u0621 \u0639\u0636\u0644\u064a \u0648\u0639\u0635\u0628\u064a \u0645\u062b\u0627\u0644\u064a.<\/p>\n<p>\u0627\u0644\u0645\u0645\u064a\u0632\u0627\u062a:<\/p>\n<p>\u062f\u0639\u0645 \u0635\u062d\u0629 \u0627\u0644\u0639\u0636\u0644\u0627\u062a \u0648\u0627\u0644\u0623\u0639\u0635\u0627\u0628<\/p>\n<p>\u062a\u0642\u0644\u064a\u0644 \u0627\u0644\u062a\u0639\u0628 \u0648\u0627\u0644\u0625\u0631\u0647\u0627\u0642<\/p>\n<p>\u062a\u0639\u0632\u064a\u0632 \u0627\u0644\u0627\u0633\u062a\u0631\u062e\u0627\u0621 \u0648\u0627\u0644\u0646\u0648\u0645 \u0627\u0644\u062c\u064a\u062f<\/p>\n<p>\u0633\u0647\u0644 \u0627\u0644\u0627\u0645\u062a\u0635\u0627\u0635 \u0648\u0641\u0639\u0627\u0644<\/p>\n<p>Dr. Best Magnesium<\/p>\n<p>Compl\u00e9ment de haute qualit\u00e9 \u00e0 base de magn\u00e9sium pour soutenir la sant\u00e9 musculaire et nerveuse, favoriser la relaxation et r\u00e9duire la fatigue quotidienne. Id\u00e9al pour maintenir un \u00e9quilibre naturel et des performances musculaires et nerveuses optimales.<\/p>\n<p>Avantages :<\/p>\n<p>Soutient la sant\u00e9 des muscles et des nerfs<\/p>\n<p>R\u00e9duit la fatigue et l\u2019\u00e9puisement<\/p>\n<p>Favorise la relaxation et un bon sommeil<\/p>\n<p>Haute absorption et efficacit\u00e9<\/p>\n","protected":false},"excerpt":{"rendered":"<p>Dr. Best Magnesium \u0645\u0643\u0645\u0644 \u0639\u0627\u0644\u064a \u0627\u0644\u062c\u0648\u062f\u0629 \u064a\u062d\u062a\u0648\u064a \u0639\u0644\u0649 \u0627\u0644\u0645\u063a\u0646\u064a\u0633\u064a\u0648\u0645 \u0644\u062f\u0639\u0645 \u0635\u062d\u0629 &#8230; <\/p>\n","protected":false},"featured_media":4455,"comment_status":"open","ping_status":"closed","template":"","meta":{"_joinchat":[]},"product_brand":[],"product_cat":[59],"product_tag":[],"class_list":{"0":"post-4048","1":"product","2":"type-product","3":"status-publish","4":"has-post-thumbnail","6":"product_cat-59","8":"first","9":"instock","10":"shipping-taxable","11":"purchasable","12":"product-type-simple"},"bundled_by":[],"bundle_stock_status":"instock","bundle_stock_quantity":null,"bundle_virtual":false,"bundle_layout":"","bundle_add_to_cart_form_location":"","bundle_editable_in_cart":false,"bundle_sold_individually_context":"","bundle_item_grouping":"","bundle_min_size":"","bundle_max_size":"","bundle_price":[],"bundled_items":[],"bundle_sell_ids":[],"_links":{"self":[{"href":"https:\/\/biorganic-rim.com\/en\/wp-json\/wp\/v2\/product\/4048","targetHints":{"allow":["GET"]}}],"collection":[{"href":"https:\/\/biorganic-rim.com\/en\/wp-json\/wp\/v2\/product"}],"about":[{"href":"https:\/\/biorganic-rim.com\/en\/wp-json\/wp\/v2\/types\/product"}],"replies":[{"embeddable":true,"href":"https:\/\/biorganic-rim.com\/en\/wp-json\/wp\/v2\/comments?post=4048"}],"wp:featuredmedia":[{"embeddable":true,"href":"https:\/\/biorganic-rim.com\/en\/wp-json\/wp\/v2\/media\/4455"}],"wp:attachment":[{"href":"https:\/\/biorganic-rim.com\/en\/wp-json\/wp\/v2\/media?parent=4048"}],"wp:term":[{"taxonomy":"product_brand","embeddable":true,"href":"https:\/\/biorganic-rim.com\/en\/wp-json\/wp\/v2\/product_brand?post=4048"},{"taxonomy":"product_cat","embeddable":true,"href":"https:\/\/biorganic-rim.com\/en\/wp-json\/wp\/v2\/product_cat?post=4048"},{"taxonomy":"product_tag","embeddable":true,"href":"https:\/\/biorganic-rim.com\/en\/wp-json\/wp\/v2\/product_tag?post=4048"}],"curies":[{"name":"wp","href":"https:\/\/api.w.org\/{rel}","templated":true}]}}