{"id":4051,"date":"2026-01-23T19:56:30","date_gmt":"2026-01-23T19:56:30","guid":{"rendered":"https:\/\/biorganic-rim.com\/?post_type=product&#038;p=4051"},"modified":"2026-02-12T12:10:20","modified_gmt":"2026-02-12T12:10:20","slug":"an-test-x-testesterone-support-120-capsules","status":"publish","type":"product","link":"https:\/\/biorganic-rim.com\/en\/product\/an-test-x-testesterone-support-120-capsules\/","title":{"rendered":"AN Test -X Testesterone support (120 capsules)"},"content":{"rendered":"<p>AN Test X \u2013 Testosterone Support<\/p>\n<p>\u0645\u0643\u0645\u0644 \u0637\u0628\u064a\u0639\u064a \u0644\u062f\u0639\u0645 \u0645\u0633\u062a\u0648\u064a\u0627\u062a \u0627\u0644\u062a\u0633\u062a\u0648\u0633\u062a\u064a\u0631\u0648\u0646 \u0644\u062f\u0649 \u0627\u0644\u0631\u062c\u0627\u0644\u060c \u0644\u062a\u0639\u0632\u064a\u0632 \u0627\u0644\u0637\u0627\u0642\u0629\u060c \u0627\u0644\u0642\u0648\u0629\u060c \u0627\u0644\u0623\u062f\u0627\u0621 \u0627\u0644\u0631\u064a\u0627\u0636\u064a\u060c \u0648\u0627\u0644\u0642\u062f\u0631\u0629 \u0639\u0644\u0649 \u0627\u0644\u062a\u062d\u0645\u0644. \u064a\u0633\u0627\u0639\u062f \u0639\u0644\u0649 \u062a\u062d\u0633\u064a\u0646 \u062a\u0643\u0648\u064a\u0646 \u0627\u0644\u0639\u0636\u0644\u0627\u062a\u060c \u062f\u0639\u0645 \u0627\u0644\u0635\u062d\u0629 \u0627\u0644\u062c\u0646\u0633\u064a\u0629\u060c \u0648\u0632\u064a\u0627\u062f\u0629 \u0627\u0644\u062d\u064a\u0648\u064a\u0629 \u0627\u0644\u064a\u0648\u0645\u064a\u0629 \u0628\u0637\u0631\u064a\u0642\u0629 \u0622\u0645\u0646\u0629 \u0648\u0641\u0639\u0651\u0627\u0644\u0629.<\/p>\n<p>\u0627\u0644\u0645\u0645\u064a\u0632\u0627\u062a:<\/p>\n<p>\u062f\u0639\u0645 \u0645\u0633\u062a\u0648\u064a\u0627\u062a \u0627\u0644\u062a\u0633\u062a\u0648\u0633\u062a\u064a\u0631\u0648\u0646 \u0627\u0644\u0637\u0628\u064a\u0639\u064a\u0629<\/p>\n<p>\u062a\u0639\u0632\u064a\u0632 \u0627\u0644\u0642\u0648\u0629 \u0648\u0627\u0644\u0642\u062f\u0631\u0629 \u0639\u0644\u0649 \u0627\u0644\u062a\u062d\u0645\u0644<\/p>\n<p>\u062a\u062d\u0633\u064a\u0646 \u062a\u0643\u0648\u064a\u0646 \u0627\u0644\u0639\u0636\u0644\u0627\u062a \u0648\u0627\u0644\u0623\u062f\u0627\u0621 \u0627\u0644\u0631\u064a\u0627\u0636\u064a<\/p>\n<p>\u0632\u064a\u0627\u062f\u0629 \u0627\u0644\u062d\u064a\u0648\u064a\u0629 \u0648\u0627\u0644\u0637\u0627\u0642\u0629 \u0627\u0644\u064a\u0648\u0645\u064a<\/p>\n<p>AN Test X \u2013 Testosterone Support<\/p>\n<p>Compl\u00e9ment naturel pour soutenir les niveaux de testost\u00e9rone chez l\u2019homme, favorisant \u00e9nergie, force, performance sportive et endurance. Aide \u00e0 am\u00e9liorer la composition musculaire, la sant\u00e9 sexuelle et la vitalit\u00e9 quotidienne de mani\u00e8re s\u00fbre et efficace.<\/p>\n<p>Avantages :<\/p>\n<p>Soutient les niveaux naturels de testost\u00e9rone<\/p>\n<p>Augmente la force et l\u2019endurance<\/p>\n<p>Am\u00e9liore la composition musculaire et la performance sportive<\/p>\n<p>Accro\u00eet \u00e9nergie et vitalit\u00e9 quotidienne<\/p>\n","protected":false},"excerpt":{"rendered":"<p>AN Test X \u2013 Testosterone Support \u0645\u0643\u0645\u0644 \u0637\u0628\u064a\u0639\u064a \u0644\u062f\u0639\u0645 \u0645\u0633\u062a\u0648\u064a\u0627\u062a \u0627\u0644\u062a\u0633\u062a\u0648\u0633\u062a\u064a\u0631\u0648\u0646 &#8230; <\/p>\n","protected":false},"featured_media":4459,"comment_status":"open","ping_status":"closed","template":"","meta":{"_joinchat":[]},"product_brand":[],"product_cat":[54],"product_tag":[],"class_list":{"0":"post-4051","1":"product","2":"type-product","3":"status-publish","4":"has-post-thumbnail","6":"product_cat-54","8":"first","9":"instock","10":"shipping-taxable","11":"purchasable","12":"product-type-simple"},"bundled_by":[],"bundle_stock_status":"instock","bundle_stock_quantity":null,"bundle_virtual":false,"bundle_layout":"","bundle_add_to_cart_form_location":"","bundle_editable_in_cart":false,"bundle_sold_individually_context":"","bundle_item_grouping":"","bundle_min_size":"","bundle_max_size":"","bundle_price":[],"bundled_items":[],"bundle_sell_ids":[],"_links":{"self":[{"href":"https:\/\/biorganic-rim.com\/en\/wp-json\/wp\/v2\/product\/4051","targetHints":{"allow":["GET"]}}],"collection":[{"href":"https:\/\/biorganic-rim.com\/en\/wp-json\/wp\/v2\/product"}],"about":[{"href":"https:\/\/biorganic-rim.com\/en\/wp-json\/wp\/v2\/types\/product"}],"replies":[{"embeddable":true,"href":"https:\/\/biorganic-rim.com\/en\/wp-json\/wp\/v2\/comments?post=4051"}],"wp:featuredmedia":[{"embeddable":true,"href":"https:\/\/biorganic-rim.com\/en\/wp-json\/wp\/v2\/media\/4459"}],"wp:attachment":[{"href":"https:\/\/biorganic-rim.com\/en\/wp-json\/wp\/v2\/media?parent=4051"}],"wp:term":[{"taxonomy":"product_brand","embeddable":true,"href":"https:\/\/biorganic-rim.com\/en\/wp-json\/wp\/v2\/product_brand?post=4051"},{"taxonomy":"product_cat","embeddable":true,"href":"https:\/\/biorganic-rim.com\/en\/wp-json\/wp\/v2\/product_cat?post=4051"},{"taxonomy":"product_tag","embeddable":true,"href":"https:\/\/biorganic-rim.com\/en\/wp-json\/wp\/v2\/product_tag?post=4051"}],"curies":[{"name":"wp","href":"https:\/\/api.w.org\/{rel}","templated":true}]}}