{"id":4054,"date":"2026-01-23T20:05:37","date_gmt":"2026-01-23T20:05:37","guid":{"rendered":"https:\/\/biorganic-rim.com\/?post_type=product&#038;p=4054"},"modified":"2026-02-11T10:54:53","modified_gmt":"2026-02-11T10:54:53","slug":"an-l-glutamine-powder-micronized500g-100-servings","status":"publish","type":"product","link":"https:\/\/biorganic-rim.com\/en\/product\/an-l-glutamine-powder-micronized500g-100-servings\/","title":{"rendered":"AN L -Glutamine powder micronized(500g \/ 100 servings)"},"content":{"rendered":"<p>AN L-Glutamine<\/p>\n<p>\u0645\u0643\u0645\u0644 \u0639\u0627\u0644\u064a \u0627\u0644\u062c\u0648\u062f\u0629 \u064a\u062d\u062a\u0648\u064a \u0639\u0644\u0649 \u062d\u0645\u0636 \u0627\u0644\u062c\u0644\u0648\u062a\u0627\u0645\u064a\u0646 \u0627\u0644\u0623\u0645\u064a\u0646\u064a \u0644\u062f\u0639\u0645 \u062a\u0639\u0627\u0641\u064a \u0627\u0644\u0639\u0636\u0644\u0627\u062a \u0628\u0639\u062f \u0627\u0644\u062a\u0645\u0627\u0631\u064a\u0646 \u0627\u0644\u0645\u0643\u062b\u0641\u0629\u060c \u062a\u0639\u0632\u064a\u0632 \u062c\u0647\u0627\u0632 \u0627\u0644\u0645\u0646\u0627\u0639\u0629\u060c \u0648\u0627\u0644\u062d\u0641\u0627\u0638 \u0639\u0644\u0649 \u0635\u062d\u0629 \u0627\u0644\u062c\u0647\u0627\u0632 \u0627\u0644\u0647\u0636\u0645\u064a. \u0645\u062b\u0627\u0644\u064a \u0644\u0644\u0631\u064a\u0627\u0636\u064a\u064a\u0646 \u0648\u0645\u0646 \u064a\u062a\u062f\u0631\u0628\u0648\u0646 \u0628\u0634\u0643\u0644 \u0645\u0643\u062b\u0641 \u0644\u0644\u062d\u0635\u0648\u0644 \u0639\u0644\u0649 \u0623\u062f\u0627\u0621 \u0623\u0641\u0636\u0644 \u0648\u0639\u0636\u0644\u0627\u062a \u0623\u0643\u062b\u0631 \u0635\u062d\u0629.<\/p>\n<p>\u0627\u0644\u0645\u0645\u064a\u0632\u0627\u062a:<\/p>\n<p>\u062f\u0639\u0645 \u062a\u0639\u0627\u0641\u064a \u0627\u0644\u0639\u0636\u0644\u0627\u062a \u0628\u0639\u062f \u0627\u0644\u062a\u0645\u0631\u064a\u0646<\/p>\n<p>\u062a\u0639\u0632\u064a\u0632 \u062c\u0647\u0627\u0632 \u0627\u0644\u0645\u0646\u0627\u0639\u0629<\/p>\n<p>\u062f\u0639\u0645 \u0635\u062d\u0629 \u0627\u0644\u062c\u0647\u0627\u0632 \u0627\u0644\u0647\u0636\u0645\u064a<\/p>\n<p>100% \u062c\u0644\u0648\u062a\u0627\u0645\u064a\u0646 \u0646\u0642\u064a \u0648\u0641\u0639\u0627\u0644<\/p>\n<p>AN L-Glutamine<\/p>\n<p>Compl\u00e9ment de haute qualit\u00e9 \u00e0 base de glutamine pour soutenir la r\u00e9cup\u00e9ration musculaire apr\u00e8s des entra\u00eenements intensifs, renforcer le syst\u00e8me immunitaire et maintenir la sant\u00e9 digestive. Parfait pour les sportifs et les personnes s\u2019entra\u00eenant intensivement.<\/p>\n<p>Avantages :<\/p>\n<p>Favorise la r\u00e9cup\u00e9ration musculaire apr\u00e8s l\u2019effort<\/p>\n<p>Renforce le syst\u00e8me immunitaire<\/p>\n<p>Soutient la sant\u00e9 digestive<\/p>\n<p>Glutamine pure et efficace \u00e0 100 %<\/p>\n","protected":false},"excerpt":{"rendered":"<p>AN L-Glutamine \u0645\u0643\u0645\u0644 \u0639\u0627\u0644\u064a \u0627\u0644\u062c\u0648\u062f\u0629 \u064a\u062d\u062a\u0648\u064a \u0639\u0644\u0649 \u062d\u0645\u0636 \u0627\u0644\u062c\u0644\u0648\u062a\u0627\u0645\u064a\u0646 \u0627\u0644\u0623\u0645\u064a\u0646\u064a \u0644\u062f\u0639\u0645 &#8230; <\/p>\n","protected":false},"featured_media":4337,"comment_status":"open","ping_status":"closed","template":"","meta":{"_joinchat":[]},"product_brand":[],"product_cat":[55],"product_tag":[],"class_list":{"0":"post-4054","1":"product","2":"type-product","3":"status-publish","4":"has-post-thumbnail","6":"product_cat-55","8":"first","9":"instock","10":"shipping-taxable","11":"purchasable","12":"product-type-simple"},"bundled_by":[],"bundle_stock_status":"instock","bundle_stock_quantity":null,"bundle_virtual":false,"bundle_layout":"","bundle_add_to_cart_form_location":"","bundle_editable_in_cart":false,"bundle_sold_individually_context":"","bundle_item_grouping":"","bundle_min_size":"","bundle_max_size":"","bundle_price":[],"bundled_items":[],"bundle_sell_ids":[],"_links":{"self":[{"href":"https:\/\/biorganic-rim.com\/en\/wp-json\/wp\/v2\/product\/4054","targetHints":{"allow":["GET"]}}],"collection":[{"href":"https:\/\/biorganic-rim.com\/en\/wp-json\/wp\/v2\/product"}],"about":[{"href":"https:\/\/biorganic-rim.com\/en\/wp-json\/wp\/v2\/types\/product"}],"replies":[{"embeddable":true,"href":"https:\/\/biorganic-rim.com\/en\/wp-json\/wp\/v2\/comments?post=4054"}],"wp:featuredmedia":[{"embeddable":true,"href":"https:\/\/biorganic-rim.com\/en\/wp-json\/wp\/v2\/media\/4337"}],"wp:attachment":[{"href":"https:\/\/biorganic-rim.com\/en\/wp-json\/wp\/v2\/media?parent=4054"}],"wp:term":[{"taxonomy":"product_brand","embeddable":true,"href":"https:\/\/biorganic-rim.com\/en\/wp-json\/wp\/v2\/product_brand?post=4054"},{"taxonomy":"product_cat","embeddable":true,"href":"https:\/\/biorganic-rim.com\/en\/wp-json\/wp\/v2\/product_cat?post=4054"},{"taxonomy":"product_tag","embeddable":true,"href":"https:\/\/biorganic-rim.com\/en\/wp-json\/wp\/v2\/product_tag?post=4054"}],"curies":[{"name":"wp","href":"https:\/\/api.w.org\/{rel}","templated":true}]}}