{"id":4057,"date":"2026-01-23T20:31:50","date_gmt":"2026-01-23T20:31:50","guid":{"rendered":"https:\/\/biorganic-rim.com\/?post_type=product&#038;p=4057"},"modified":"2026-01-23T20:32:27","modified_gmt":"2026-01-23T20:32:27","slug":"gat-sport-testrol-gold-es-60tablets","status":"publish","type":"product","link":"https:\/\/biorganic-rim.com\/en\/product\/gat-sport-testrol-gold-es-60tablets\/","title":{"rendered":"Gat sport Testrol gold es (60tablets )"},"content":{"rendered":"<p>GAT Testrol Gold ES \u0647\u0648 \u0645\u0643\u0645\u0644 \u063a\u0630\u0627\u0626\u064a \u0644\u062a\u0639\u0632\u064a\u0632 \u0627\u0644\u062a\u0633\u062a\u0648\u0633\u062a\u064a\u0631\u0648\u0646 \u0637\u0628\u064a\u0639\u064a\u064b\u0627 \u0644\u062f\u0649 \u0627\u0644\u0631\u062c\u0627\u0644\u060c \u064a\u062f\u0639\u0645 \u0627\u0644\u0642\u0648\u0629\u060c \u0627\u0644\u062a\u062d\u0645\u0644\u060c \u0648\u0628\u0646\u0627\u0621 \u0627\u0644\u0639\u0636\u0644\u0627\u062a\u060c \u0648\u064a\u0633\u0627\u0639\u062f \u0639\u0644\u0649 \u062a\u062d\u0633\u064a\u0646 \u0627\u0644\u0623\u062f\u0627\u0621 \u0627\u0644\u0628\u062f\u0646\u064a \u0648\u0627\u0644\u062a\u0648\u0627\u0632\u0646 \u0627\u0644\u0647\u0631\u0645\u0648\u0646\u064a. \u0645\u0646\u0627\u0633\u0628 \u0644\u0644\u0631\u062c\u0627\u0644 \u0627\u0644\u0628\u0627\u0644\u063a\u064a\u0646 \u0627\u0644\u0628\u0627\u062d\u062b\u064a\u0646 \u0639\u0646 \u062a\u0639\u0632\u064a\u0632 \u0637\u0627\u0642\u0627\u062a\u0647\u0645 \u0648\u0623\u062f\u0627\u0626\u0647\u0645 \u0627\u0644\u0631\u064a\u0627\u0636\u064a.<\/p>\n<p>GAT Testrol Gold ES est un compl\u00e9ment alimentaire con\u00e7u pour stimuler naturellement la production de testost\u00e9rone chez les hommes. Il soutient la force, l\u2019endurance et le d\u00e9veloppement musculaire, tout en am\u00e9liorant les performances physiques et l\u2019\u00e9quilibre hormonal. Id\u00e9al pour les hommes adultes souhaitant optimiser leur \u00e9nergie et leur performance spor<\/p>\n","protected":false},"excerpt":{"rendered":"<p>GAT Testrol Gold ES \u0647\u0648 \u0645\u0643\u0645\u0644 \u063a\u0630\u0627\u0626\u064a \u0644\u062a\u0639\u0632\u064a\u0632 \u0627\u0644\u062a\u0633\u062a\u0648\u0633\u062a\u064a\u0631\u0648\u0646 \u0637\u0628\u064a\u0639\u064a\u064b\u0627 \u0644\u062f\u0649 &#8230; <\/p>\n","protected":false},"featured_media":4055,"comment_status":"open","ping_status":"closed","template":"","meta":{"_joinchat":[]},"product_brand":[],"product_cat":[54],"product_tag":[],"class_list":{"0":"post-4057","1":"product","2":"type-product","3":"status-publish","4":"has-post-thumbnail","6":"product_cat-54","8":"first","9":"instock","10":"shipping-taxable","11":"purchasable","12":"product-type-simple"},"bundled_by":[],"bundle_stock_status":"instock","bundle_stock_quantity":null,"bundle_virtual":false,"bundle_layout":"","bundle_add_to_cart_form_location":"","bundle_editable_in_cart":false,"bundle_sold_individually_context":"","bundle_item_grouping":"","bundle_min_size":"","bundle_max_size":"","bundle_price":[],"bundled_items":[],"bundle_sell_ids":[],"_links":{"self":[{"href":"https:\/\/biorganic-rim.com\/en\/wp-json\/wp\/v2\/product\/4057","targetHints":{"allow":["GET"]}}],"collection":[{"href":"https:\/\/biorganic-rim.com\/en\/wp-json\/wp\/v2\/product"}],"about":[{"href":"https:\/\/biorganic-rim.com\/en\/wp-json\/wp\/v2\/types\/product"}],"replies":[{"embeddable":true,"href":"https:\/\/biorganic-rim.com\/en\/wp-json\/wp\/v2\/comments?post=4057"}],"wp:featuredmedia":[{"embeddable":true,"href":"https:\/\/biorganic-rim.com\/en\/wp-json\/wp\/v2\/media\/4055"}],"wp:attachment":[{"href":"https:\/\/biorganic-rim.com\/en\/wp-json\/wp\/v2\/media?parent=4057"}],"wp:term":[{"taxonomy":"product_brand","embeddable":true,"href":"https:\/\/biorganic-rim.com\/en\/wp-json\/wp\/v2\/product_brand?post=4057"},{"taxonomy":"product_cat","embeddable":true,"href":"https:\/\/biorganic-rim.com\/en\/wp-json\/wp\/v2\/product_cat?post=4057"},{"taxonomy":"product_tag","embeddable":true,"href":"https:\/\/biorganic-rim.com\/en\/wp-json\/wp\/v2\/product_tag?post=4057"}],"curies":[{"name":"wp","href":"https:\/\/api.w.org\/{rel}","templated":true}]}}