{"id":4060,"date":"2026-01-23T21:02:35","date_gmt":"2026-01-23T21:02:35","guid":{"rendered":"https:\/\/biorganic-rim.com\/?post_type=product&#038;p=4060"},"modified":"2026-04-13T18:15:14","modified_gmt":"2026-04-13T18:15:14","slug":"an-hydration-electrolyte-vitamin-powder-240g-30-servings","status":"publish","type":"product","link":"https:\/\/biorganic-rim.com\/en\/product\/an-hydration-electrolyte-vitamin-powder-240g-30-servings\/","title":{"rendered":"AN Hydration electrolyte &amp;vitamin powder (240g \/ 30 servings)"},"content":{"rendered":"<p>AN Hydration Electrolyte &amp; Vitamin Powder \u2013 \u0645\u0633\u062d\u0648\u0642 \u0645\u0628\u062a\u0643\u0631 \u0644\u0644\u062a\u0631\u0637\u064a\u0628 \u0648\u062a\u0639\u0648\u064a\u0636 \u0627\u0644\u0645\u0639\u0627\u062f\u0646 \u0648\u0627\u0644\u0641\u064a\u062a\u0627\u0645\u064a\u0646\u0627\u062a \u0627\u0644\u0636\u0631\u0648\u0631\u064a\u0629 \u0644\u0644\u062c\u0633\u0645.<\/p>\n<p>\u064a\u062f\u0639\u0645 \u0647\u0630\u0627 \u0627\u0644\u0645\u0643\u0645\u0644 \u0627\u0644\u0631\u064a\u0627\u0636\u064a \u0625\u0639\u0627\u062f\u0629 \u062a\u0648\u0627\u0632\u0646 \u0627\u0644\u0625\u0644\u0643\u062a\u0631\u0648\u0644\u064a\u062a\u0627\u062a \u0648\u062a\u0639\u0632\u064a\u0632 \u0627\u0644\u0637\u0627\u0642\u0629 \u0648\u0627\u0644\u0645\u0646\u0627\u0639\u0629 \u0623\u062b\u0646\u0627\u0621 \u0648\u0628\u0639\u062f \u0627\u0644\u062a\u0645\u0627\u0631\u064a\u0646 \u0623\u0648 \u0641\u064a \u0623\u0648\u0642\u0627\u062a \u0627\u0644\u062a\u0639\u0628 \u0648\u0627\u0644\u0625\u0631\u0647\u0627\u0642. \u063a\u0646\u064a \u0628\u0627\u0644\u0635\u0648\u062f\u064a\u0648\u0645\u060c \u0627\u0644\u0628\u0648\u062a\u0627\u0633\u064a\u0648\u0645\u060c \u0627\u0644\u0645\u063a\u0646\u064a\u0633\u064a\u0648\u0645\u060c \u0648\u0627\u0644\u0643\u0627\u0644\u0633\u064a\u0648\u0645 \u0645\u0639 \u0641\u064a\u062a\u0627\u0645\u064a\u0646\u0627\u062a C \u0648B \u0644\u062a\u0648\u0641\u064a\u0631 \u062a\u0631\u0637\u064a\u0628 \u0641\u0639\u0651\u0627\u0644 \u0648\u062a\u0639\u0627\u0641\u064a \u0623\u0633\u0631\u0639.<\/p>\n<p>\u0645\u062b\u0627\u0644\u064a \u0644\u0644\u0631\u064a\u0627\u0636\u064a\u064a\u0646\u060c \u0645\u062d\u0628\u064a \u0627\u0644\u0644\u064a\u0627\u0642\u0629 \u0627\u0644\u0628\u062f\u0646\u064a\u0629\u060c \u0648\u0643\u0644 \u0645\u0646 \u064a\u062d\u062a\u0627\u062c \u0644\u062a\u0639\u0648\u064a\u0636 \u0627\u0644\u0645\u0639\u0627\u062f\u0646 \u0648\u0627\u0644\u0633\u0648\u0627\u0626\u0644 \u0628\u0633\u0631\u0639\u0629. \u0633\u0647\u0644 \u0627\u0644\u062a\u062d\u0636\u064a\u0631\u060c \u0633\u0631\u064a\u0639 \u0627\u0644\u0627\u0645\u062a\u0635\u0627\u0635\u060c \u0648\u064a\u0645\u0646\u062d \u0634\u0639\u0648\u0631\u064b\u0627 \u0645\u0646\u0639\u0634\u064b\u0627 \u0648\u062d\u064a\u0648\u064a\u064b\u0627<\/p>\n<p>AN Hydration Electrolyte &amp; Vitamin Powder \u2013 une poudre innovante pour l\u2019hydratation et la recharge en min\u00e9raux et vitamines essentiels.<\/p>\n<p>Ce compl\u00e9ment sportif aide \u00e0 r\u00e9\u00e9quilibrer les \u00e9lectrolytes, booster l\u2019\u00e9nergie et soutenir le syst\u00e8me immunitaire avant, pendant ou apr\u00e8s l\u2019effort. Riche en sodium, potassium, magn\u00e9sium et calcium, ainsi qu\u2019en vitamines C et B, il assure une hydratation efficace et une r\u00e9cup\u00e9ration rapide.<\/p>\n<p>Parfait pour les sportifs, les amateurs de fitness et tous ceux qui ont besoin de reconstituer rapidement leurs min\u00e9raux et liquides. Facile \u00e0 pr\u00e9parer, rapidement absorb\u00e9, et procure une sensation rafra\u00eechissante et revitalisante.<\/p>\n","protected":false},"excerpt":{"rendered":"<p>AN Hydration Electrolyte &amp; Vitamin Powder \u2013 \u0645\u0633\u062d\u0648\u0642 \u0645\u0628\u062a\u0643\u0631 \u0644\u0644\u062a\u0631\u0637\u064a\u0628 \u0648\u062a\u0639\u0648\u064a\u0636 &#8230; <\/p>\n","protected":false},"featured_media":4310,"comment_status":"open","ping_status":"closed","template":"","meta":{"_joinchat":[]},"product_brand":[],"product_cat":[54],"product_tag":[],"class_list":{"0":"post-4060","1":"product","2":"type-product","3":"status-publish","4":"has-post-thumbnail","6":"product_cat-54","8":"first","9":"outofstock","10":"shipping-taxable","11":"purchasable","12":"product-type-simple"},"bundled_by":[],"bundle_stock_status":"outofstock","bundle_stock_quantity":null,"bundle_virtual":false,"bundle_layout":"","bundle_add_to_cart_form_location":"","bundle_editable_in_cart":false,"bundle_sold_individually_context":"","bundle_item_grouping":"","bundle_min_size":"","bundle_max_size":"","bundle_price":[],"bundled_items":[],"bundle_sell_ids":[],"_links":{"self":[{"href":"https:\/\/biorganic-rim.com\/en\/wp-json\/wp\/v2\/product\/4060","targetHints":{"allow":["GET"]}}],"collection":[{"href":"https:\/\/biorganic-rim.com\/en\/wp-json\/wp\/v2\/product"}],"about":[{"href":"https:\/\/biorganic-rim.com\/en\/wp-json\/wp\/v2\/types\/product"}],"replies":[{"embeddable":true,"href":"https:\/\/biorganic-rim.com\/en\/wp-json\/wp\/v2\/comments?post=4060"}],"wp:featuredmedia":[{"embeddable":true,"href":"https:\/\/biorganic-rim.com\/en\/wp-json\/wp\/v2\/media\/4310"}],"wp:attachment":[{"href":"https:\/\/biorganic-rim.com\/en\/wp-json\/wp\/v2\/media?parent=4060"}],"wp:term":[{"taxonomy":"product_brand","embeddable":true,"href":"https:\/\/biorganic-rim.com\/en\/wp-json\/wp\/v2\/product_brand?post=4060"},{"taxonomy":"product_cat","embeddable":true,"href":"https:\/\/biorganic-rim.com\/en\/wp-json\/wp\/v2\/product_cat?post=4060"},{"taxonomy":"product_tag","embeddable":true,"href":"https:\/\/biorganic-rim.com\/en\/wp-json\/wp\/v2\/product_tag?post=4060"}],"curies":[{"name":"wp","href":"https:\/\/api.w.org\/{rel}","templated":true}]}}