{"id":4075,"date":"2026-01-30T17:42:31","date_gmt":"2026-01-30T17:42:31","guid":{"rendered":"https:\/\/biorganic-rim.com\/?post_type=product&#038;p=4075"},"modified":"2026-03-26T17:07:38","modified_gmt":"2026-03-26T17:07:38","slug":"an-digestive-enzymes-60-capsules","status":"publish","type":"product","link":"https:\/\/biorganic-rim.com\/en\/product\/an-digestive-enzymes-60-capsules\/","title":{"rendered":"AN  Digestive Enzymes (60 capsules)"},"content":{"rendered":"<p>AN Digestive Enzyme \u0645\u0643\u0645\u0644 \u063a\u0630\u0627\u0626\u064a \u0645\u0635\u0645\u0645 \u0644\u062f\u0639\u0645 \u0635\u062d\u0629 \u0627\u0644\u062c\u0647\u0627\u0632 \u0627\u0644\u0647\u0636\u0645\u064a \u0648\u062a\u062d\u0633\u064a\u0646 \u0639\u0645\u0644\u064a\u0629 \u0627\u0644\u0647\u0636\u0645 \u0648\u0627\u0645\u062a\u0635\u0627\u0635 \u0627\u0644\u0639\u0646\u0627\u0635\u0631 \u0627\u0644\u063a\u0630\u0627\u0626\u064a\u0629.<\/p>\n<p>\u064a\u062d\u062a\u0648\u064a \u0639\u0644\u0649 \u0645\u0632\u064a\u062c \u0645\u0646 \u0627\u0644\u0625\u0646\u0632\u064a\u0645\u0627\u062a \u0627\u0644\u0647\u0627\u0636\u0645\u0629 \u0627\u0644\u062a\u064a \u062a\u0633\u0627\u0639\u062f \u0639\u0644\u0649 \u062a\u0643\u0633\u064a\u0631 \u0627\u0644\u0628\u0631\u0648\u062a\u064a\u0646\u0627\u062a\u060c \u0627\u0644\u0643\u0631\u0628\u0648\u0647\u064a\u062f\u0631\u0627\u062a \u0648\u0627\u0644\u062f\u0647\u0648\u0646\u060c \u0645\u0645\u0627 \u064a\u0633\u0627\u0647\u0645 \u0641\u064a \u062a\u0642\u0644\u064a\u0644 \u0627\u0644\u0627\u0646\u062a\u0641\u0627\u062e \u0648\u0627\u0644\u0634\u0639\u0648\u0631 \u0628\u0627\u0644\u062b\u0642\u0644 \u0628\u0639\u062f \u0627\u0644\u0623\u0643\u0644.<\/p>\n<p>\u0645\u0646\u0627\u0633\u0628 \u0644\u0644\u0631\u064a\u0627\u0636\u064a\u064a\u0646 \u0648\u0644\u0645\u0646 \u064a\u0639\u0627\u0646\u0648\u0646 \u0645\u0646 \u0635\u0639\u0648\u0628\u0629 \u0627\u0644\u0647\u0636\u0645 \u0623\u0648 \u0627\u0636\u0637\u0631\u0627\u0628\u0627\u062a \u0627\u0644\u0645\u0639\u062f\u0629 \u0627\u0644\u062e\u0641\u064a\u0641\u0629.<\/p>\n<p>AN Digestive Enzyme est un compl\u00e9ment alimentaire con\u00e7u pour soutenir la sant\u00e9 digestive et am\u00e9liorer la digestion ainsi que l\u2019absorption des nutriments.<\/p>\n<p>Sa formule \u00e0 base d\u2019enzymes digestives aide \u00e0 d\u00e9composer les prot\u00e9ines, les glucides et les lipides, contribuant ainsi \u00e0 r\u00e9duire les ballonnements et l\u2019inconfort apr\u00e8s les repas.<\/p>\n<p>Id\u00e9al pour les sportifs et les personnes ayant une digestion sensible.<\/p>\n","protected":false},"excerpt":{"rendered":"<p>AN Digestive Enzyme \u0645\u0643\u0645\u0644 \u063a\u0630\u0627\u0626\u064a \u0645\u0635\u0645\u0645 \u0644\u062f\u0639\u0645 \u0635\u062d\u0629 \u0627\u0644\u062c\u0647\u0627\u0632 \u0627\u0644\u0647\u0636\u0645\u064a \u0648\u062a\u062d\u0633\u064a\u0646 &#8230; <\/p>\n","protected":false},"featured_media":4073,"comment_status":"open","ping_status":"closed","template":"","meta":{"_joinchat":[]},"product_brand":[],"product_cat":[59],"product_tag":[],"class_list":{"0":"post-4075","1":"product","2":"type-product","3":"status-publish","4":"has-post-thumbnail","6":"product_cat-59","8":"first","9":"outofstock","10":"shipping-taxable","11":"purchasable","12":"product-type-simple"},"bundled_by":[],"bundle_stock_status":"outofstock","bundle_stock_quantity":null,"bundle_virtual":false,"bundle_layout":"","bundle_add_to_cart_form_location":"","bundle_editable_in_cart":false,"bundle_sold_individually_context":"","bundle_item_grouping":"","bundle_min_size":"","bundle_max_size":"","bundle_price":[],"bundled_items":[],"bundle_sell_ids":[],"_links":{"self":[{"href":"https:\/\/biorganic-rim.com\/en\/wp-json\/wp\/v2\/product\/4075","targetHints":{"allow":["GET"]}}],"collection":[{"href":"https:\/\/biorganic-rim.com\/en\/wp-json\/wp\/v2\/product"}],"about":[{"href":"https:\/\/biorganic-rim.com\/en\/wp-json\/wp\/v2\/types\/product"}],"replies":[{"embeddable":true,"href":"https:\/\/biorganic-rim.com\/en\/wp-json\/wp\/v2\/comments?post=4075"}],"wp:featuredmedia":[{"embeddable":true,"href":"https:\/\/biorganic-rim.com\/en\/wp-json\/wp\/v2\/media\/4073"}],"wp:attachment":[{"href":"https:\/\/biorganic-rim.com\/en\/wp-json\/wp\/v2\/media?parent=4075"}],"wp:term":[{"taxonomy":"product_brand","embeddable":true,"href":"https:\/\/biorganic-rim.com\/en\/wp-json\/wp\/v2\/product_brand?post=4075"},{"taxonomy":"product_cat","embeddable":true,"href":"https:\/\/biorganic-rim.com\/en\/wp-json\/wp\/v2\/product_cat?post=4075"},{"taxonomy":"product_tag","embeddable":true,"href":"https:\/\/biorganic-rim.com\/en\/wp-json\/wp\/v2\/product_tag?post=4075"}],"curies":[{"name":"wp","href":"https:\/\/api.w.org\/{rel}","templated":true}]}}