{"id":4081,"date":"2026-01-30T18:18:15","date_gmt":"2026-01-30T18:18:15","guid":{"rendered":"https:\/\/biorganic-rim.com\/?post_type=product&#038;p=4081"},"modified":"2026-03-26T17:07:06","modified_gmt":"2026-03-26T17:07:06","slug":"an-vitamin-b-complex-90-capsules","status":"publish","type":"product","link":"https:\/\/biorganic-rim.com\/en\/product\/an-vitamin-b-complex-90-capsules\/","title":{"rendered":"AN vitamin B complex (90 capsules)"},"content":{"rendered":"<p>AN B-Complex \u0645\u0643\u0645\u0644 \u063a\u0630\u0627\u0626\u064a \u0645\u062a\u0643\u0627\u0645\u0644 \u064a\u062d\u062a\u0648\u064a \u0639\u0644\u0649 \u0645\u062c\u0645\u0648\u0639\u0629 \u0641\u064a\u062a\u0627\u0645\u064a\u0646\u0627\u062a B \u0627\u0644\u0623\u0633\u0627\u0633\u064a\u0629 \u0627\u0644\u062a\u064a \u062a\u0644\u0639\u0628 \u062f\u0648\u0631\u064b\u0627 \u0645\u0647\u0645\u064b\u0627 \u0641\u064a \u062f\u0639\u0645 \u0627\u0644\u0637\u0627\u0642\u0629\u060c \u0635\u062d\u0629 \u0627\u0644\u062c\u0647\u0627\u0632 \u0627\u0644\u0639\u0635\u0628\u064a\u060c \u0648\u062a\u0642\u0644\u064a\u0644 \u0627\u0644\u062a\u0639\u0628 \u0648\u0627\u0644\u0625\u0631\u0647\u0627\u0642.<\/p>\n<p>\u064a\u0633\u0627\u0647\u0645 \u0641\u064a \u062a\u062d\u0633\u064a\u0646 \u0639\u0645\u0644\u064a\u0629 \u0627\u0644\u062a\u0645\u062b\u064a\u0644 \u0627\u0644\u063a\u0630\u0627\u0626\u064a\u060c \u062f\u0639\u0645 \u0627\u0644\u062a\u0631\u0643\u064a\u0632 \u0648\u0627\u0644\u0630\u0627\u0643\u0631\u0629\u060c \u0648\u0627\u0644\u062d\u0641\u0627\u0638 \u0639\u0644\u0649 \u0635\u062d\u0629 \u0627\u0644\u062c\u0644\u062f \u0648\u0627\u0644\u0634\u0639\u0631.<\/p>\n<p>\u0645\u0646\u0627\u0633\u0628 \u0644\u0644\u0631\u064a\u0627\u0636\u064a\u064a\u0646 \u0648\u0644\u0644\u0623\u0634\u062e\u0627\u0635 \u0627\u0644\u0630\u064a\u0646 \u064a\u0639\u0627\u0646\u0648\u0646 \u0645\u0646 \u0627\u0644\u0625\u062c\u0647\u0627\u062f \u0627\u0644\u0628\u062f\u0646\u064a \u0623\u0648 \u0627\u0644\u0630\u0647\u0646\u064a.<\/p>\n<p>AN B-Complex est un compl\u00e9ment alimentaire complet regroupant les vitamines essentielles du groupe B.<\/p>\n<p>Il contribue \u00e0 la production d\u2019\u00e9nergie, au bon fonctionnement du syst\u00e8me nerveux et \u00e0 la r\u00e9duction de la fatigue.<\/p>\n<p>Il soutient \u00e9galement le m\u00e9tabolisme, la concentration, ainsi que la sant\u00e9 de la peau et des cheveux.<\/p>\n<p>Id\u00e9al pour les sportifs et les personnes actives ou stress\u00e9es.<\/p>\n","protected":false},"excerpt":{"rendered":"<p>AN B-Complex \u0645\u0643\u0645\u0644 \u063a\u0630\u0627\u0626\u064a \u0645\u062a\u0643\u0627\u0645\u0644 \u064a\u062d\u062a\u0648\u064a \u0639\u0644\u0649 \u0645\u062c\u0645\u0648\u0639\u0629 \u0641\u064a\u062a\u0627\u0645\u064a\u0646\u0627\u062a B \u0627\u0644\u0623\u0633\u0627\u0633\u064a\u0629 &#8230; <\/p>\n","protected":false},"featured_media":4079,"comment_status":"open","ping_status":"closed","template":"","meta":{"_joinchat":[]},"product_brand":[],"product_cat":[59],"product_tag":[],"class_list":{"0":"post-4081","1":"product","2":"type-product","3":"status-publish","4":"has-post-thumbnail","6":"product_cat-59","8":"first","9":"outofstock","10":"shipping-taxable","11":"purchasable","12":"product-type-simple"},"bundled_by":[],"bundle_stock_status":"outofstock","bundle_stock_quantity":null,"bundle_virtual":false,"bundle_layout":"","bundle_add_to_cart_form_location":"","bundle_editable_in_cart":false,"bundle_sold_individually_context":"","bundle_item_grouping":"","bundle_min_size":"","bundle_max_size":"","bundle_price":[],"bundled_items":[],"bundle_sell_ids":[],"_links":{"self":[{"href":"https:\/\/biorganic-rim.com\/en\/wp-json\/wp\/v2\/product\/4081","targetHints":{"allow":["GET"]}}],"collection":[{"href":"https:\/\/biorganic-rim.com\/en\/wp-json\/wp\/v2\/product"}],"about":[{"href":"https:\/\/biorganic-rim.com\/en\/wp-json\/wp\/v2\/types\/product"}],"replies":[{"embeddable":true,"href":"https:\/\/biorganic-rim.com\/en\/wp-json\/wp\/v2\/comments?post=4081"}],"wp:featuredmedia":[{"embeddable":true,"href":"https:\/\/biorganic-rim.com\/en\/wp-json\/wp\/v2\/media\/4079"}],"wp:attachment":[{"href":"https:\/\/biorganic-rim.com\/en\/wp-json\/wp\/v2\/media?parent=4081"}],"wp:term":[{"taxonomy":"product_brand","embeddable":true,"href":"https:\/\/biorganic-rim.com\/en\/wp-json\/wp\/v2\/product_brand?post=4081"},{"taxonomy":"product_cat","embeddable":true,"href":"https:\/\/biorganic-rim.com\/en\/wp-json\/wp\/v2\/product_cat?post=4081"},{"taxonomy":"product_tag","embeddable":true,"href":"https:\/\/biorganic-rim.com\/en\/wp-json\/wp\/v2\/product_tag?post=4081"}],"curies":[{"name":"wp","href":"https:\/\/api.w.org\/{rel}","templated":true}]}}