{"id":4084,"date":"2026-01-30T18:25:58","date_gmt":"2026-01-30T18:25:58","guid":{"rendered":"https:\/\/biorganic-rim.com\/?post_type=product&#038;p=4084"},"modified":"2026-03-26T16:30:38","modified_gmt":"2026-03-26T16:30:38","slug":"gat-sport-joint-support-60-tables","status":"publish","type":"product","link":"https:\/\/biorganic-rim.com\/en\/product\/gat-sport-joint-support-60-tables\/","title":{"rendered":"Gat sport joint support (60 tables)"},"content":{"rendered":"<p>GAT Sport Joint Support \u0645\u0643\u0645\u0644 \u063a\u0630\u0627\u0626\u064a \u0645\u0635\u0645\u0645 \u0644\u062f\u0639\u0645 \u0635\u062d\u0629 \u0627\u0644\u0645\u0641\u0627\u0635\u0644 \u0648\u0627\u0644\u063a\u0636\u0627\u0631\u064a\u0641\u060c \u0648\u0627\u0644\u0645\u0633\u0627\u0639\u062f\u0629 \u0639\u0644\u0649 \u062a\u062d\u0633\u064a\u0646 \u0627\u0644\u0645\u0631\u0648\u0646\u0629 \u0648\u062a\u0642\u0644\u064a\u0644 \u0627\u0644\u062a\u064a\u0628\u0633 \u0627\u0644\u0646\u0627\u062a\u062c \u0639\u0646 \u0627\u0644\u062a\u0645\u0627\u0631\u064a\u0646 \u0627\u0644\u0645\u0643\u062b\u0641\u0629 \u0623\u0648 \u0627\u0644\u062c\u0647\u062f \u0627\u0644\u064a\u0648\u0645\u064a.<\/p>\n<p>\u062a\u062d\u062a\u0648\u064a \u062a\u0631\u0643\u064a\u0628\u062a\u0647 \u0639\u0644\u0649 \u0645\u0643\u0648\u0646\u0627\u062a \u0641\u0639\u0627\u0644\u0629 \u062a\u0633\u0627\u0647\u0645 \u0641\u064a \u062d\u0645\u0627\u064a\u0629 \u0627\u0644\u0645\u0641\u0627\u0635\u0644 \u0648\u062f\u0639\u0645 \u0627\u0644\u062d\u0631\u0643\u0629 \u0627\u0644\u0637\u0628\u064a\u0639\u064a\u0629\u060c \u0645\u0645\u0627 \u064a\u062c\u0639\u0644\u0647 \u0645\u0646\u0627\u0633\u0628\u064b\u0627 \u0644\u0644\u0631\u064a\u0627\u0636\u064a\u064a\u0646 \u0648\u0627\u0644\u0623\u0634\u062e\u0627\u0635 \u0627\u0644\u0646\u0634\u0637\u064a\u0646 \u0628\u062f\u0646\u064a\u064b\u0627.<\/p>\n<p>\u064a\u0633\u0627\u0639\u062f \u0639\u0644\u0649 \u0627\u0644\u062d\u0641\u0627\u0638 \u0639\u0644\u0649 \u0631\u0627\u062d\u0629 \u0627\u0644\u0645\u0641\u0627\u0635\u0644 \u0648\u062f\u0639\u0645 \u0627\u0644\u0623\u062f\u0627\u0621 \u0627\u0644\u062d\u0631\u0643\u064a \u0639\u0644\u0649 \u0627\u0644\u0645\u062f\u0649 \u0627\u0644\u0637\u0648\u064a\u0644.<\/p>\n<p>GAT Sport Joint Support est un compl\u00e9ment alimentaire formul\u00e9 pour soutenir la sant\u00e9 des articulations et du cartilage, am\u00e9liorer la mobilit\u00e9 et r\u00e9duire la raideur li\u00e9e \u00e0 l\u2019activit\u00e9 physique ou \u00e0 l\u2019effort quotidien.<\/p>\n<p>Sa formule contient des ingr\u00e9dients actifs qui aident \u00e0 prot\u00e9ger les articulations et \u00e0 maintenir une mobilit\u00e9 optimale.<\/p>\n<p>Id\u00e9al pour les sportifs et les personnes physiquement actives.<\/p>\n","protected":false},"excerpt":{"rendered":"<p>GAT Sport Joint Support \u0645\u0643\u0645\u0644 \u063a\u0630\u0627\u0626\u064a \u0645\u0635\u0645\u0645 \u0644\u062f\u0639\u0645 \u0635\u062d\u0629 \u0627\u0644\u0645\u0641\u0627\u0635\u0644 \u0648\u0627\u0644\u063a\u0636\u0627\u0631\u064a\u0641\u060c &#8230; <\/p>\n","protected":false},"featured_media":4407,"comment_status":"open","ping_status":"closed","template":"","meta":{"_joinchat":[]},"product_brand":[],"product_cat":[59],"product_tag":[],"class_list":{"0":"post-4084","1":"product","2":"type-product","3":"status-publish","4":"has-post-thumbnail","6":"product_cat-59","8":"first","9":"outofstock","10":"shipping-taxable","11":"purchasable","12":"product-type-simple"},"bundled_by":[],"bundle_stock_status":"outofstock","bundle_stock_quantity":null,"bundle_virtual":false,"bundle_layout":"","bundle_add_to_cart_form_location":"","bundle_editable_in_cart":false,"bundle_sold_individually_context":"","bundle_item_grouping":"","bundle_min_size":"","bundle_max_size":"","bundle_price":[],"bundled_items":[],"bundle_sell_ids":[],"_links":{"self":[{"href":"https:\/\/biorganic-rim.com\/en\/wp-json\/wp\/v2\/product\/4084","targetHints":{"allow":["GET"]}}],"collection":[{"href":"https:\/\/biorganic-rim.com\/en\/wp-json\/wp\/v2\/product"}],"about":[{"href":"https:\/\/biorganic-rim.com\/en\/wp-json\/wp\/v2\/types\/product"}],"replies":[{"embeddable":true,"href":"https:\/\/biorganic-rim.com\/en\/wp-json\/wp\/v2\/comments?post=4084"}],"wp:featuredmedia":[{"embeddable":true,"href":"https:\/\/biorganic-rim.com\/en\/wp-json\/wp\/v2\/media\/4407"}],"wp:attachment":[{"href":"https:\/\/biorganic-rim.com\/en\/wp-json\/wp\/v2\/media?parent=4084"}],"wp:term":[{"taxonomy":"product_brand","embeddable":true,"href":"https:\/\/biorganic-rim.com\/en\/wp-json\/wp\/v2\/product_brand?post=4084"},{"taxonomy":"product_cat","embeddable":true,"href":"https:\/\/biorganic-rim.com\/en\/wp-json\/wp\/v2\/product_cat?post=4084"},{"taxonomy":"product_tag","embeddable":true,"href":"https:\/\/biorganic-rim.com\/en\/wp-json\/wp\/v2\/product_tag?post=4084"}],"curies":[{"name":"wp","href":"https:\/\/api.w.org\/{rel}","templated":true}]}}