{"id":4091,"date":"2026-01-30T18:44:53","date_gmt":"2026-01-30T18:44:53","guid":{"rendered":"https:\/\/biorganic-rim.com\/?post_type=product&#038;p=4091"},"modified":"2026-04-19T20:01:53","modified_gmt":"2026-04-19T20:01:53","slug":"now-probiotic-25-billion-50-capsules","status":"publish","type":"product","link":"https:\/\/biorganic-rim.com\/en\/product\/now-probiotic-25-billion-50-capsules\/","title":{"rendered":"Now probiotic 25 billion (50 capsules)"},"content":{"rendered":"<p>Probiotic-10\u2122 50 Billion \u0645\u0643\u0645\u0644 \u063a\u0630\u0627\u0626\u064a \u0645\u062a\u0637\u0648\u0631 \u064a\u062d\u062a\u0648\u064a \u0639\u0644\u0649 10 \u0633\u0644\u0627\u0644\u0627\u062a \u0645\u0646 \u0627\u0644\u0628\u0631\u0648\u0628\u064a\u0648\u062a\u064a\u0643 \u0628\u062a\u0631\u0643\u064a\u0632 \u0642\u0648\u064a \u064a\u0635\u0644 \u0625\u0644\u0649 50 \u0645\u0644\u064a\u0627\u0631 \u0648\u062d\u062f\u0629 \u062d\u064a\u0629\u060c \u0644\u062f\u0639\u0645 \u0635\u062d\u0629 \u0627\u0644\u062c\u0647\u0627\u0632 \u0627\u0644\u0647\u0636\u0645\u064a \u0648\u062a\u0639\u0632\u064a\u0632 \u062a\u0648\u0627\u0632\u0646 \u0627\u0644\u0628\u0643\u062a\u064a\u0631\u064a\u0627 \u0627\u0644\u0646\u0627\u0641\u0639\u0629 \u0641\u064a \u0627\u0644\u0623\u0645\u0639\u0627\u0621.<\/p>\n<p>\u064a\u0633\u0627\u0639\u062f \u0639\u0644\u0649 \u062a\u062d\u0633\u064a\u0646 \u0627\u0644\u0647\u0636\u0645\u060c \u062a\u0642\u0648\u064a\u0629 \u0627\u0644\u0645\u0646\u0627\u0639\u0629\u060c \u0648\u062a\u0642\u0644\u064a\u0644 \u0627\u0644\u0627\u0646\u062a\u0641\u0627\u062e \u0648\u0627\u0636\u0637\u0631\u0627\u0628\u0627\u062a \u0627\u0644\u062c\u0647\u0627\u0632 \u0627\u0644\u0647\u0636\u0645\u064a.<\/p>\n<p>\u0643\u0628\u0633\u0648\u0644\u0627\u062a \u0646\u0628\u0627\u062a\u064a\u0629 \u0639\u0627\u0644\u064a\u0629 \u0627\u0644\u062c\u0648\u062f\u0629\u060c \u0645\u0646\u0627\u0633\u0628\u0629 \u0644\u0644\u0627\u0633\u062a\u062e\u062f\u0627\u0645 \u0627\u0644\u064a\u0648\u0645\u064a.<\/p>\n<p>Probiotic-10\u2122 50 Billion est un compl\u00e9ment alimentaire avanc\u00e9 contenant 10 souches probiotiques avec une puissance de 50 milliards d\u2019unit\u00e9s vivantes.<\/p>\n<p>Il aide \u00e0 soutenir la sant\u00e9 digestive, \u00e0 \u00e9quilibrer la flore intestinale et \u00e0 renforcer le syst\u00e8me immunitaire.<\/p>\n<p>Il contribue \u00e9galement \u00e0 r\u00e9duire les ballonnements et l\u2019inconfort digestif.<\/p>\n<p>G\u00e9lules v\u00e9g\u00e9tariennes de haute qualit\u00e9, adapt\u00e9es \u00e0 un usage quotidien.<\/p>\n","protected":false},"excerpt":{"rendered":"<p>Probiotic-10\u2122 50 Billion \u0645\u0643\u0645\u0644 \u063a\u0630\u0627\u0626\u064a \u0645\u062a\u0637\u0648\u0631 \u064a\u062d\u062a\u0648\u064a \u0639\u0644\u0649 10 \u0633\u0644\u0627\u0644\u0627\u062a \u0645\u0646 &#8230; <\/p>\n","protected":false},"featured_media":4433,"comment_status":"open","ping_status":"closed","template":"","meta":{"_joinchat":[]},"product_brand":[],"product_cat":[59],"product_tag":[],"class_list":{"0":"post-4091","1":"product","2":"type-product","3":"status-publish","4":"has-post-thumbnail","6":"product_cat-59","8":"first","9":"outofstock","10":"shipping-taxable","11":"purchasable","12":"product-type-simple"},"bundled_by":[],"bundle_stock_status":"outofstock","bundle_stock_quantity":null,"bundle_virtual":false,"bundle_layout":"","bundle_add_to_cart_form_location":"","bundle_editable_in_cart":false,"bundle_sold_individually_context":"","bundle_item_grouping":"","bundle_min_size":"","bundle_max_size":"","bundle_price":[],"bundled_items":[],"bundle_sell_ids":[],"_links":{"self":[{"href":"https:\/\/biorganic-rim.com\/en\/wp-json\/wp\/v2\/product\/4091","targetHints":{"allow":["GET"]}}],"collection":[{"href":"https:\/\/biorganic-rim.com\/en\/wp-json\/wp\/v2\/product"}],"about":[{"href":"https:\/\/biorganic-rim.com\/en\/wp-json\/wp\/v2\/types\/product"}],"replies":[{"embeddable":true,"href":"https:\/\/biorganic-rim.com\/en\/wp-json\/wp\/v2\/comments?post=4091"}],"wp:featuredmedia":[{"embeddable":true,"href":"https:\/\/biorganic-rim.com\/en\/wp-json\/wp\/v2\/media\/4433"}],"wp:attachment":[{"href":"https:\/\/biorganic-rim.com\/en\/wp-json\/wp\/v2\/media?parent=4091"}],"wp:term":[{"taxonomy":"product_brand","embeddable":true,"href":"https:\/\/biorganic-rim.com\/en\/wp-json\/wp\/v2\/product_brand?post=4091"},{"taxonomy":"product_cat","embeddable":true,"href":"https:\/\/biorganic-rim.com\/en\/wp-json\/wp\/v2\/product_cat?post=4091"},{"taxonomy":"product_tag","embeddable":true,"href":"https:\/\/biorganic-rim.com\/en\/wp-json\/wp\/v2\/product_tag?post=4091"}],"curies":[{"name":"wp","href":"https:\/\/api.w.org\/{rel}","templated":true}]}}