{"id":4164,"date":"2026-01-31T17:49:43","date_gmt":"2026-01-31T17:49:43","guid":{"rendered":"https:\/\/biorganic-rim.com\/?post_type=product&#038;p=4164"},"modified":"2026-03-26T16:25:47","modified_gmt":"2026-03-26T16:25:47","slug":"basix-pure-creatine-500g","status":"publish","type":"product","link":"https:\/\/biorganic-rim.com\/en\/product\/basix-pure-creatine-500g\/","title":{"rendered":"BASIX PURE CREATINE (500G)"},"content":{"rendered":"<p>BASIX Pure Creatine \u2013 500g<\/p>\n<p>\u0645\u0643\u0645\u0644 \u0643\u0631\u064a\u0627\u062a\u064a\u0646 \u0646\u0642\u064a 100% \u0645\u0635\u0645\u0645 \u0644\u062f\u0639\u0645 \u0627\u0644\u0642\u0648\u0629 \u0627\u0644\u0628\u062f\u0646\u064a\u0629\u060c \u0632\u064a\u0627\u062f\u0629 \u0627\u0644\u0643\u062a\u0644\u0629 \u0627\u0644\u0639\u0636\u0644\u064a\u0629\u060c \u0648\u062a\u062d\u0633\u064a\u0646 \u0627\u0644\u0623\u062f\u0627\u0621 \u0627\u0644\u0631\u064a\u0627\u0636\u064a \u0623\u062b\u0646\u0627\u0621 \u0627\u0644\u062a\u0645\u0627\u0631\u064a\u0646 \u0639\u0627\u0644\u064a\u0629 \u0627\u0644\u0634\u062f\u0629. \u064a\u0633\u0627\u0639\u062f \u0627\u0644\u0643\u0631\u064a\u0627\u062a\u064a\u0646 \u0639\u0644\u0649 \u062a\u0639\u0632\u064a\u0632 \u0625\u0646\u062a\u0627\u062c \u0627\u0644\u0637\u0627\u0642\u0629 (ATP)\u060c \u0645\u0627 \u064a\u0633\u0627\u0647\u0645 \u0641\u064a \u0631\u0641\u0639 \u0627\u0644\u0642\u062f\u0631\u0629 \u0639\u0644\u0649 \u0627\u0644\u062a\u062d\u0645\u0644\u060c \u0632\u064a\u0627\u062f\u0629 \u0627\u0644\u0642\u0648\u0629\u060c \u0648\u062a\u0633\u0631\u064a\u0639 \u0627\u0644\u0627\u0633\u062a\u0634\u0641\u0627\u0621 \u0627\u0644\u0639\u0636\u0644\u064a.<\/p>\n<p>\u064a\u062a\u0645\u064a\u0632 \u0628\u0646\u0642\u0627\u0626\u0647 \u0627\u0644\u0639\u0627\u0644\u064a \u0648\u0633\u0647\u0648\u0644\u0629 \u0627\u0644\u0630\u0648\u0628\u0627\u0646\u060c \u0645\u0645\u0627 \u064a\u062c\u0639\u0644\u0647 \u0645\u0646\u0627\u0633\u0628\u064b\u0627 \u0644\u0644\u0627\u0633\u062a\u062e\u062f\u0627\u0645 \u0627\u0644\u064a\u0648\u0645\u064a \u0644\u062c\u0645\u064a\u0639 \u0627\u0644\u0631\u064a\u0627\u0636\u064a\u064a\u0646\u060c \u062e\u0635\u0648\u0635\u064b\u0627 \u0644\u0627\u0639\u0628\u064a \u0643\u0645\u0627\u0644 \u0627\u0644\u0623\u062c\u0633\u0627\u0645 \u0648\u0627\u0644\u0631\u064a\u0627\u0636\u064a\u064a\u0646 \u0627\u0644\u0628\u0627\u062d\u062b\u064a\u0646 \u0639\u0646 \u0623\u062f\u0627\u0621 \u0623\u0642\u0648\u0649 \u0648\u0646\u062a\u0627\u0626\u062c \u0623\u0633\u0631\u0639.<\/p>\n<p>\u0627\u0644\u0645\u0645\u064a\u0632\u0627\u062a:<\/p>\n<p>\u0643\u0631\u064a\u0627\u062a\u064a\u0646 \u0646\u0642\u064a 100%<\/p>\n<p>\u064a\u062f\u0639\u0645 \u0627\u0644\u0642\u0648\u0629 \u0648\u0627\u0644\u0637\u0627\u0642\u0629 \u0627\u0644\u0639\u0636\u0644\u064a\u0629<\/p>\n<p>\u064a\u0633\u0627\u0639\u062f \u0639\u0644\u0649 \u0632\u064a\u0627\u062f\u0629 \u0627\u0644\u0643\u062a\u0644\u0629 \u0627\u0644\u0639\u0636\u0644\u064a\u0629<\/p>\n<p>\u064a\u062d\u0633\u0646 \u0627\u0644\u0623\u062f\u0627\u0621 \u0641\u064a \u0627\u0644\u062a\u0645\u0627\u0631\u064a\u0646 \u0627\u0644\u0645\u0643\u062b\u0641\u0629<\/p>\n<p>\u0633\u0647\u0644 \u0627\u0644\u0630\u0648\u0628\u0627\u0646 \u0648\u0633\u0631\u064a\u0639 \u0627\u0644\u0627\u0645\u062a\u0635\u0627\u0635<\/p>\n<p>\u0645\u0646\u0627\u0633\u0628 \u0644\u0644\u0645\u0628\u062a\u062f\u0626\u064a\u0646 \u0648\u0627\u0644\u0645\u062d\u062a\u0631\u0641\u064a\u0646<\/p>\n<p>BASIX Pure Creatine \u2013 500g<\/p>\n<p>Un compl\u00e9ment de cr\u00e9atine 100 % pure, con\u00e7u pour am\u00e9liorer la force, augmenter la masse musculaire et optimiser les performances sportives lors des entra\u00eenements intensifs. La cr\u00e9atine contribue \u00e0 la production d\u2019\u00e9nergie (ATP), favorisant ainsi l\u2019endurance, la puissance et une meilleure r\u00e9cup\u00e9ration musculaire.<\/p>\n<p>Gr\u00e2ce \u00e0 sa haute puret\u00e9 et sa excellente solubilit\u00e9, elle est id\u00e9ale pour une utilisation quotidienne par tous les sportifs, notamment les pratiquants de musculation.<\/p>\n<p>Avantages :<\/p>\n<p>Cr\u00e9atine 100 % pure<\/p>\n<p>Augmente la force et l\u2019\u00e9nergie musculaire<\/p>\n<p>Favorise la prise de masse musculaire<\/p>\n<p>Am\u00e9liore les performances \u00e0 haute intensit\u00e9<\/p>\n<p>Excellente solubilit\u00e9 et absorption rapide<\/p>\n<p>Convient aux d\u00e9butants et aux athl\u00e8tes confirm\u00e9s<\/p>\n","protected":false},"excerpt":{"rendered":"<p>BASIX Pure Creatine \u2013 500g \u0645\u0643\u0645\u0644 \u0643\u0631\u064a\u0627\u062a\u064a\u0646 \u0646\u0642\u064a 100% \u0645\u0635\u0645\u0645 \u0644\u062f\u0639\u0645 &#8230; <\/p>\n","protected":false},"featured_media":4341,"comment_status":"open","ping_status":"closed","template":"","meta":{"_joinchat":[]},"product_brand":[],"product_cat":[55],"product_tag":[],"class_list":{"0":"post-4164","1":"product","2":"type-product","3":"status-publish","4":"has-post-thumbnail","6":"product_cat-55","8":"first","9":"outofstock","10":"shipping-taxable","11":"purchasable","12":"product-type-simple"},"bundled_by":[],"bundle_stock_status":"outofstock","bundle_stock_quantity":null,"bundle_virtual":false,"bundle_layout":"","bundle_add_to_cart_form_location":"","bundle_editable_in_cart":false,"bundle_sold_individually_context":"","bundle_item_grouping":"","bundle_min_size":"","bundle_max_size":"","bundle_price":[],"bundled_items":[],"bundle_sell_ids":[],"_links":{"self":[{"href":"https:\/\/biorganic-rim.com\/en\/wp-json\/wp\/v2\/product\/4164","targetHints":{"allow":["GET"]}}],"collection":[{"href":"https:\/\/biorganic-rim.com\/en\/wp-json\/wp\/v2\/product"}],"about":[{"href":"https:\/\/biorganic-rim.com\/en\/wp-json\/wp\/v2\/types\/product"}],"replies":[{"embeddable":true,"href":"https:\/\/biorganic-rim.com\/en\/wp-json\/wp\/v2\/comments?post=4164"}],"wp:featuredmedia":[{"embeddable":true,"href":"https:\/\/biorganic-rim.com\/en\/wp-json\/wp\/v2\/media\/4341"}],"wp:attachment":[{"href":"https:\/\/biorganic-rim.com\/en\/wp-json\/wp\/v2\/media?parent=4164"}],"wp:term":[{"taxonomy":"product_brand","embeddable":true,"href":"https:\/\/biorganic-rim.com\/en\/wp-json\/wp\/v2\/product_brand?post=4164"},{"taxonomy":"product_cat","embeddable":true,"href":"https:\/\/biorganic-rim.com\/en\/wp-json\/wp\/v2\/product_cat?post=4164"},{"taxonomy":"product_tag","embeddable":true,"href":"https:\/\/biorganic-rim.com\/en\/wp-json\/wp\/v2\/product_tag?post=4164"}],"curies":[{"name":"wp","href":"https:\/\/api.w.org\/{rel}","templated":true}]}}