{"id":4167,"date":"2026-01-31T17:56:08","date_gmt":"2026-01-31T17:56:08","guid":{"rendered":"https:\/\/biorganic-rim.com\/?post_type=product&#038;p=4167"},"modified":"2026-04-07T17:35:31","modified_gmt":"2026-04-07T17:35:31","slug":"an-creatine-monohydrate-icy-blue-razz-250g-50-servings","status":"publish","type":"product","link":"https:\/\/biorganic-rim.com\/en\/product\/an-creatine-monohydrate-icy-blue-razz-250g-50-servings\/","title":{"rendered":"AN CREATINE MONOHYDRATE ICY BLUE RAZZ (250G\/50 servings)"},"content":{"rendered":"<p>AN Creatine Monohydrate \u2013 Icy Blue Razz (250g)<\/p>\n<p>\u0645\u0643\u0645\u0644 \u0643\u0631\u064a\u0627\u062a\u064a\u0646 \u0645\u0648\u0646\u0648\u0647\u064a\u062f\u0631\u0627\u062a \u0639\u0627\u0644\u064a \u0627\u0644\u062c\u0648\u062f\u0629 \u0628\u0646\u0643\u0647\u0629 \u0645\u0646\u0639\u0634\u0629\u060c \u0645\u0635\u0645\u0645 \u0644\u062f\u0639\u0645 \u0627\u0644\u0642\u0648\u0629 \u0627\u0644\u0639\u0636\u0644\u064a\u0629\u060c \u0632\u064a\u0627\u062f\u0629 \u0627\u0644\u0643\u062a\u0644\u0629\u060c \u0648\u062a\u062d\u0633\u064a\u0646 \u0627\u0644\u0623\u062f\u0627\u0621 \u0627\u0644\u0631\u064a\u0627\u0636\u064a \u0623\u062b\u0646\u0627\u0621 \u0627\u0644\u062a\u0645\u0627\u0631\u064a\u0646 \u0639\u0627\u0644\u064a\u0629 \u0627\u0644\u0634\u062f\u0629. \u064a\u0633\u0627\u0639\u062f \u0639\u0644\u0649 \u0631\u0641\u0639 \u0645\u062e\u0632\u0648\u0646 \u0627\u0644\u0637\u0627\u0642\u0629 \u062f\u0627\u062e\u0644 \u0627\u0644\u0639\u0636\u0644\u0627\u062a (ATP)\u060c \u0645\u0645\u0627 \u064a\u0633\u0627\u0647\u0645 \u0641\u064a \u0623\u062f\u0627\u0621 \u0623\u0642\u0648\u0649\u060c \u062a\u0643\u0631\u0627\u0631\u0627\u062a \u0623\u0643\u062b\u0631\u060c \u0648\u0627\u0633\u062a\u0634\u0641\u0627\u0621 \u0623\u0633\u0631\u0639.<\/p>\n<p>\u064a\u062a\u0645\u064a\u0632 \u0628\u0633\u0647\u0648\u0644\u0629 \u0627\u0644\u0630\u0648\u0628\u0627\u0646 \u0648\u0637\u0639\u0645 Icy Blue Razz \u0627\u0644\u0644\u0630\u064a\u0630\u060c \u0645\u0627 \u064a\u062c\u0639\u0644\u0647 \u062e\u064a\u0627\u0631\u064b\u0627 \u0645\u062b\u0627\u0644\u064a\u064b\u0627 \u0644\u0644\u0627\u0633\u062a\u062e\u062f\u0627\u0645 \u0627\u0644\u064a\u0648\u0645\u064a \u0642\u0628\u0644 \u0623\u0648 \u0628\u0639\u062f \u0627\u0644\u062a\u0645\u0631\u064a\u0646 \u0644\u062c\u0645\u064a\u0639 \u0627\u0644\u0631\u064a\u0627\u0636\u064a\u064a\u0646.<\/p>\n<p>\u0627\u0644\u0645\u0645\u064a\u0632\u0627\u062a:<\/p>\n<p>\u0643\u0631\u064a\u0627\u062a\u064a\u0646 \u0645\u0648\u0646\u0648\u0647\u064a\u062f\u0631\u0627\u062a \u0639\u0627\u0644\u064a \u0627\u0644\u0646\u0642\u0627\u0621<\/p>\n<p>\u064a\u0639\u0632\u0632 \u0627\u0644\u0642\u0648\u0629 \u0648\u0627\u0644\u0637\u0627\u0642\u0629 \u0627\u0644\u0639\u0636\u0644\u064a\u0629<\/p>\n<p>\u064a\u062f\u0639\u0645 \u0632\u064a\u0627\u062f\u0629 \u0627\u0644\u0643\u062a\u0644\u0629 \u0627\u0644\u0639\u0636\u0644\u064a\u0629<\/p>\n<p>\u064a\u062d\u0633\u0646 \u0627\u0644\u0623\u062f\u0627\u0621 \u0641\u064a \u0627\u0644\u062a\u0645\u0627\u0631\u064a\u0646 \u0627\u0644\u0645\u0643\u062b\u0641\u0629<\/p>\n<p>\u0646\u0643\u0647\u0629 Icy Blue Razz \u0645\u0646\u0639\u0634\u0629<\/p>\n<p>\u0633\u0647\u0644 \u0627\u0644\u0630\u0648\u0628\u0627\u0646 \u0648\u0633\u0631\u064a\u0639 \u0627\u0644\u0627\u0645\u062a\u0635\u0627\u0635<\/p>\n<p>AN Creatine Monohydrate \u2013 Icy Blue Razz (250g)<\/p>\n<p>Un compl\u00e9ment de cr\u00e9atine monohydrate de haute qualit\u00e9, aromatis\u00e9 pour une exp\u00e9rience rafra\u00eechissante. Il aide \u00e0 augmenter la force, am\u00e9liorer les performances sportives et favoriser la prise de masse musculaire lors des entra\u00eenements \u00e0 haute intensit\u00e9, gr\u00e2ce \u00e0 une meilleure production d\u2019\u00e9nergie (ATP).<\/p>\n<p>Sa saveur agr\u00e9able Icy Blue Razz et sa excellente solubilit\u00e9 en font un choix id\u00e9al pour une utilisation quotidienne avant ou apr\u00e8s l\u2019entra\u00eenement.<\/p>\n<p>Avantages :<\/p>\n<p>Cr\u00e9atine monohydrate de haute puret\u00e9<\/p>\n<p>Am\u00e9liore la force et l\u2019\u00e9nergie musculaire<\/p>\n<p>Favorise la croissance musculaire<\/p>\n<p>Optimise les performances intensives<\/p>\n<p>Saveur Icy Blue Razz rafra\u00eechissante<\/p>\n<p>Facile \u00e0 m\u00e9langer et \u00e0 dig\u00e9rer<\/p>\n","protected":false},"excerpt":{"rendered":"<p>AN Creatine Monohydrate \u2013 Icy Blue Razz (250g) \u0645\u0643\u0645\u0644 \u0643\u0631\u064a\u0627\u062a\u064a\u0646 \u0645\u0648\u0646\u0648\u0647\u064a\u062f\u0631\u0627\u062a &#8230; <\/p>\n","protected":false},"featured_media":4481,"comment_status":"open","ping_status":"closed","template":"","meta":{"_joinchat":[]},"product_brand":[],"product_cat":[73],"product_tag":[],"class_list":{"0":"post-4167","1":"product","2":"type-product","3":"status-publish","4":"has-post-thumbnail","6":"product_cat-muscle-building-supplements","8":"first","9":"outofstock","10":"shipping-taxable","11":"purchasable","12":"product-type-simple"},"bundled_by":[],"bundle_stock_status":"outofstock","bundle_stock_quantity":null,"bundle_virtual":false,"bundle_layout":"","bundle_add_to_cart_form_location":"","bundle_editable_in_cart":false,"bundle_sold_individually_context":"","bundle_item_grouping":"","bundle_min_size":"","bundle_max_size":"","bundle_price":[],"bundled_items":[],"bundle_sell_ids":[],"_links":{"self":[{"href":"https:\/\/biorganic-rim.com\/en\/wp-json\/wp\/v2\/product\/4167","targetHints":{"allow":["GET"]}}],"collection":[{"href":"https:\/\/biorganic-rim.com\/en\/wp-json\/wp\/v2\/product"}],"about":[{"href":"https:\/\/biorganic-rim.com\/en\/wp-json\/wp\/v2\/types\/product"}],"replies":[{"embeddable":true,"href":"https:\/\/biorganic-rim.com\/en\/wp-json\/wp\/v2\/comments?post=4167"}],"wp:featuredmedia":[{"embeddable":true,"href":"https:\/\/biorganic-rim.com\/en\/wp-json\/wp\/v2\/media\/4481"}],"wp:attachment":[{"href":"https:\/\/biorganic-rim.com\/en\/wp-json\/wp\/v2\/media?parent=4167"}],"wp:term":[{"taxonomy":"product_brand","embeddable":true,"href":"https:\/\/biorganic-rim.com\/en\/wp-json\/wp\/v2\/product_brand?post=4167"},{"taxonomy":"product_cat","embeddable":true,"href":"https:\/\/biorganic-rim.com\/en\/wp-json\/wp\/v2\/product_cat?post=4167"},{"taxonomy":"product_tag","embeddable":true,"href":"https:\/\/biorganic-rim.com\/en\/wp-json\/wp\/v2\/product_tag?post=4167"}],"curies":[{"name":"wp","href":"https:\/\/api.w.org\/{rel}","templated":true}]}}