{"id":4170,"date":"2026-01-31T18:02:46","date_gmt":"2026-01-31T18:02:46","guid":{"rendered":"https:\/\/biorganic-rim.com\/?post_type=product&#038;p=4170"},"modified":"2026-01-31T18:03:50","modified_gmt":"2026-01-31T18:03:50","slug":"gat-creatine-monohydrate-500g-100srvings","status":"publish","type":"product","link":"https:\/\/biorganic-rim.com\/en\/product\/gat-creatine-monohydrate-500g-100srvings\/","title":{"rendered":"GAT CREATINE MONOHYDRATE (500g\/100srvings)"},"content":{"rendered":"<p>GAT Creatine Monohydrate 500g<\/p>\n<p>\u0645\u0643\u0645\u0644 \u0643\u0631\u064a\u0627\u062a\u064a\u0646 \u0645\u0648\u0646\u0648\u0647\u064a\u062f\u0631\u0627\u062a \u0639\u0627\u0644\u064a \u0627\u0644\u0646\u0642\u0627\u0621\u060c \u0645\u0635\u0645\u0645 \u0644\u0632\u064a\u0627\u062f\u0629 \u0627\u0644\u0642\u0648\u0629 \u0627\u0644\u0639\u0636\u0644\u064a\u0629\u060c \u062a\u062d\u0633\u064a\u0646 \u0627\u0644\u0623\u062f\u0627\u0621 \u0627\u0644\u0631\u064a\u0627\u0636\u064a\u060c \u0648\u062f\u0639\u0645 \u0646\u0645\u0648 \u0627\u0644\u0643\u062a\u0644\u0629 \u0627\u0644\u0639\u0636\u0644\u064a\u0629. \u064a\u0633\u0627\u0639\u062f \u0639\u0644\u0649 \u062a\u0639\u0632\u064a\u0632 \u0625\u0646\u062a\u0627\u062c \u0627\u0644\u0637\u0627\u0642\u0629 \u062f\u0627\u062e\u0644 \u0627\u0644\u0639\u0636\u0644\u0627\u062a (ATP)\u060c \u0645\u0645\u0627 \u064a\u0633\u0627\u0647\u0645 \u0641\u064a \u0631\u0641\u0639 \u0627\u0644\u0642\u062f\u0631\u0629 \u0639\u0644\u0649 \u0627\u0644\u062a\u062d\u0645\u0644\u060c \u0632\u064a\u0627\u062f\u0629 \u0627\u0644\u0642\u0648\u0629\u060c \u0648\u062a\u0633\u0631\u064a\u0639 \u0627\u0644\u0627\u0633\u062a\u0634\u0641\u0627\u0621 \u0628\u0639\u062f \u0627\u0644\u062a\u0645\u0627\u0631\u064a\u0646 \u0627\u0644\u0645\u0643\u062b\u0641\u0629.<\/p>\n<p>\u064a\u062a\u0645\u064a\u0632 \u0628\u0633\u0647\u0648\u0644\u0629 \u0627\u0644\u0630\u0648\u0628\u0627\u0646 \u0648\u0633\u0631\u0639\u0629 \u0627\u0644\u0627\u0645\u062a\u0635\u0627\u0635\u060c \u0645\u0645\u0627 \u064a\u062c\u0639\u0644\u0647 \u062e\u064a\u0627\u0631\u064b\u0627 \u0645\u062b\u0627\u0644\u064a\u064b\u0627 \u0644\u0644\u0627\u0633\u062a\u062e\u062f\u0627\u0645 \u0627\u0644\u064a\u0648\u0645\u064a \u0644\u062c\u0645\u064a\u0639 \u0627\u0644\u0631\u064a\u0627\u0636\u064a\u064a\u0646\u060c \u0633\u0648\u0627\u0621 \u0644\u0644\u0645\u0628\u062a\u062f\u0626\u064a\u0646 \u0623\u0648 \u0627\u0644\u0645\u062d\u062a\u0631\u0641\u064a\u0646.<\/p>\n<p>\u0627\u0644\u0645\u0645\u064a\u0632\u0627\u062a:<\/p>\n<p>\u0643\u0631\u064a\u0627\u062a\u064a\u0646 \u0645\u0648\u0646\u0648\u0647\u064a\u062f\u0631\u0627\u062a \u0639\u0627\u0644\u064a \u0627\u0644\u062c\u0648\u062f\u0629<\/p>\n<p>\u064a\u0639\u0632\u0632 \u0627\u0644\u0642\u0648\u0629 \u0648\u0627\u0644\u0637\u0627\u0642\u0629 \u0627\u0644\u0639\u0636\u0644\u064a\u0629<\/p>\n<p>\u064a\u062f\u0639\u0645 \u0632\u064a\u0627\u062f\u0629 \u0627\u0644\u0643\u062a\u0644\u0629 \u0627\u0644\u0639\u0636\u0644\u064a\u0629<\/p>\n<p>\u064a\u062d\u0633\u0646 \u0627\u0644\u0623\u062f\u0627\u0621 \u0641\u064a \u0627\u0644\u062a\u0645\u0627\u0631\u064a\u0646 \u0639\u0627\u0644\u064a\u0629 \u0627\u0644\u0634\u062f\u0629<\/p>\n<p>\u0633\u0647\u0644 \u0627\u0644\u0630\u0648\u0628\u0627\u0646 \u0648\u0633\u0631\u064a\u0639 \u0627\u0644\u0627\u0645\u062a\u0635\u0627\u0635<\/p>\n<p>\u0645\u0646\u0627\u0633\u0628 \u0644\u062c\u0645\u064a\u0639 \u0627\u0644\u0631\u064a\u0627\u0636\u064a\u064a\u0646<\/p>\n<p>GAT Creatine Monohydrate \u2013 500g<\/p>\n<p>Un compl\u00e9ment de cr\u00e9atine monohydrate de haute qualit\u00e9, con\u00e7u pour augmenter la force musculaire, am\u00e9liorer les performances sportives et favoriser la prise de masse musculaire. Il contribue \u00e0 optimiser la production d\u2019\u00e9nergie (ATP), permettant des entra\u00eenements plus intenses et une meilleure r\u00e9cup\u00e9ration.<\/p>\n<p>Gr\u00e2ce \u00e0 sa excellente solubilit\u00e9 et absorption rapide, il convient parfaitement \u00e0 une utilisation quotidienne par tous les sportifs.<\/p>\n<p>Avantages :<\/p>\n<p>Cr\u00e9atine monohydrate de qualit\u00e9 sup\u00e9rieure<\/p>\n<p>Augmente la force et l\u2019\u00e9nergie musculaire<\/p>\n<p>Favorise le d\u00e9veloppement musculaire<\/p>\n<p>Am\u00e9liore les performances \u00e0 haute intensit\u00e9<\/p>\n<p>Facile \u00e0 m\u00e9langer et \u00e0 consommer<\/p>\n<p>Adapt\u00e9 aux d\u00e9butants et aux athl\u00e8tes confirm\u00e9s<\/p>\n","protected":false},"excerpt":{"rendered":"<p>GAT Creatine Monohydrate 500g \u0645\u0643\u0645\u0644 \u0643\u0631\u064a\u0627\u062a\u064a\u0646 \u0645\u0648\u0646\u0648\u0647\u064a\u062f\u0631\u0627\u062a \u0639\u0627\u0644\u064a \u0627\u0644\u0646\u0642\u0627\u0621\u060c \u0645\u0635\u0645\u0645 \u0644\u0632\u064a\u0627\u062f\u0629 &#8230; <\/p>\n","protected":false},"featured_media":4168,"comment_status":"open","ping_status":"closed","template":"","meta":{"_joinchat":[]},"product_brand":[],"product_cat":[55],"product_tag":[],"class_list":{"0":"post-4170","1":"product","2":"type-product","3":"status-publish","4":"has-post-thumbnail","6":"product_cat-55","8":"first","9":"instock","10":"shipping-taxable","11":"purchasable","12":"product-type-simple"},"bundled_by":[],"bundle_stock_status":"instock","bundle_stock_quantity":null,"bundle_virtual":false,"bundle_layout":"","bundle_add_to_cart_form_location":"","bundle_editable_in_cart":false,"bundle_sold_individually_context":"","bundle_item_grouping":"","bundle_min_size":"","bundle_max_size":"","bundle_price":[],"bundled_items":[],"bundle_sell_ids":[],"_links":{"self":[{"href":"https:\/\/biorganic-rim.com\/en\/wp-json\/wp\/v2\/product\/4170","targetHints":{"allow":["GET"]}}],"collection":[{"href":"https:\/\/biorganic-rim.com\/en\/wp-json\/wp\/v2\/product"}],"about":[{"href":"https:\/\/biorganic-rim.com\/en\/wp-json\/wp\/v2\/types\/product"}],"replies":[{"embeddable":true,"href":"https:\/\/biorganic-rim.com\/en\/wp-json\/wp\/v2\/comments?post=4170"}],"wp:featuredmedia":[{"embeddable":true,"href":"https:\/\/biorganic-rim.com\/en\/wp-json\/wp\/v2\/media\/4168"}],"wp:attachment":[{"href":"https:\/\/biorganic-rim.com\/en\/wp-json\/wp\/v2\/media?parent=4170"}],"wp:term":[{"taxonomy":"product_brand","embeddable":true,"href":"https:\/\/biorganic-rim.com\/en\/wp-json\/wp\/v2\/product_brand?post=4170"},{"taxonomy":"product_cat","embeddable":true,"href":"https:\/\/biorganic-rim.com\/en\/wp-json\/wp\/v2\/product_cat?post=4170"},{"taxonomy":"product_tag","embeddable":true,"href":"https:\/\/biorganic-rim.com\/en\/wp-json\/wp\/v2\/product_tag?post=4170"}],"curies":[{"name":"wp","href":"https:\/\/api.w.org\/{rel}","templated":true}]}}