{"id":4246,"date":"2026-01-31T22:37:45","date_gmt":"2026-01-31T22:37:45","guid":{"rendered":"https:\/\/biorganic-rim.com\/?post_type=product&#038;p=4246"},"modified":"2026-04-13T18:09:13","modified_gmt":"2026-04-13T18:09:13","slug":"mrm-chromium-picolinate-200mcg-100capsules","status":"publish","type":"product","link":"https:\/\/biorganic-rim.com\/en\/product\/mrm-chromium-picolinate-200mcg-100capsules\/","title":{"rendered":"MRM CHROMIUM PICOLINATE (200mcg\/100capsules)"},"content":{"rendered":"<p>MRM Chromium Picolinate \u2013 200 \u0645\u064a\u0643\u0631\u0648\u063a\u0631\u0627\u0645 (100 \u0643\u0628\u0633\u0648\u0644\u0629)<\/p>\n<p>\u0645\u0643\u0645\u0644 \u063a\u0630\u0627\u0626\u064a \u064a\u062d\u062a\u0648\u064a \u0639\u0644\u0649 \u0643\u0631\u0648\u0645\u064a\u0648\u0645 \u0628\u064a\u0643\u0648\u0644\u064a\u0646\u0627\u062a \u0628\u062c\u0631\u0639\u0629 200 \u0645\u064a\u0643\u0631\u0648\u063a\u0631\u0627\u0645\u060c \u064a\u0633\u0627\u0647\u0645 \u0641\u064a \u062a\u0646\u0638\u064a\u0645 \u0645\u0633\u062a\u0648\u064a\u0627\u062a \u0627\u0644\u0633\u0643\u0631 \u0641\u064a \u0627\u0644\u062f\u0645 \u0648\u062f\u0639\u0645 \u0639\u0645\u0644\u064a\u0629 \u0627\u0644\u062a\u0645\u062b\u064a\u0644 \u0627\u0644\u063a\u0630\u0627\u0626\u064a \u0644\u0644\u0643\u0631\u0628\u0648\u0647\u064a\u062f\u0631\u0627\u062a \u0648\u0627\u0644\u062f\u0647\u0648\u0646. \u064a\u0633\u0627\u0639\u062f \u0639\u0644\u0649 \u062a\u062d\u0633\u064a\u0646 \u062d\u0633\u0627\u0633\u064a\u0629 \u0627\u0644\u0625\u0646\u0633\u0648\u0644\u064a\u0646\u060c \u062a\u0642\u0644\u064a\u0644 \u0627\u0644\u0631\u063a\u0628\u0629 \u0641\u064a \u062a\u0646\u0627\u0648\u0644 \u0627\u0644\u0633\u0643\u0631\u064a\u0627\u062a\u060c \u0648\u062f\u0639\u0645 \u0627\u0644\u062a\u062d\u0643\u0645 \u0641\u064a \u0627\u0644\u0648\u0632\u0646.<\/p>\n<p>\u0645\u062b\u0627\u0644\u064a \u0644\u0644\u0623\u0634\u062e\u0627\u0635 \u0627\u0644\u0630\u064a\u0646 \u064a\u062a\u0628\u0639\u0648\u0646 \u0646\u0638\u0627\u0645\u064b\u0627 \u063a\u0630\u0627\u0626\u064a\u064b\u0627 \u0635\u062d\u064a\u064b\u0627 \u0623\u0648 \u064a\u0633\u0639\u0648\u0646 \u0644\u0644\u062d\u0641\u0627\u0638 \u0639\u0644\u0649 \u062a\u0648\u0627\u0632\u0646 \u0633\u0643\u0631 \u0627\u0644\u062f\u0645 \u0648\u062f\u0639\u0645 \u0627\u0644\u0637\u0627\u0642\u0629 \u0627\u0644\u064a\u0648\u0645\u064a\u0629.<\/p>\n<p>\u0627\u0644\u0645\u0645\u064a\u0632\u0627\u062a:<\/p>\n<p>200 \u0645\u064a\u0643\u0631\u0648\u063a\u0631\u0627\u0645 \u0645\u0646 \u0643\u0631\u0648\u0645\u064a\u0648\u0645 \u0628\u064a\u0643\u0648\u0644\u064a\u0646\u0627\u062a \u0644\u0643\u0644 \u0643\u0628\u0633\u0648\u0644\u0629<\/p>\n<p>\u064a\u062f\u0639\u0645 \u062a\u0646\u0638\u064a\u0645 \u0633\u0643\u0631 \u0627\u0644\u062f\u0645<\/p>\n<p>\u064a\u0633\u0627\u0639\u062f \u0639\u0644\u0649 \u062a\u062d\u0633\u064a\u0646 \u0627\u0644\u062a\u0645\u062b\u064a\u0644 \u0627\u0644\u063a\u0630\u0627\u0626\u064a<\/p>\n<p>\u064a\u0633\u0627\u0647\u0645 \u0641\u064a \u062a\u0642\u0644\u064a\u0644 \u0627\u0634\u062a\u0647\u0627\u0621 \u0627\u0644\u0633\u0643\u0631\u064a\u0627\u062a<\/p>\n<p>\u0645\u0646\u0627\u0633\u0628 \u0644\u0644\u062a\u062d\u0643\u0645 \u0641\u064a \u0627\u0644\u0648\u0632\u0646<\/p>\n<p>MRM Chromium Picolinate \u2013 200 mcg (100 Capsules)<\/p>\n<p>Compl\u00e9ment alimentaire \u00e0 base de chrome picolinate dos\u00e9 \u00e0 200 mcg, contribuant \u00e0 la r\u00e9gulation de la glyc\u00e9mie et au m\u00e9tabolisme des glucides et des lipides. Il aide \u00e0 am\u00e9liorer la sensibilit\u00e9 \u00e0 l\u2019insuline, r\u00e9duire les envies de sucre et soutenir le contr\u00f4le du poids.<\/p>\n<p>Id\u00e9al pour les personnes suivant un mode de vie sain ou souhaitant maintenir un \u00e9quilibre glyc\u00e9mique et un m\u00e9tabolisme \u00e9nerg\u00e9tique optimal.<\/p>\n<p>Avantages :<\/p>\n<p>200 mcg de chrome picolinate par capsule<\/p>\n<p>Aide \u00e0 r\u00e9guler la glyc\u00e9mie<\/p>\n<p>Soutient le m\u00e9tabolisme<\/p>\n<p>R\u00e9duit les envies de sucre<\/p>\n<p>Favorise le contr\u00f4le du poids<\/p>\n","protected":false},"excerpt":{"rendered":"<p>MRM Chromium Picolinate \u2013 200 \u0645\u064a\u0643\u0631\u0648\u063a\u0631\u0627\u0645 (100 \u0643\u0628\u0633\u0648\u0644\u0629) \u0645\u0643\u0645\u0644 \u063a\u0630\u0627\u0626\u064a \u064a\u062d\u062a\u0648\u064a &#8230; <\/p>\n","protected":false},"featured_media":4411,"comment_status":"open","ping_status":"closed","template":"","meta":{"_joinchat":[]},"product_brand":[],"product_cat":[59],"product_tag":[],"class_list":{"0":"post-4246","1":"product","2":"type-product","3":"status-publish","4":"has-post-thumbnail","6":"product_cat-59","8":"first","9":"outofstock","10":"shipping-taxable","11":"purchasable","12":"product-type-simple"},"bundled_by":[],"bundle_stock_status":"outofstock","bundle_stock_quantity":null,"bundle_virtual":false,"bundle_layout":"","bundle_add_to_cart_form_location":"","bundle_editable_in_cart":false,"bundle_sold_individually_context":"","bundle_item_grouping":"","bundle_min_size":"","bundle_max_size":"","bundle_price":[],"bundled_items":[],"bundle_sell_ids":[],"_links":{"self":[{"href":"https:\/\/biorganic-rim.com\/en\/wp-json\/wp\/v2\/product\/4246","targetHints":{"allow":["GET"]}}],"collection":[{"href":"https:\/\/biorganic-rim.com\/en\/wp-json\/wp\/v2\/product"}],"about":[{"href":"https:\/\/biorganic-rim.com\/en\/wp-json\/wp\/v2\/types\/product"}],"replies":[{"embeddable":true,"href":"https:\/\/biorganic-rim.com\/en\/wp-json\/wp\/v2\/comments?post=4246"}],"wp:featuredmedia":[{"embeddable":true,"href":"https:\/\/biorganic-rim.com\/en\/wp-json\/wp\/v2\/media\/4411"}],"wp:attachment":[{"href":"https:\/\/biorganic-rim.com\/en\/wp-json\/wp\/v2\/media?parent=4246"}],"wp:term":[{"taxonomy":"product_brand","embeddable":true,"href":"https:\/\/biorganic-rim.com\/en\/wp-json\/wp\/v2\/product_brand?post=4246"},{"taxonomy":"product_cat","embeddable":true,"href":"https:\/\/biorganic-rim.com\/en\/wp-json\/wp\/v2\/product_cat?post=4246"},{"taxonomy":"product_tag","embeddable":true,"href":"https:\/\/biorganic-rim.com\/en\/wp-json\/wp\/v2\/product_tag?post=4246"}],"curies":[{"name":"wp","href":"https:\/\/api.w.org\/{rel}","templated":true}]}}