{"id":4292,"date":"2026-02-03T13:42:41","date_gmt":"2026-02-03T13:42:41","guid":{"rendered":"https:\/\/biorganic-rim.com\/?post_type=product&#038;p=4292"},"modified":"2026-02-20T12:41:07","modified_gmt":"2026-02-20T12:41:07","slug":"jnx-the-curse-green-apple-envy-50-servings","status":"publish","type":"product","link":"https:\/\/biorganic-rim.com\/en\/product\/jnx-the-curse-green-apple-envy-50-servings\/","title":{"rendered":"JNX THE CURSE  (50 servings)"},"content":{"rendered":"<p>JNX The Curse \u2013 \u0646\u0643\u0647\u0629 Green Apple Envy (50 \u062d\u0635\u0629)<\/p>\n<p>\u0645\u0634\u0631\u0648\u0628 \u0642\u0628\u0644 \u0627\u0644\u062a\u0645\u0631\u064a\u0646 (Pre\u2011Workout) \u0642\u0648\u064a \u0645\u0635\u0645\u0645 \u0644\u062a\u0639\u0632\u064a\u0632 \u0627\u0644\u0637\u0627\u0642\u0629\u060c \u0627\u0644\u0642\u0648\u0629\u060c \u0627\u0644\u062a\u0631\u0643\u064a\u0632\u060c \u0648\u0627\u0644\u062a\u062d\u0645\u0651\u0644 \u0623\u062b\u0646\u0627\u0621 \u0627\u0644\u062a\u0645\u0627\u0631\u064a\u0646 \u0627\u0644\u0645\u0643\u062b\u0641\u0629. \u062a\u062d\u062a\u0648\u064a \u062a\u0631\u0643\u064a\u0628\u062a\u0647 \u0639\u0644\u0649 \u0645\u0643\u0648\u0646\u0627\u062a \u0641\u0639\u0651\u0627\u0644\u0629 \u0645\u062b\u0644 \u0627\u0644\u0643\u0627\u0641\u064a\u064a\u0646 \u0648\u0645\u0631\u0643\u0628\u0627\u062a \u062f\u0639\u0645 \u0627\u0644\u0623\u062f\u0627\u0621 \u0627\u0644\u062a\u064a \u062a\u0631\u0641\u0639 \u0645\u0633\u062a\u0648\u0649 \u0627\u0644\u0646\u0634\u0627\u0637 \u0628\u062f\u0648\u0646 \u0647\u0628\u0648\u0637 \u0645\u0641\u0627\u062c\u0626 \u0644\u0644\u0637\u0627\u0642\u0629.<\/p>\n<p>\u0646\u0643\u0647\u0629 \u062a\u0641\u0627\u062d \u0623\u062e\u0636\u0631 Envy \u0627\u0644\u0645\u0646\u0639\u0634\u0629 \u062a\u0636\u064a\u0641 \u0637\u0639\u0645\u064b\u0627 \u0644\u0630\u064a\u0630\u064b\u0627 \u064a\u0634\u062c\u0639\u0643 \u0639\u0644\u0649 \u062a\u0646\u0627\u0648\u0644 \u0645\u0634\u0631\u0648\u0628\u0643 \u0642\u0628\u0644 \u0643\u0644 \u062a\u0645\u0631\u064a\u0646.<\/p>\n<p>\u0627\u0644\u0645\u0645\u064a\u0632\u0627\u062a:<\/p>\n<p>\u0637\u0627\u0642\u0629 \u0639\u0627\u0644\u064a\u0629 \u0648\u062a\u0631\u0643\u064a\u0632 \u0642\u0648\u064a<\/p>\n<p>\u064a\u062f\u0639\u0645 \u0627\u0644\u0642\u0648\u0629 \u0648\u0627\u0644\u062a\u062d\u0645\u0651\u0644 \u0623\u062b\u0646\u0627\u0621 \u0627\u0644\u062a\u0645\u0631\u064a\u0646<\/p>\n<p>\u0645\u0646\u0627\u0633\u0628 \u0644\u0644\u062a\u0645\u0627\u0631\u064a\u0646 \u0639\u0627\u0644\u064a\u0629 \u0627\u0644\u0634\u062f\u0629<\/p>\n<p>\u0646\u0643\u0647\u0629 Green Apple Envy \u0645\u0646\u0639\u0634\u0629<\/p>\n<p>50 \u062d\u0635\u0629 \u0641\u064a \u0627\u0644\u0639\u0628\u0648\u0629<\/p>\n<p>JNX The Curse \u2013 Saveur Green Apple Envy (50 Servings)<\/p>\n<p>Booster pr\u00e9\u2011entra\u00eenement puissant con\u00e7u pour augmenter l\u2019\u00e9nergie, la force, la concentration et l\u2019endurance pendant les s\u00e9ances intensives. Sa formule contient des ingr\u00e9dients performants comme la caf\u00e9ine et des stimulants pour une \u00e9nergie durable sans chute brutale.<\/p>\n<p>La saveur rafra\u00eechissante Green Apple Envy rend cette boisson agr\u00e9able \u00e0 consommer avant chaque entra\u00eenement.<\/p>\n<p>Avantages :<\/p>\n<p>\u00c9nergie et concentration accrues<\/p>\n<p>Am\u00e9liore la force et l\u2019endurance<\/p>\n<p>Id\u00e9al pour les entra\u00eenements intensifs<\/p>\n<p>Saveur Green Apple Envy d\u00e9licieuse<\/p>\n","protected":false},"excerpt":{"rendered":"<p>JNX The Curse \u2013 \u0646\u0643\u0647\u0629 Green Apple Envy (50 \u062d\u0635\u0629) \u0645\u0634\u0631\u0648\u0628 &#8230; <\/p>\n","protected":false},"featured_media":4377,"comment_status":"open","ping_status":"closed","template":"","meta":{"_joinchat":[]},"product_brand":[],"product_cat":[57],"product_tag":[],"class_list":{"0":"post-4292","1":"product","2":"type-product","3":"status-publish","4":"has-post-thumbnail","6":"product_cat-57","8":"first","9":"instock","10":"shipping-taxable","11":"purchasable","12":"product-type-variable"},"bundled_by":[],"bundle_stock_status":"instock","bundle_stock_quantity":null,"bundle_virtual":false,"bundle_layout":"","bundle_add_to_cart_form_location":"","bundle_editable_in_cart":false,"bundle_sold_individually_context":"","bundle_item_grouping":"","bundle_min_size":"","bundle_max_size":"","bundle_price":[],"bundled_items":[],"bundle_sell_ids":[],"_links":{"self":[{"href":"https:\/\/biorganic-rim.com\/en\/wp-json\/wp\/v2\/product\/4292","targetHints":{"allow":["GET"]}}],"collection":[{"href":"https:\/\/biorganic-rim.com\/en\/wp-json\/wp\/v2\/product"}],"about":[{"href":"https:\/\/biorganic-rim.com\/en\/wp-json\/wp\/v2\/types\/product"}],"replies":[{"embeddable":true,"href":"https:\/\/biorganic-rim.com\/en\/wp-json\/wp\/v2\/comments?post=4292"}],"wp:featuredmedia":[{"embeddable":true,"href":"https:\/\/biorganic-rim.com\/en\/wp-json\/wp\/v2\/media\/4377"}],"wp:attachment":[{"href":"https:\/\/biorganic-rim.com\/en\/wp-json\/wp\/v2\/media?parent=4292"}],"wp:term":[{"taxonomy":"product_brand","embeddable":true,"href":"https:\/\/biorganic-rim.com\/en\/wp-json\/wp\/v2\/product_brand?post=4292"},{"taxonomy":"product_cat","embeddable":true,"href":"https:\/\/biorganic-rim.com\/en\/wp-json\/wp\/v2\/product_cat?post=4292"},{"taxonomy":"product_tag","embeddable":true,"href":"https:\/\/biorganic-rim.com\/en\/wp-json\/wp\/v2\/product_tag?post=4292"}],"curies":[{"name":"wp","href":"https:\/\/api.w.org\/{rel}","templated":true}]}}