{"id":4295,"date":"2026-02-03T13:55:48","date_gmt":"2026-02-03T13:55:48","guid":{"rendered":"https:\/\/biorganic-rim.com\/?post_type=product&#038;p=4295"},"modified":"2026-02-28T12:17:31","modified_gmt":"2026-02-28T12:17:31","slug":"california-gold-gold-vitamine-d3-2000iu-90softgels","status":"publish","type":"product","link":"https:\/\/biorganic-rim.com\/en\/product\/california-gold-gold-vitamine-d3-2000iu-90softgels\/","title":{"rendered":"CALIFORNIA GOLD GOLD  vitamine D3 (2000IU \/90softgels)"},"content":{"rendered":"<p>California Gold Nutrition Gold Vitamin D3 \u2013 2000 \u0648\u062d\u062f\u0629 \u062f\u0648\u0644\u064a\u0629 (90 \u0643\u0628\u0633\u0648\u0644\u0629 \u062c\u064a\u0644\u0627\u062a\u064a\u0646\u064a\u0629)<\/p>\n<p>\u0645\u0643\u0645\u0644 \u063a\u0630\u0627\u0626\u064a \u0639\u0627\u0644\u064a \u0627\u0644\u062c\u0648\u062f\u0629 \u064a\u062d\u062a\u0648\u064a \u0639\u0644\u0649 \u0641\u064a\u062a\u0627\u0645\u064a\u0646 D3 (\u0643\u0648\u0644\u064a\u0643\u0627\u0644\u0633\u064a\u0641\u064a\u0631\u0648\u0644) \u0628\u062c\u0631\u0639\u0629 2000 IU\u060c \u064a\u0633\u0627\u0647\u0645 \u0641\u064a \u062f\u0639\u0645 \u0635\u062d\u0629 \u0627\u0644\u0639\u0638\u0627\u0645 \u0648\u0627\u0644\u0623\u0633\u0646\u0627\u0646\u060c \u062a\u0639\u0632\u064a\u0632 \u0648\u0638\u0627\u0626\u0641 \u062c\u0647\u0627\u0632 \u0627\u0644\u0645\u0646\u0627\u0639\u0629\u060c \u0648\u062a\u062d\u0633\u064a\u0646 \u0627\u0645\u062a\u0635\u0627\u0635 \u0627\u0644\u0643\u0627\u0644\u0633\u064a\u0648\u0645 \u0648\u0627\u0644\u0641\u0648\u0633\u0641\u0648\u0631. \u0643\u0645\u0627 \u064a\u0633\u0627\u0639\u062f \u0639\u0644\u0649 \u062f\u0639\u0645 \u0627\u0644\u0637\u0627\u0642\u0629 \u0627\u0644\u0639\u0627\u0645\u0629 \u0648\u0635\u062d\u0629 \u0627\u0644\u0639\u0636\u0644\u0627\u062a\u060c \u062e\u0627\u0635\u0629 \u0641\u064a \u062d\u0627\u0644\u0627\u062a \u0646\u0642\u0635 \u0641\u064a\u062a\u0627\u0645\u064a\u0646 \u062f.<\/p>\n<p>\u062a\u0631\u0643\u064a\u0628\u0629 \u0633\u0647\u0644\u0629 \u0627\u0644\u0627\u0645\u062a\u0635\u0627\u0635 \u0641\u064a \u0643\u0628\u0633\u0648\u0644\u0627\u062a \u062c\u064a\u0644\u0627\u062a\u064a\u0646\u064a\u0629 \u0635\u063a\u064a\u0631\u0629\u060c \u0645\u0646\u0627\u0633\u0628\u0629 \u0644\u0644\u0627\u0633\u062a\u062e\u062f\u0627\u0645 \u0627\u0644\u064a\u0648\u0645\u064a.<\/p>\n<p>\u0627\u0644\u0645\u0645\u064a\u0632\u0627\u062a:<\/p>\n<p>2000 IU \u0645\u0646 \u0641\u064a\u062a\u0627\u0645\u064a\u0646 D3 \u0644\u0643\u0644 \u0643\u0628\u0633\u0648\u0644\u0629<\/p>\n<p>\u064a\u062f\u0639\u0645 \u0635\u062d\u0629 \u0627\u0644\u0639\u0638\u0627\u0645 \u0648\u0627\u0644\u0623\u0633\u0646\u0627\u0646<\/p>\n<p>\u064a\u0639\u0632\u0632 \u062c\u0647\u0627\u0632 \u0627\u0644\u0645\u0646\u0627\u0639\u0629<\/p>\n<p>\u064a\u062d\u0633\u0646 \u0627\u0645\u062a\u0635\u0627\u0635 \u0627\u0644\u0643\u0627\u0644\u0633\u064a\u0648\u0645 \u0648\u0627\u0644\u0641\u0648\u0633\u0641\u0648\u0631<\/p>\n<p>\u064a\u062f\u0639\u0645 \u0635\u062d\u0629 \u0627\u0644\u0639\u0636\u0644\u0627\u062a \u0648\u0627\u0644\u0637\u0627\u0642\u0629 \u0627\u0644\u0639\u0627\u0645\u0629<\/p>\n<p>90 \u0643\u0628\u0633\u0648\u0644\u0629 \u062c\u064a\u0644\u0627\u062a\u064a\u0646\u064a\u0629 \u0644\u0643\u0644 \u0639\u0628\u0648\u0629<\/p>\n<p>California Gold Nutrition Gold Vitamin D3 \u2013 2000 UI (90 Softgels)<\/p>\n<p>Compl\u00e9ment alimentaire de haute qualit\u00e9 contenant de la vitamine D3 (chol\u00e9calcif\u00e9rol) dos\u00e9e \u00e0 2000 UI, contribuant \u00e0 la sant\u00e9 des os et des dents, au renforcement du syst\u00e8me immunitaire et \u00e0 une meilleure absorption du calcium et du phosphore. Il aide \u00e9galement \u00e0 soutenir l\u2019\u00e9nergie et la sant\u00e9 musculaire, notamment en cas de carence en vitamine D.<\/p>\n<p>Formule facile \u00e0 absorber sous forme de petites capsules molles, adapt\u00e9e \u00e0 une prise quotidienne.<\/p>\n<p>Avantages :<\/p>\n<p>2000 UI de vitamine D3 par softgel<\/p>\n<p>Soutient la sant\u00e9 osseuse et dentaire<\/p>\n<p>Renforce le syst\u00e8me immunitaire<\/p>\n<p>Am\u00e9liore l\u2019absorption du calcium et du phosphore<\/p>\n<p>Soutient la fonction musculaire et l\u2019\u00e9nergie<\/p>\n<p>90 capsules molles par flacon<\/p>\n","protected":false},"excerpt":{"rendered":"<p>California Gold Nutrition Gold Vitamin D3 \u2013 2000 \u0648\u062d\u062f\u0629 \u062f\u0648\u0644\u064a\u0629 (90 &#8230; <\/p>\n","protected":false},"featured_media":4479,"comment_status":"open","ping_status":"closed","template":"","meta":{"_joinchat":[]},"product_brand":[],"product_cat":[59,54],"product_tag":[],"class_list":{"0":"post-4295","1":"product","2":"type-product","3":"status-publish","4":"has-post-thumbnail","6":"product_cat-59","7":"product_cat-54","9":"first","10":"outofstock","11":"shipping-taxable","12":"purchasable","13":"product-type-simple"},"bundled_by":[],"bundle_stock_status":"outofstock","bundle_stock_quantity":null,"bundle_virtual":false,"bundle_layout":"","bundle_add_to_cart_form_location":"","bundle_editable_in_cart":false,"bundle_sold_individually_context":"","bundle_item_grouping":"","bundle_min_size":"","bundle_max_size":"","bundle_price":[],"bundled_items":[],"bundle_sell_ids":[],"_links":{"self":[{"href":"https:\/\/biorganic-rim.com\/en\/wp-json\/wp\/v2\/product\/4295","targetHints":{"allow":["GET"]}}],"collection":[{"href":"https:\/\/biorganic-rim.com\/en\/wp-json\/wp\/v2\/product"}],"about":[{"href":"https:\/\/biorganic-rim.com\/en\/wp-json\/wp\/v2\/types\/product"}],"replies":[{"embeddable":true,"href":"https:\/\/biorganic-rim.com\/en\/wp-json\/wp\/v2\/comments?post=4295"}],"wp:featuredmedia":[{"embeddable":true,"href":"https:\/\/biorganic-rim.com\/en\/wp-json\/wp\/v2\/media\/4479"}],"wp:attachment":[{"href":"https:\/\/biorganic-rim.com\/en\/wp-json\/wp\/v2\/media?parent=4295"}],"wp:term":[{"taxonomy":"product_brand","embeddable":true,"href":"https:\/\/biorganic-rim.com\/en\/wp-json\/wp\/v2\/product_brand?post=4295"},{"taxonomy":"product_cat","embeddable":true,"href":"https:\/\/biorganic-rim.com\/en\/wp-json\/wp\/v2\/product_cat?post=4295"},{"taxonomy":"product_tag","embeddable":true,"href":"https:\/\/biorganic-rim.com\/en\/wp-json\/wp\/v2\/product_tag?post=4295"}],"curies":[{"name":"wp","href":"https:\/\/api.w.org\/{rel}","templated":true}]}}