{"id":4300,"date":"2026-02-03T14:29:59","date_gmt":"2026-02-03T14:29:59","guid":{"rendered":"https:\/\/biorganic-rim.com\/?post_type=product&#038;p=4300"},"modified":"2026-04-11T17:07:40","modified_gmt":"2026-04-11T17:07:40","slug":"nutrex-lipo-6-black-60-capsules","status":"publish","type":"product","link":"https:\/\/biorganic-rim.com\/en\/product\/nutrex-lipo-6-black-60-capsules\/","title":{"rendered":"NUTREX LIPO 6 BLACK (60 capsules )"},"content":{"rendered":"<p>Nutrex Lipo-6 Black \u2013 60 \u0642\u0631\u0635<\/p>\n<p>\u0645\u0643\u0645\u0644 \u063a\u0630\u0627\u0626\u064a \u0641\u0639\u0627\u0644 \u0644\u062a\u0633\u0631\u064a\u0639 \u062d\u0631\u0642 \u0627\u0644\u062f\u0647\u0648\u0646 \u0648\u062f\u0639\u0645 \u0641\u0642\u062f\u0627\u0646 \u0627\u0644\u0648\u0632\u0646\u060c \u0645\u0635\u0645\u0645 \u0644\u0644\u0631\u064a\u0627\u0636\u064a\u064a\u0646 \u0648\u0627\u0644\u0623\u0634\u062e\u0627\u0635 \u0627\u0644\u0646\u0634\u0637\u064a\u0646 \u0627\u0644\u0630\u064a\u0646 \u064a\u0633\u0639\u0648\u0646 \u0644\u0644\u062d\u0635\u0648\u0644 \u0639\u0644\u0649 \u062c\u0633\u0645 \u0646\u062d\u064a\u0641 \u0648\u0639\u0636\u0644\u064a. \u064a\u062d\u062a\u0648\u064a \u0639\u0644\u0649 \u0645\u0632\u064a\u062c \u0645\u0646 \u0645\u0643\u0648\u0646\u0627\u062a \u0645\u062d\u0641\u0632\u0629 \u062a\u0639\u0632\u0632 \u0627\u0644\u0637\u0627\u0642\u0629\u060c \u0627\u0644\u062a\u0631\u0643\u064a\u0632\u060c \u0648\u0627\u0644\u062a\u0645\u062b\u064a\u0644 \u0627\u0644\u063a\u0630\u0627\u0626\u064a \u0644\u0644\u062f\u0647\u0648\u0646\u060c \u0645\u0639 \u062a\u0623\u062b\u064a\u0631 \u0642\u0648\u064a \u0639\u0644\u0649 \u062a\u0642\u0644\u064a\u0644 \u0627\u0644\u0634\u0647\u064a\u0629.<\/p>\n<p>\u0645\u062b\u0627\u0644\u064a \u0644\u0644\u0627\u0633\u062a\u062e\u062f\u0627\u0645 \u0642\u0628\u0644 \u0627\u0644\u062a\u0645\u0631\u064a\u0646 \u0623\u0648 \u062e\u0644\u0627\u0644 \u0627\u0644\u064a\u0648\u0645 \u0644\u062f\u0639\u0645 \u0627\u0644\u0646\u0638\u0627\u0645 \u0627\u0644\u063a\u0630\u0627\u0626\u064a \u0648\u0627\u0644\u062a\u062d\u0643\u0645 \u0641\u064a \u0627\u0644\u0648\u0632\u0646.<\/p>\n<p>\u0627\u0644\u0645\u0645\u064a\u0632\u0627\u062a:<\/p>\n<p>\u064a\u0633\u0627\u0639\u062f \u0639\u0644\u0649 \u062d\u0631\u0642 \u0627\u0644\u062f\u0647\u0648\u0646 \u0628\u0633\u0631\u0639\u0629 \u0648\u0641\u0639\u0627\u0644\u064a\u0629<\/p>\n<p>\u064a\u0632\u064a\u062f \u0627\u0644\u0637\u0627\u0642\u0629 \u0648\u0627\u0644\u062a\u0631\u0643\u064a\u0632 \u0623\u062b\u0646\u0627\u0621 \u0627\u0644\u062a\u0645\u0631\u064a\u0646<\/p>\n<p>\u064a\u0642\u0644\u0644 \u0627\u0644\u0634\u0647\u064a\u0629 \u0648\u064a\u062f\u0639\u0645 \u0627\u0644\u062a\u062d\u0643\u0645 \u0641\u064a \u0627\u0644\u0648\u0632\u0646<\/p>\n<p>\u062a\u0631\u0643\u064a\u0628\u0629 \u0642\u0648\u064a\u0629 \u0648\u0645\u0631\u0643\u0632\u0629<\/p>\n<p>60 \u0642\u0631\u0635 \u0644\u0643\u0644 \u0639\u0628\u0648\u0629<\/p>\n<p>Nutrex Lipo-6 Black \u2013 60 Comprim\u00e9s<\/p>\n<p>Compl\u00e9ment alimentaire puissant pour la combustion des graisses et le soutien de la perte de poids, con\u00e7u pour les sportifs et les personnes actives visant un physique mince et musculaire. Contient un m\u00e9lange d\u2019ingr\u00e9dients stimulants qui augmentent l\u2019\u00e9nergie, la concentration et le m\u00e9tabolisme des graisses, tout en r\u00e9duisant l\u2019app\u00e9tit.<\/p>\n<p>Id\u00e9al \u00e0 prendre avant l\u2019entra\u00eenement ou pendant la journ\u00e9e pour soutenir le r\u00e9gime alimentaire et le contr\u00f4le du poids.<\/p>\n<p>Avantages :<\/p>\n<p>Favorise la combustion rapide et efficace des graisses<\/p>\n<p>Augmente l\u2019\u00e9nergie et la concentration<\/p>\n<p>R\u00e9duit l\u2019app\u00e9tit et aide au contr\u00f4le du poids<\/p>\n<p>Formule puissante et concentr\u00e9e<\/p>\n<p>60 comprim\u00e9s par flacon<\/p>\n","protected":false},"excerpt":{"rendered":"<p>Nutrex Lipo-6 Black \u2013 60 \u0642\u0631\u0635 \u0645\u0643\u0645\u0644 \u063a\u0630\u0627\u0626\u064a \u0641\u0639\u0627\u0644 \u0644\u062a\u0633\u0631\u064a\u0639 \u062d\u0631\u0642 &#8230; <\/p>\n","protected":false},"featured_media":4385,"comment_status":"open","ping_status":"closed","template":"","meta":{"_joinchat":[]},"product_brand":[],"product_cat":[58,54],"product_tag":[],"class_list":{"0":"post-4300","1":"product","2":"type-product","3":"status-publish","4":"has-post-thumbnail","6":"product_cat-58","7":"product_cat-54","9":"first","10":"outofstock","11":"shipping-taxable","12":"purchasable","13":"product-type-simple"},"bundled_by":[],"bundle_stock_status":"outofstock","bundle_stock_quantity":null,"bundle_virtual":false,"bundle_layout":"","bundle_add_to_cart_form_location":"","bundle_editable_in_cart":false,"bundle_sold_individually_context":"","bundle_item_grouping":"","bundle_min_size":"","bundle_max_size":"","bundle_price":[],"bundled_items":[],"bundle_sell_ids":[],"_links":{"self":[{"href":"https:\/\/biorganic-rim.com\/en\/wp-json\/wp\/v2\/product\/4300","targetHints":{"allow":["GET"]}}],"collection":[{"href":"https:\/\/biorganic-rim.com\/en\/wp-json\/wp\/v2\/product"}],"about":[{"href":"https:\/\/biorganic-rim.com\/en\/wp-json\/wp\/v2\/types\/product"}],"replies":[{"embeddable":true,"href":"https:\/\/biorganic-rim.com\/en\/wp-json\/wp\/v2\/comments?post=4300"}],"wp:featuredmedia":[{"embeddable":true,"href":"https:\/\/biorganic-rim.com\/en\/wp-json\/wp\/v2\/media\/4385"}],"wp:attachment":[{"href":"https:\/\/biorganic-rim.com\/en\/wp-json\/wp\/v2\/media?parent=4300"}],"wp:term":[{"taxonomy":"product_brand","embeddable":true,"href":"https:\/\/biorganic-rim.com\/en\/wp-json\/wp\/v2\/product_brand?post=4300"},{"taxonomy":"product_cat","embeddable":true,"href":"https:\/\/biorganic-rim.com\/en\/wp-json\/wp\/v2\/product_cat?post=4300"},{"taxonomy":"product_tag","embeddable":true,"href":"https:\/\/biorganic-rim.com\/en\/wp-json\/wp\/v2\/product_tag?post=4300"}],"curies":[{"name":"wp","href":"https:\/\/api.w.org\/{rel}","templated":true}]}}