{"id":4306,"date":"2026-02-04T13:52:05","date_gmt":"2026-02-04T13:52:05","guid":{"rendered":"https:\/\/biorganic-rim.com\/?post_type=product&#038;p=4306"},"modified":"2026-04-02T20:11:59","modified_gmt":"2026-04-02T20:11:59","slug":"serious-mass-272kg-chocolate","status":"publish","type":"product","link":"https:\/\/biorganic-rim.com\/en\/product\/serious-mass-272kg-chocolate\/","title":{"rendered":"Serious Mass (2,72kg)"},"content":{"rendered":"<p>Optimum Nutrition Serious Mass<\/p>\n<p>\u0645\u0643\u0645\u0644 \u0632\u064a\u0627\u062f\u0629 \u0648\u0632\u0646 \u0639\u0627\u0644\u064a \u0627\u0644\u0633\u0639\u0631\u0627\u062a \u0627\u0644\u062d\u0631\u0627\u0631\u064a\u0629\u060c \u0645\u0635\u0645\u0645 \u0644\u062f\u0639\u0645 \u0632\u064a\u0627\u062f\u0629 \u0627\u0644\u0643\u062a\u0644\u0629 \u0627\u0644\u0639\u0636\u0644\u064a\u0629 \u0648\u0627\u0644\u0648\u0632\u0646 \u0628\u0633\u0631\u0639\u0629 \u0648\u0641\u0639\u0627\u0644\u064a\u0629. \u064a\u062d\u062a\u0648\u064a \u0639\u0644\u0649 \u0645\u0632\u064a\u062c \u0642\u0648\u064a \u0645\u0646 \u0627\u0644\u0628\u0631\u0648\u062a\u064a\u0646\u0627\u062a \u0639\u0627\u0644\u064a\u0629 \u0627\u0644\u062c\u0648\u062f\u0629\u060c \u0627\u0644\u0643\u0631\u0628\u0648\u0647\u064a\u062f\u0631\u0627\u062a \u0627\u0644\u0645\u0639\u0642\u062f\u0629\u060c \u0628\u0627\u0644\u0625\u0636\u0627\u0641\u0629 \u0625\u0644\u0649 \u0641\u064a\u062a\u0627\u0645\u064a\u0646\u0627\u062a \u0648\u0645\u0639\u0627\u062f\u0646 \u0623\u0633\u0627\u0633\u064a\u0629 \u0644\u062f\u0639\u0645 \u0627\u0644\u062a\u0639\u0627\u0641\u064a \u0648\u0627\u0644\u0637\u0627\u0642\u0629 \u0627\u0644\u064a\u0648\u0645\u064a\u0629.<\/p>\n<p>\u0645\u062b\u0627\u0644\u064a \u0644\u0644\u0623\u0634\u062e\u0627\u0635 \u0630\u0648\u064a \u0627\u0644\u0628\u0646\u064a\u0629 \u0627\u0644\u0646\u062d\u064a\u0641\u0629 \u0623\u0648 \u0645\u0646 \u064a\u062c\u062f\u0648\u0646 \u0635\u0639\u0648\u0628\u0629 \u0641\u064a \u0627\u0643\u062a\u0633\u0627\u0628 \u0627\u0644\u0648\u0632\u0646\u060c \u0648\u0643\u0630\u0644\u0643 \u0644\u0644\u0631\u064a\u0627\u0636\u064a\u064a\u0646 \u0627\u0644\u0628\u0627\u062d\u062b\u064a\u0646 \u0639\u0646 \u062a\u0636\u062e\u064a\u0645 \u0646\u0638\u064a\u0641.<\/p>\n<p>\u0627\u0644\u0645\u0645\u064a\u0632\u0627\u062a:<\/p>\n<p>\u0633\u0639\u0631\u0627\u062a \u062d\u0631\u0627\u0631\u064a\u0629 \u0639\u0627\u0644\u064a\u0629 \u0644\u0643\u0644 \u062d\u0635\u0629<\/p>\n<p>\u064a\u062f\u0639\u0645 \u0632\u064a\u0627\u062f\u0629 \u0627\u0644\u0648\u0632\u0646 \u0648\u0627\u0644\u0643\u062a\u0644\u0629 \u0627\u0644\u0639\u0636\u0644\u064a\u0629<\/p>\n<p>\u0628\u0631\u0648\u062a\u064a\u0646 \u0639\u0627\u0644\u064a \u0627\u0644\u062c\u0648\u062f\u0629 \u0644\u0628\u0646\u0627\u0621 \u0627\u0644\u0639\u0636\u0644\u0627\u062a<\/p>\n<p>\u063a\u0646\u064a \u0628\u0627\u0644\u0643\u0631\u0628\u0648\u0647\u064a\u062f\u0631\u0627\u062a \u0644\u0644\u0637\u0627\u0642\u0629<\/p>\n<p>\u0645\u062f\u0639\u0645 \u0628\u0627\u0644\u0641\u064a\u062a\u0627\u0645\u064a\u0646\u0627\u062a \u0648\u0627\u0644\u0645\u0639\u0627\u062f\u0646<\/p>\n<p>\u0645\u0646\u0627\u0633\u0628 \u0628\u0639\u062f \u0627\u0644\u062a\u0645\u0631\u064a\u0646 \u0623\u0648 \u0628\u064a\u0646 \u0627\u0644\u0648\u062c\u0628\u0627\u062a<\/p>\n<p>Optimum Nutrition Serious Mass<\/p>\n<p>Gainer hypercalorique con\u00e7u pour favoriser rapidement et efficacement la prise de poids et de masse musculaire. Il combine des prot\u00e9ines de haute qualit\u00e9, des glucides complexes ainsi qu\u2019un complexe de vitamines et min\u00e9raux pour soutenir la r\u00e9cup\u00e9ration et l\u2019\u00e9nergie quotidienne.<\/p>\n<p>Id\u00e9al pour les personnes minces ayant du mal \u00e0 prendre du poids et pour les sportifs cherchant un gain musculaire propre.<\/p>\n<p>Avantages :<\/p>\n<p>Tr\u00e8s riche en calories par portion<\/p>\n<p>Favorise la prise de masse et de poids<\/p>\n<p>Prot\u00e9ines de qualit\u00e9 pour la croissance musculaire<\/p>\n<p>Riche en glucides pour l\u2019\u00e9nergie<\/p>\n<p>Enrichi en vitamines et min\u00e9raux<\/p>\n","protected":false},"excerpt":{"rendered":"<p>Optimum Nutrition Serious Mass \u0645\u0643\u0645\u0644 \u0632\u064a\u0627\u062f\u0629 \u0648\u0632\u0646 \u0639\u0627\u0644\u064a \u0627\u0644\u0633\u0639\u0631\u0627\u062a \u0627\u0644\u062d\u0631\u0627\u0631\u064a\u0629\u060c \u0645\u0635\u0645\u0645 &#8230; <\/p>\n","protected":false},"featured_media":4371,"comment_status":"open","ping_status":"closed","template":"","meta":{"_joinchat":[]},"product_brand":[],"product_cat":[56],"product_tag":[],"class_list":{"0":"post-4306","1":"product","2":"type-product","3":"status-publish","4":"has-post-thumbnail","6":"product_cat-56","8":"first","9":"outofstock","10":"shipping-taxable","11":"purchasable","12":"product-type-variable"},"bundled_by":[],"bundle_stock_status":"outofstock","bundle_stock_quantity":0,"bundle_virtual":false,"bundle_layout":"","bundle_add_to_cart_form_location":"","bundle_editable_in_cart":false,"bundle_sold_individually_context":"","bundle_item_grouping":"","bundle_min_size":"","bundle_max_size":"","bundle_price":[],"bundled_items":[],"bundle_sell_ids":[],"_links":{"self":[{"href":"https:\/\/biorganic-rim.com\/en\/wp-json\/wp\/v2\/product\/4306","targetHints":{"allow":["GET"]}}],"collection":[{"href":"https:\/\/biorganic-rim.com\/en\/wp-json\/wp\/v2\/product"}],"about":[{"href":"https:\/\/biorganic-rim.com\/en\/wp-json\/wp\/v2\/types\/product"}],"replies":[{"embeddable":true,"href":"https:\/\/biorganic-rim.com\/en\/wp-json\/wp\/v2\/comments?post=4306"}],"wp:featuredmedia":[{"embeddable":true,"href":"https:\/\/biorganic-rim.com\/en\/wp-json\/wp\/v2\/media\/4371"}],"wp:attachment":[{"href":"https:\/\/biorganic-rim.com\/en\/wp-json\/wp\/v2\/media?parent=4306"}],"wp:term":[{"taxonomy":"product_brand","embeddable":true,"href":"https:\/\/biorganic-rim.com\/en\/wp-json\/wp\/v2\/product_brand?post=4306"},{"taxonomy":"product_cat","embeddable":true,"href":"https:\/\/biorganic-rim.com\/en\/wp-json\/wp\/v2\/product_cat?post=4306"},{"taxonomy":"product_tag","embeddable":true,"href":"https:\/\/biorganic-rim.com\/en\/wp-json\/wp\/v2\/product_tag?post=4306"}],"curies":[{"name":"wp","href":"https:\/\/api.w.org\/{rel}","templated":true}]}}