{"id":4444,"date":"2026-02-11T16:06:59","date_gmt":"2026-02-11T16:06:59","guid":{"rendered":"https:\/\/biorganic-rim.com\/?post_type=product&#038;p=4444"},"modified":"2026-04-17T21:25:30","modified_gmt":"2026-04-17T21:25:30","slug":"%d8%a8%d9%88%d9%83%d8%b3-%d8%a7%d9%84%d8%ac%d9%85%d8%a7%d9%84-beauty-box","status":"publish","type":"product","link":"https:\/\/biorganic-rim.com\/en\/product\/%d8%a8%d9%88%d9%83%d8%b3-%d8%a7%d9%84%d8%ac%d9%85%d8%a7%d9%84-beauty-box\/","title":{"rendered":"\u0628\u0648\u0643\u0633 \u0627\u0644\u062c\u0645\u0627\u0644 Beauty box"},"content":{"rendered":"<p>\u0628\u0648\u0643\u0633 \u0627\u0644\u062c\u0645\u0627\u0644 \u2013 \u0644\u0628\u0634\u0631\u0629 \u0645\u0634\u0631\u0642\u0629 \u0648\u0634\u0639\u0631 \u0642\u0648\u064a \u0648\u0623\u0638\u0627\u0641\u0631 \u0635\u062d\u064a\u0629<\/p>\n<p>\u0628\u0627\u0642\u0629 \u0645\u062a\u0643\u0627\u0645\u0644\u0629 \u0644\u0644\u0639\u0646\u0627\u064a\u0629 \u0628\u0627\u0644\u062c\u0645\u0627\u0644 \u0645\u0646 \u0627\u0644\u062f\u0627\u062e\u0644\u060c \u062a\u062c\u0645\u0639 \u0628\u064a\u0646 \u0627\u0644\u0643\u0648\u0644\u0627\u062c\u064a\u0646 \u0648\u0627\u0644\u0641\u064a\u062a\u0627\u0645\u064a\u0646\u0627\u062a \u0648\u0627\u0644\u0628\u064a\u0648\u062a\u064a\u0646 \u0644\u062f\u0639\u0645 \u0646\u0636\u0627\u0631\u0629 \u0627\u0644\u0628\u0634\u0631\u0629\u060c \u062a\u0642\u0648\u064a\u0629 \u0627\u0644\u0634\u0639\u0631\u060c \u0648\u062a\u0639\u0632\u064a\u0632 \u0635\u062d\u0629 \u0627\u0644\u0623\u0638\u0627\u0641\u0631.<\/p>\n<p>\u2705 California Gold CollagenUP<\/p>\n<p>(\u0643\u0648\u0644\u0627\u062c\u064a\u0646 \u0628\u062d\u0631\u064a \u0645\u062a\u062d\u0644\u0644 + \u062d\u0645\u0636 \u0627\u0644\u0647\u064a\u0627\u0644\u0648\u0631\u0648\u0646\u064a\u0643 + \u0641\u064a\u062a\u0627\u0645\u064a\u0646 C)<\/p>\n<p>\u064a\u0633\u0627\u0639\u062f \u0639\u0644\u0649 \u062a\u062d\u0633\u064a\u0646 \u0645\u0631\u0648\u0646\u0629 \u0627\u0644\u0628\u0634\u0631\u0629\u060c \u062a\u0642\u0644\u064a\u0644 \u0639\u0644\u0627\u0645\u0627\u062a \u0627\u0644\u062a\u0642\u062f\u0645 \u0641\u064a \u0627\u0644\u0633\u0646\u060c \u0648\u062a\u0642\u0648\u064a\u0629 \u0627\u0644\u0634\u0639\u0631 \u0648\u0627\u0644\u0623\u0638\u0627\u0641\u0631.<\/p>\n<p>\u2705 California Gold Vitamin C \u2013 1000mg<\/p>\n<p>\u0645\u0636\u0627\u062f \u0623\u0643\u0633\u062f\u0629 \u0642\u0648\u064a\u060c \u064a\u062f\u0639\u0645 \u0625\u0646\u062a\u0627\u062c \u0627\u0644\u0643\u0648\u0644\u0627\u062c\u064a\u0646 \u0627\u0644\u0637\u0628\u064a\u0639\u064a \u0648\u064a\u0642\u0648\u064a \u0627\u0644\u0645\u0646\u0627\u0639\u0629.<\/p>\n<p>\u2705 California Gold Vitamin D3 \u2013 5000 IU<\/p>\n<p>\u064a\u0633\u0627\u0639\u062f \u0641\u064a \u062f\u0639\u0645 \u0635\u062d\u0629 \u0627\u0644\u0639\u0638\u0627\u0645 \u0648\u0627\u0644\u0628\u0634\u0631\u0629 \u0648\u062a\u0642\u0648\u064a\u0629 \u0627\u0644\u062c\u0647\u0627\u0632 \u0627\u0644\u0645\u0646\u0627\u0639\u064a.<\/p>\n<p>\u2705 Natrol Biotin \u2013 10,000mcg<\/p>\n<p>\u064a\u0639\u0632\u0632 \u0646\u0645\u0648 \u0627\u0644\u0634\u0639\u0631\u060c \u064a\u0642\u0648\u064a \u0627\u0644\u0623\u0638\u0627\u0641\u0631 \u0648\u064a\u062d\u0633\u0646 \u0645\u0638\u0647\u0631 \u0627\u0644\u0628\u0634\u0631\u0629.<\/p>\n<p>BOX BEAUT\u00c9 \u2013 Peau \u00e9clatante, cheveux forts &amp; ongles r\u00e9sistants<\/p>\n<p>Un coffret complet sp\u00e9cialement formul\u00e9 pour soutenir la beaut\u00e9 de l\u2019int\u00e9rieur. Une combinaison puissante de collag\u00e8ne, vitamines et biotine pour une peau plus ferme, des cheveux plus forts et des ongles plus r\u00e9sistants.<\/p>\n<p>Contenu du box :<\/p>\n<p>\u2705 California Gold CollagenUP (Collag\u00e8ne marin hydrolys\u00e9 + Acide hyaluronique + Vitamine C)<\/p>\n<p>Aide \u00e0 am\u00e9liorer l\u2019\u00e9lasticit\u00e9 de la peau, r\u00e9duire les signes de l\u2019\u00e2ge et renforcer cheveux &amp; ongles.<\/p>\n<p>\u2705 California Gold Vitamin C \u2013 1000 mg<\/p>\n<p>Antioxydant puissant, soutient la production naturelle de collag\u00e8ne et renforce l\u2019immunit\u00e9.<\/p>\n<p>\u2705 California Gold Vitamin D3 \u2013 5000 IU<\/p>\n<p>Contribue \u00e0 la sant\u00e9 des os, de la peau et au bon fonctionnement du syst\u00e8me immunitaire.<\/p>\n<p>\u2705 Natrol Biotin \u2013 10 000 mcg<\/p>\n<p>Favorise la croissance des cheveux, renforce les ongles et am\u00e9liore l\u2019aspect de la peau.<\/p>\n<p>\u2705 Shaker BioGanic<\/p>\n<p>Pratique pour pr\u00e9parer votre collag\u00e8ne facilement chaque jour.<\/p>\n<p>\u2b50 Avantages principaux :<\/p>\n<p>\u2714 Peau plus lumineuse et plus ferme<\/p>\n<p>\u2714 Cheveux plus forts et plus \u00e9pais<\/p>\n<p>\u2714 Ongles r\u00e9sistants<\/p>\n<p>\u2714 Soutien anti-\u00e2ge naturel<\/p>\n<p>\u2714 Solution beaut\u00e9 compl\u00e8te et pr\u00eate \u00e0 l\u2019emploi<\/p>\n","protected":false},"excerpt":{"rendered":"<p>\u0628\u0648\u0643\u0633 \u0627\u0644\u062c\u0645\u0627\u0644 \u2013 \u0644\u0628\u0634\u0631\u0629 \u0645\u0634\u0631\u0642\u0629 \u0648\u0634\u0639\u0631 \u0642\u0648\u064a \u0648\u0623\u0638\u0627\u0641\u0631 \u0635\u062d\u064a\u0629 \u0628\u0627\u0642\u0629 \u0645\u062a\u0643\u0627\u0645\u0644\u0629 &#8230; <\/p>\n","protected":false},"featured_media":4442,"comment_status":"open","ping_status":"closed","template":"","meta":{"_joinchat":[]},"product_brand":[],"product_cat":[59],"product_tag":[],"class_list":{"0":"post-4444","1":"product","2":"type-product","3":"status-publish","4":"has-post-thumbnail","6":"product_cat-59","8":"first","9":"outofstock","10":"sale","11":"shipping-taxable","12":"purchasable","13":"product-type-simple"},"bundled_by":[],"bundle_stock_status":"outofstock","bundle_stock_quantity":null,"bundle_virtual":false,"bundle_layout":"","bundle_add_to_cart_form_location":"","bundle_editable_in_cart":false,"bundle_sold_individually_context":"","bundle_item_grouping":"","bundle_min_size":"","bundle_max_size":"","bundle_price":[],"bundled_items":[],"bundle_sell_ids":[],"_links":{"self":[{"href":"https:\/\/biorganic-rim.com\/en\/wp-json\/wp\/v2\/product\/4444","targetHints":{"allow":["GET"]}}],"collection":[{"href":"https:\/\/biorganic-rim.com\/en\/wp-json\/wp\/v2\/product"}],"about":[{"href":"https:\/\/biorganic-rim.com\/en\/wp-json\/wp\/v2\/types\/product"}],"replies":[{"embeddable":true,"href":"https:\/\/biorganic-rim.com\/en\/wp-json\/wp\/v2\/comments?post=4444"}],"wp:featuredmedia":[{"embeddable":true,"href":"https:\/\/biorganic-rim.com\/en\/wp-json\/wp\/v2\/media\/4442"}],"wp:attachment":[{"href":"https:\/\/biorganic-rim.com\/en\/wp-json\/wp\/v2\/media?parent=4444"}],"wp:term":[{"taxonomy":"product_brand","embeddable":true,"href":"https:\/\/biorganic-rim.com\/en\/wp-json\/wp\/v2\/product_brand?post=4444"},{"taxonomy":"product_cat","embeddable":true,"href":"https:\/\/biorganic-rim.com\/en\/wp-json\/wp\/v2\/product_cat?post=4444"},{"taxonomy":"product_tag","embeddable":true,"href":"https:\/\/biorganic-rim.com\/en\/wp-json\/wp\/v2\/product_tag?post=4444"}],"curies":[{"name":"wp","href":"https:\/\/api.w.org\/{rel}","templated":true}]}}