{"id":4644,"date":"2026-03-11T00:50:25","date_gmt":"2026-03-11T00:50:25","guid":{"rendered":"https:\/\/biorganic-rim.com\/?post_type=product&#038;p=4644"},"modified":"2026-04-13T18:08:53","modified_gmt":"2026-04-13T18:08:53","slug":"core-champs-mass-gainer-ultra-premium","status":"publish","type":"product","link":"https:\/\/biorganic-rim.com\/en\/product\/core-champs-mass-gainer-ultra-premium\/","title":{"rendered":"Core champs Mass gainer ultra premium"},"content":{"rendered":"<p>\u0645\u0643\u0645\u0644 \u0645\u062a\u0643\u0627\u0645\u0644 \u0644\u0632\u064a\u0627\u062f\u0629 \u0627\u0644\u0648\u0632\u0646 \u0648\u0628\u0646\u0627\u0621 \u0627\u0644\u0639\u0636\u0644\u0627\u062a\u060c \u064a\u062d\u062a\u0648\u064a \u0639\u0644\u0649 \u0645\u0632\u064a\u062c \u0642\u0648\u064a \u0645\u0646 \u0627\u0644\u0628\u0631\u0648\u062a\u064a\u0646 \u0639\u0627\u0644\u064a \u0627\u0644\u062c\u0648\u062f\u0629 \u0648\u0627\u0644\u0643\u0631\u0628\u0648\u0647\u064a\u062f\u0631\u0627\u062a \u0644\u062a\u0632\u0648\u064a\u062f \u0627\u0644\u062c\u0633\u0645 \u0628\u0627\u0644\u0637\u0627\u0642\u0629 \u0648\u0627\u0644\u0633\u0639\u0631\u0627\u062a \u0627\u0644\u0644\u0627\u0632\u0645\u0629 \u0644\u0644\u062a\u0636\u062e\u064a\u0645.<\/p>\n<p>\u064a\u0648\u0641\u0631 \u062d\u0648\u0627\u0644\u064a 1250 \u0633\u0639\u0631\u0629 \u062d\u0631\u0627\u0631\u064a\u0629 \u064850\u063a \u0628\u0631\u0648\u062a\u064a\u0646 \u0641\u064a \u0627\u0644\u062d\u0635\u0629 \u0644\u062f\u0639\u0645 \u0646\u0645\u0648 \u0627\u0644\u0639\u0636\u0644\u0627\u062a \u0648\u062a\u0633\u0631\u064a\u0639 \u0627\u0644\u0627\u0633\u062a\u0634\u0641\u0627\u0621 \u0628\u0639\u062f \u0627\u0644\u062a\u0645\u0631\u064a\u0646.<\/p>\n<p>\u064a\u0633\u0627\u0639\u062f \u0639\u0644\u0649:<\/p>\n<p>\u0632\u064a\u0627\u062f\u0629 \u0627\u0644\u0648\u0632\u0646 \u0648\u0627\u0644\u0643\u062a\u0644\u0629 \u0627\u0644\u0639\u0636\u0644\u064a\u0629<\/p>\n<p>\u062a\u062d\u0633\u064a\u0646 \u0627\u0644\u0623\u062f\u0627\u0621 \u0648\u0627\u0644\u0637\u0627\u0642\u0629 \u0623\u062b\u0646\u0627\u0621 \u0627\u0644\u062a\u0645\u0631\u064a\u0646<\/p>\n<p>\u062a\u0633\u0631\u064a\u0639 \u0627\u0644\u0627\u0633\u062a\u0634\u0641\u0627\u0621 \u0627\u0644\u0639\u0636\u0644\u064a<\/p>\n<p>\u062a\u0632\u0648\u064a\u062f \u0627\u0644\u062c\u0633\u0645 \u0628\u0627\u0644\u0623\u062d\u0645\u0627\u0636 \u0627\u0644\u0623\u0645\u064a\u0646\u064a\u0629 BCAA \u0627\u0644\u0636\u0631\u0648\u0631\u064a\u0629 \u0644\u0628\u0646\u0627\u0621 \u0627\u0644\u0639\u0636\u0644\u0627\u062a<\/p>\n<p>CORE CHAMPS MASS GAINER ULTRA PREMIUM<\/p>\n<p>Compl\u00e9ment alimentaire riche en calories sp\u00e9cialement con\u00e7u pour les personnes qui veulent prendre du poids et d\u00e9velopper leur masse musculaire. Il contient un m\u00e9lange de prot\u00e9ines de haute qualit\u00e9 et de glucides pour fournir l\u2019\u00e9nergie n\u00e9cessaire au corps.<\/p>\n<p>Il aide \u00e0 :<\/p>\n<p>Favoriser la prise de masse musculaire<\/p>\n<p>Augmenter l\u2019apport calorique quotidien<\/p>\n<p>Am\u00e9liorer la r\u00e9cup\u00e9ration apr\u00e8s l\u2019entra\u00eenement<\/p>\n<p>Soutenir la performance et l\u2019endurance<\/p>\n","protected":false},"excerpt":{"rendered":"<p>\u0645\u0643\u0645\u0644 \u0645\u062a\u0643\u0627\u0645\u0644 \u0644\u0632\u064a\u0627\u062f\u0629 \u0627\u0644\u0648\u0632\u0646 \u0648\u0628\u0646\u0627\u0621 \u0627\u0644\u0639\u0636\u0644\u0627\u062a\u060c \u064a\u062d\u062a\u0648\u064a \u0639\u0644\u0649 \u0645\u0632\u064a\u062c \u0642\u0648\u064a \u0645\u0646 &#8230; <\/p>\n","protected":false},"featured_media":4642,"comment_status":"open","ping_status":"closed","template":"","meta":{"_joinchat":[]},"product_brand":[],"product_cat":[54,56],"product_tag":[],"class_list":{"0":"post-4644","1":"product","2":"type-product","3":"status-publish","4":"has-post-thumbnail","6":"product_cat-54","7":"product_cat-56","9":"first","10":"outofstock","11":"shipping-taxable","12":"purchasable","13":"product-type-simple"},"bundled_by":[],"bundle_stock_status":"outofstock","bundle_stock_quantity":null,"bundle_virtual":false,"bundle_layout":"","bundle_add_to_cart_form_location":"","bundle_editable_in_cart":false,"bundle_sold_individually_context":"","bundle_item_grouping":"","bundle_min_size":"","bundle_max_size":"","bundle_price":[],"bundled_items":[],"bundle_sell_ids":[],"_links":{"self":[{"href":"https:\/\/biorganic-rim.com\/en\/wp-json\/wp\/v2\/product\/4644","targetHints":{"allow":["GET"]}}],"collection":[{"href":"https:\/\/biorganic-rim.com\/en\/wp-json\/wp\/v2\/product"}],"about":[{"href":"https:\/\/biorganic-rim.com\/en\/wp-json\/wp\/v2\/types\/product"}],"replies":[{"embeddable":true,"href":"https:\/\/biorganic-rim.com\/en\/wp-json\/wp\/v2\/comments?post=4644"}],"wp:featuredmedia":[{"embeddable":true,"href":"https:\/\/biorganic-rim.com\/en\/wp-json\/wp\/v2\/media\/4642"}],"wp:attachment":[{"href":"https:\/\/biorganic-rim.com\/en\/wp-json\/wp\/v2\/media?parent=4644"}],"wp:term":[{"taxonomy":"product_brand","embeddable":true,"href":"https:\/\/biorganic-rim.com\/en\/wp-json\/wp\/v2\/product_brand?post=4644"},{"taxonomy":"product_cat","embeddable":true,"href":"https:\/\/biorganic-rim.com\/en\/wp-json\/wp\/v2\/product_cat?post=4644"},{"taxonomy":"product_tag","embeddable":true,"href":"https:\/\/biorganic-rim.com\/en\/wp-json\/wp\/v2\/product_tag?post=4644"}],"curies":[{"name":"wp","href":"https:\/\/api.w.org\/{rel}","templated":true}]}}