{"id":4724,"date":"2026-04-07T20:27:04","date_gmt":"2026-04-07T20:27:04","guid":{"rendered":"https:\/\/biorganic-rim.com\/product\/nutrex-creatine-300g\/"},"modified":"2026-04-07T20:27:09","modified_gmt":"2026-04-07T20:27:09","slug":"nutrex-creatine-300g","status":"publish","type":"product","link":"https:\/\/biorganic-rim.com\/en\/product\/nutrex-creatine-300g\/","title":{"rendered":"Nutrex creatine (300g)"},"content":{"rendered":"<p>\u0645\u0643\u0645\u0644 Nutrex Creatine 300g \u0647\u0648 \u0643\u0631\u064a\u0627\u062a\u064a\u0646 \u0645\u0648\u0646\u0648\u0647\u064a\u062f\u0631\u0627\u062a \u0646\u0642\u064a \u0639\u0627\u0644\u064a \u0627\u0644\u062c\u0648\u062f\u0629\u060c \u0645\u0635\u0645\u0645 \u062e\u0635\u064a\u0635\u064b\u0627 \u0644\u062f\u0639\u0645 \u0627\u0644\u0623\u062f\u0627\u0621 \u0627\u0644\u0631\u064a\u0627\u0636\u064a \u0648\u0632\u064a\u0627\u062f\u0629 \u0627\u0644\u0642\u0648\u0629 \u0627\u0644\u0639\u0636\u0644\u064a\u0629. \u064a\u062a\u0645\u064a\u0632 \u0628\u062a\u0631\u0643\u064a\u0628\u0629 Micronized (\u0645\u0637\u062d\u0648\u0646\u0629 \u0628\u062f\u0642\u0629) \u0644\u0636\u0645\u0627\u0646 \u0630\u0648\u0628\u0627\u0646 \u0633\u0631\u064a\u0639 \u0648\u0627\u0645\u062a\u0635\u0627\u0635 \u0623\u0641\u0636\u0644 \u062f\u0627\u062e\u0644 \u0627\u0644\u0639\u0636\u0644\u0627\u062a\u060c \u0645\u0645\u0627 \u064a\u0633\u0627\u0639\u062f \u0639\u0644\u0649 \u062a\u062d\u0633\u064a\u0646 \u0627\u0644\u0637\u0627\u0642\u0629 \u0623\u062b\u0646\u0627\u0621 \u0627\u0644\u062a\u0645\u0627\u0631\u064a\u0646 \u0627\u0644\u0645\u0643\u062b\u0641\u0629.<\/p>\n<p>\u064a\u0633\u0627\u0647\u0645 \u0647\u0630\u0627 \u0627\u0644\u0645\u0643\u0645\u0644 \u0641\u064a \u0631\u0641\u0639 \u0645\u0633\u062a\u0648\u0649 ATP \u062f\u0627\u062e\u0644 \u0627\u0644\u0639\u0636\u0644\u0627\u062a\u060c \u0648\u0647\u0648 \u0627\u0644\u0645\u0635\u062f\u0631 \u0627\u0644\u0623\u0633\u0627\u0633\u064a \u0644\u0644\u0637\u0627\u0642\u0629\u060c \u0645\u0645\u0627 \u064a\u0645\u0643\u0646\u0643 \u0645\u0646 \u0627\u0644\u062a\u0645\u0631\u064a\u0646 \u0628\u0642\u0648\u0629 \u0623\u0643\u0628\u0631 \u0648\u0644\u0641\u062a\u0631\u0629 \u0623\u0637\u0648\u0644. \u0643\u0645\u0627 \u064a\u062f\u0639\u0645 \u0632\u064a\u0627\u062f\u0629 \u0627\u0644\u0643\u062a\u0644\u0629 \u0627\u0644\u0639\u0636\u0644\u064a\u0629 \u0627\u0644\u0635\u0627\u0641\u064a\u0629 \u0648\u062a\u0633\u0631\u064a\u0639 \u0627\u0644\u0627\u0633\u062a\u0634\u0641\u0627\u0621 \u0628\u0639\u062f \u0627\u0644\u062a\u0645\u0627\u0631\u064a\u0646.<\/p>\n<p>\u2714\ufe0f \u064a\u0632\u064a\u062f \u0627\u0644\u0642\u0648\u0629 \u0648\u0627\u0644\u062a\u062d\u0645\u0644<\/p>\n<p>\u2714\ufe0f \u064a\u0633\u0627\u0639\u062f \u0639\u0644\u0649 \u0628\u0646\u0627\u0621 \u0627\u0644\u0639\u0636\u0644\u0627\u062a \u0628\u0634\u0643\u0644 \u0623\u0633\u0631\u0639<\/p>\n<p>\u2714\ufe0f \u064a\u062d\u0633\u0646 \u0627\u0644\u0623\u062f\u0627\u0621 \u0641\u064a \u0627\u0644\u062a\u0645\u0627\u0631\u064a\u0646 \u0639\u0627\u0644\u064a\u0629 \u0627\u0644\u0634\u062f\u0629<\/p>\n<p>\u2714\ufe0f \u0628\u062f\u0648\u0646 \u0646\u0643\u0647\u0629 (\u064a\u0645\u0643\u0646 \u062e\u0644\u0637\u0647 \u0645\u0639 \u0623\u064a \u0645\u0634\u0631\u0648\u0628)<\/p>\n<p>Nutrex Creatine 300g est une cr\u00e9atine monohydrate pure et micronis\u00e9e, reconnue pour am\u00e9liorer les performances sportives et augmenter la force musculaire. Gr\u00e2ce \u00e0 sa formule fine, elle se m\u00e9lange \u0628\u0633\u0647\u0648\u0644\u0629 et s\u2019absorbe rapidement, \u0628\u062f\u0648\u0646 \u0645\u0634\u0627\u0643\u0644 \u0627\u0646\u062a\u0641\u0627\u062e.<\/p>\n<p>Elle agit en augmentant la production d\u2019ATP, fournissant ainsi plus d\u2019\u00e9nergie aux muscles pendant l\u2019effort intense. R\u00e9sultat : plus de puissance, de meilleures performances et une prise de masse musculaire plus efficace.<\/p>\n<p>\u2714\ufe0f Augmente la force et la puissance<\/p>\n<p>\u2714\ufe0f Favorise la prise de masse musculaire<\/p>\n<p>\u2714\ufe0f Am\u00e9liore l\u2019endurance et la r\u00e9cup\u00e9ration<\/p>\n<p>\u2714\ufe0f Sans go\u00fbt \u2013 facile \u00e0 m\u00e9langer<\/p>\n","protected":false},"excerpt":{"rendered":"<p>\u0645\u0643\u0645\u0644 Nutrex Creatine 300g \u0647\u0648 \u0643\u0631\u064a\u0627\u062a\u064a\u0646 \u0645\u0648\u0646\u0648\u0647\u064a\u062f\u0631\u0627\u062a \u0646\u0642\u064a \u0639\u0627\u0644\u064a \u0627\u0644\u062c\u0648\u062f\u0629\u060c \u0645\u0635\u0645\u0645 &#8230; <\/p>\n","protected":false},"featured_media":4722,"comment_status":"open","ping_status":"closed","template":"","meta":{"_joinchat":[]},"product_brand":[],"product_cat":[54],"product_tag":[],"class_list":{"0":"post-4724","1":"product","2":"type-product","3":"status-publish","4":"has-post-thumbnail","6":"product_cat-54","8":"first","9":"instock","10":"shipping-taxable","11":"purchasable","12":"product-type-simple"},"bundled_by":[],"bundle_stock_status":"instock","bundle_stock_quantity":null,"bundle_virtual":false,"bundle_layout":"","bundle_add_to_cart_form_location":"","bundle_editable_in_cart":false,"bundle_sold_individually_context":"","bundle_item_grouping":"","bundle_min_size":"","bundle_max_size":"","bundle_price":[],"bundled_items":[],"bundle_sell_ids":[],"_links":{"self":[{"href":"https:\/\/biorganic-rim.com\/en\/wp-json\/wp\/v2\/product\/4724","targetHints":{"allow":["GET"]}}],"collection":[{"href":"https:\/\/biorganic-rim.com\/en\/wp-json\/wp\/v2\/product"}],"about":[{"href":"https:\/\/biorganic-rim.com\/en\/wp-json\/wp\/v2\/types\/product"}],"replies":[{"embeddable":true,"href":"https:\/\/biorganic-rim.com\/en\/wp-json\/wp\/v2\/comments?post=4724"}],"wp:featuredmedia":[{"embeddable":true,"href":"https:\/\/biorganic-rim.com\/en\/wp-json\/wp\/v2\/media\/4722"}],"wp:attachment":[{"href":"https:\/\/biorganic-rim.com\/en\/wp-json\/wp\/v2\/media?parent=4724"}],"wp:term":[{"taxonomy":"product_brand","embeddable":true,"href":"https:\/\/biorganic-rim.com\/en\/wp-json\/wp\/v2\/product_brand?post=4724"},{"taxonomy":"product_cat","embeddable":true,"href":"https:\/\/biorganic-rim.com\/en\/wp-json\/wp\/v2\/product_cat?post=4724"},{"taxonomy":"product_tag","embeddable":true,"href":"https:\/\/biorganic-rim.com\/en\/wp-json\/wp\/v2\/product_tag?post=4724"}],"curies":[{"name":"wp","href":"https:\/\/api.w.org\/{rel}","templated":true}]}}