{"id":4738,"date":"2026-04-25T18:22:54","date_gmt":"2026-04-25T18:22:54","guid":{"rendered":"https:\/\/biorganic-rim.com\/?post_type=product&#038;p=4738"},"modified":"2026-04-25T18:23:46","modified_gmt":"2026-04-25T18:23:46","slug":"an-creatine-monohydrate-microzed-strawberry-raspberriy250g-50-servings","status":"publish","type":"product","link":"https:\/\/biorganic-rim.com\/en\/product\/an-creatine-monohydrate-microzed-strawberry-raspberriy250g-50-servings\/","title":{"rendered":"AN Creatine Monohydrate microzed strawberry Raspberriy(250g\/50 servings)"},"content":{"rendered":"<p>AN Creatine Monohydrate Micronized \u2013 \u0646\u0643\u0647\u0629 \u0627\u0644\u0641\u0631\u0627\u0648\u0644\u0629 \u0648\u0627\u0644\u062a\u0648\u062a (250g \/ 50 \u062d\u0635\u0629)<\/p>\n<p>\u0645\u0643\u0645\u0644 \u0643\u0631\u064a\u0627\u062a\u064a\u0646 \u0645\u0648\u0646\u0648\u0647\u064a\u062f\u0631\u0627\u062a \u0639\u0627\u0644\u064a \u0627\u0644\u062c\u0648\u062f\u0629 \u0628\u062a\u0631\u0643\u064a\u0628\u0629 \u0645\u064a\u0643\u0631\u0648\u0646\u0627\u064a\u0632\u062f \u0644\u0630\u0648\u0628\u0627\u0646 \u0623\u0633\u0631\u0639 \u0648\u0627\u0645\u062a\u0635\u0627\u0635 \u0623\u0641\u0636\u0644\u060c \u0645\u0639 \u0646\u0643\u0647\u0629 \u0644\u0630\u064a\u0630\u0629 \u0645\u0646 \u0627\u0644\u0641\u0631\u0627\u0648\u0644\u0629 \u0648\u0627\u0644\u062a\u0648\u062a. \u0645\u062b\u0627\u0644\u064a \u0644\u0631\u0641\u0639 \u0627\u0644\u0642\u0648\u0629 \u0627\u0644\u0628\u062f\u0646\u064a\u0629 \u0648\u062a\u062d\u0633\u064a\u0646 \u0627\u0644\u0623\u062f\u0627\u0621 \u062e\u0644\u0627\u0644 \u0627\u0644\u062a\u0645\u0627\u0631\u064a\u0646 \u0627\u0644\u0645\u0643\u062b\u0641\u0629\u060c \u0645\u0639 \u062f\u0639\u0645 \u0641\u0639\u0627\u0644 \u0644\u0628\u0646\u0627\u0621 \u0627\u0644\u0643\u062a\u0644\u0629 \u0627\u0644\u0639\u0636\u0644\u064a\u0629.<\/p>\n<p>\u2714\ufe0f \u064a\u0632\u064a\u062f \u0627\u0644\u0642\u0648\u0629 \u0648\u0627\u0644\u0637\u0627\u0642\u0629 \u0623\u062b\u0646\u0627\u0621 \u0627\u0644\u062a\u0645\u0631\u064a\u0646<\/p>\n<p>\u2714\ufe0f \u064a\u0633\u0627\u0639\u062f \u0639\u0644\u0649 \u062a\u0636\u062e\u064a\u0645 \u0627\u0644\u0639\u0636\u0644\u0627\u062a<\/p>\n<p>\u2714\ufe0f \u064a\u0633\u0631\u0651\u0639 \u0627\u0644\u0627\u0633\u062a\u0634\u0641\u0627\u0621 \u0627\u0644\u0639\u0636\u0644\u064a<\/p>\n<p>\u2714\ufe0f \u0646\u0643\u0647\u0629 \u0645\u0646\u0639\u0634\u0629 \u0648\u0633\u0647\u0644\u0629 \u0627\u0644\u0634\u0631\u0628<\/p>\n<p>\u2714\ufe0f \u0630\u0648\u0628\u0627\u0646 \u0633\u0631\u064a\u0639 \u0628\u062f\u0648\u0646 \u062a\u0643\u062a\u0644<\/p>\n<p>AN Creatine Monohydrate Micronized \u2013 Saveur Fraise &amp; Framboise (250g \/ 50 portions)<\/p>\n<p>Une cr\u00e9atine monohydrate de haute qualit\u00e9 sous forme micronis\u00e9e pour une absorption rapide, avec une d\u00e9licieuse saveur fraise et framboise. Id\u00e9ale pour am\u00e9liorer la force, booster les performances et favoriser la croissance musculaire.<\/p>\n<p>\u2714\ufe0f Augmente la force et l\u2019\u00e9nergie<\/p>\n<p>\u2714\ufe0f Favorise la prise de masse musculaire<\/p>\n<p>\u2714\ufe0f Am\u00e9liore la r\u00e9cup\u00e9ration<\/p>\n<p>\u2714\ufe0f Go\u00fbt agr\u00e9able et rafra\u00eechissant<\/p>\n<p>\u2714\ufe0f Excellente solubilit\u00e9<\/p>\n","protected":false},"excerpt":{"rendered":"<p>AN Creatine Monohydrate Micronized \u2013 \u0646\u0643\u0647\u0629 \u0627\u0644\u0641\u0631\u0627\u0648\u0644\u0629 \u0648\u0627\u0644\u062a\u0648\u062a (250g \/ 50 &#8230; <\/p>\n","protected":false},"featured_media":4736,"comment_status":"open","ping_status":"closed","template":"","meta":{"_joinchat":[]},"product_brand":[],"product_cat":[55,57,54],"product_tag":[],"class_list":{"0":"post-4738","1":"product","2":"type-product","3":"status-publish","4":"has-post-thumbnail","6":"product_cat-55","7":"product_cat-57","8":"product_cat-54","10":"first","11":"instock","12":"shipping-taxable","13":"purchasable","14":"product-type-simple"},"bundled_by":[],"bundle_stock_status":"instock","bundle_stock_quantity":null,"bundle_virtual":false,"bundle_layout":"","bundle_add_to_cart_form_location":"","bundle_editable_in_cart":false,"bundle_sold_individually_context":"","bundle_item_grouping":"","bundle_min_size":"","bundle_max_size":"","bundle_price":[],"bundled_items":[],"bundle_sell_ids":[],"_links":{"self":[{"href":"https:\/\/biorganic-rim.com\/en\/wp-json\/wp\/v2\/product\/4738","targetHints":{"allow":["GET"]}}],"collection":[{"href":"https:\/\/biorganic-rim.com\/en\/wp-json\/wp\/v2\/product"}],"about":[{"href":"https:\/\/biorganic-rim.com\/en\/wp-json\/wp\/v2\/types\/product"}],"replies":[{"embeddable":true,"href":"https:\/\/biorganic-rim.com\/en\/wp-json\/wp\/v2\/comments?post=4738"}],"wp:featuredmedia":[{"embeddable":true,"href":"https:\/\/biorganic-rim.com\/en\/wp-json\/wp\/v2\/media\/4736"}],"wp:attachment":[{"href":"https:\/\/biorganic-rim.com\/en\/wp-json\/wp\/v2\/media?parent=4738"}],"wp:term":[{"taxonomy":"product_brand","embeddable":true,"href":"https:\/\/biorganic-rim.com\/en\/wp-json\/wp\/v2\/product_brand?post=4738"},{"taxonomy":"product_cat","embeddable":true,"href":"https:\/\/biorganic-rim.com\/en\/wp-json\/wp\/v2\/product_cat?post=4738"},{"taxonomy":"product_tag","embeddable":true,"href":"https:\/\/biorganic-rim.com\/en\/wp-json\/wp\/v2\/product_tag?post=4738"}],"curies":[{"name":"wp","href":"https:\/\/api.w.org\/{rel}","templated":true}]}}