{"id":4773,"date":"2026-04-25T20:40:44","date_gmt":"2026-04-25T20:40:44","guid":{"rendered":"https:\/\/biorganic-rim.com\/?post_type=product&#038;p=4773"},"modified":"2026-04-25T20:42:39","modified_gmt":"2026-04-25T20:42:39","slug":"an-creatine-monohydrate-micronized-250g-50-servings","status":"publish","type":"product","link":"https:\/\/biorganic-rim.com\/en\/product\/an-creatine-monohydrate-micronized-250g-50-servings\/","title":{"rendered":"AN Creatine Monohydrate micronized (250g\/ 50 servings)"},"content":{"rendered":"<p>AN Creatine Monohydrate Micronized est une cr\u00e9atine pure de haute qualit\u00e9, sp\u00e9cialement micronis\u00e9e pour une meilleure solubilit\u00e9 et une absorption rapide. Id\u00e9ale pour am\u00e9liorer les performances sportives, augmenter la force et favoriser la prise de masse musculaire.<\/p>\n<p>Bienfaits :<\/p>\n<p>Augmente la force et l\u2019explosivit\u00e9<\/p>\n<p>Am\u00e9liore les performances lors des entra\u00eenements intensifs<\/p>\n<p>Favorise la prise de masse musculaire<\/p>\n<p>Acc\u00e9l\u00e8re la r\u00e9cup\u00e9ration<\/p>\n<p>AN Creatine Monohydrate Micronized \u0647\u0648 \u0645\u0643\u0645\u0644 \u0639\u0627\u0644\u064a \u0627\u0644\u062c\u0648\u062f\u0629 \u0645\u0646 \u0627\u0644\u0643\u0631\u064a\u0627\u062a\u064a\u0646 \u0627\u0644\u0646\u0642\u064a\u060c \u064a\u062a\u0645\u064a\u0632 \u0628\u062a\u0631\u0643\u064a\u0628\u0629 \u0645\u064a\u0643\u0631\u0648\u0646\u0627\u064a\u0632\u062f (\u0645\u0637\u062d\u0648\u0646\u0629 \u0628\u062f\u0642\u0629) \u0644\u0633\u0647\u0648\u0644\u0629 \u0627\u0644\u0630\u0648\u0628\u0627\u0646 \u0648\u0633\u0631\u0639\u0629 \u0627\u0644\u0627\u0645\u062a\u0635\u0627\u0635\u060c \u0645\u0645\u0627 \u064a\u062c\u0639\u0644\u0647 \u0645\u062b\u0627\u0644\u064a\u064b\u0627 \u0644\u062a\u062d\u0633\u064a\u0646 \u0627\u0644\u0623\u062f\u0627\u0621 \u0627\u0644\u0631\u064a\u0627\u0636\u064a \u0648\u0632\u064a\u0627\u062f\u0629 \u0627\u0644\u0642\u0648\u0629 \u0648\u0627\u0644\u0643\u062a\u0644\u0629 \u0627\u0644\u0639\u0636\u0644\u064a\u0629.<\/p>\n<p>\u0627\u0644\u0641\u0648\u0627\u0626\u062f:<\/p>\n<p>\u0632\u064a\u0627\u062f\u0629 \u0627\u0644\u0642\u0648\u0629 \u0648\u0627\u0644\u0637\u0627\u0642\u0629 \u0623\u062b\u0646\u0627\u0621 \u0627\u0644\u062a\u0645\u0631\u064a\u0646<\/p>\n<p>\u062a\u062d\u0633\u064a\u0646 \u0627\u0644\u0623\u062f\u0627\u0621 \u0641\u064a \u0627\u0644\u062a\u0645\u0627\u0631\u064a\u0646 \u0639\u0627\u0644\u064a\u0629 \u0627\u0644\u0634\u062f\u0629<\/p>\n<p>\u0627\u0644\u0645\u0633\u0627\u0639\u062f\u0629 \u0641\u064a \u0628\u0646\u0627\u0621 \u0627\u0644\u0639\u0636\u0644\u0627\u062a \u0648\u0632\u064a\u0627\u062f\u0629 \u0627\u0644\u0643\u062a\u0644\u0629<\/p>\n<p>\u062a\u0633\u0631\u064a\u0639 \u0627\u0644\u0627\u0633\u062a\u0634\u0641\u0627\u0621 \u0627\u0644\u0639\u0636\u0644\u064a<\/p>\n","protected":false},"excerpt":{"rendered":"<p>AN Creatine Monohydrate Micronized est une cr\u00e9atine pure de haute qualit\u00e9, &#8230; <\/p>\n","protected":false},"featured_media":4771,"comment_status":"open","ping_status":"closed","template":"","meta":{"_joinchat":[]},"product_brand":[],"product_cat":[55,54],"product_tag":[],"class_list":{"0":"post-4773","1":"product","2":"type-product","3":"status-publish","4":"has-post-thumbnail","6":"product_cat-55","7":"product_cat-54","9":"first","10":"instock","11":"shipping-taxable","12":"purchasable","13":"product-type-simple"},"bundled_by":[],"bundle_stock_status":"instock","bundle_stock_quantity":null,"bundle_virtual":false,"bundle_layout":"","bundle_add_to_cart_form_location":"","bundle_editable_in_cart":false,"bundle_sold_individually_context":"","bundle_item_grouping":"","bundle_min_size":"","bundle_max_size":"","bundle_price":[],"bundled_items":[],"bundle_sell_ids":[],"_links":{"self":[{"href":"https:\/\/biorganic-rim.com\/en\/wp-json\/wp\/v2\/product\/4773","targetHints":{"allow":["GET"]}}],"collection":[{"href":"https:\/\/biorganic-rim.com\/en\/wp-json\/wp\/v2\/product"}],"about":[{"href":"https:\/\/biorganic-rim.com\/en\/wp-json\/wp\/v2\/types\/product"}],"replies":[{"embeddable":true,"href":"https:\/\/biorganic-rim.com\/en\/wp-json\/wp\/v2\/comments?post=4773"}],"wp:featuredmedia":[{"embeddable":true,"href":"https:\/\/biorganic-rim.com\/en\/wp-json\/wp\/v2\/media\/4771"}],"wp:attachment":[{"href":"https:\/\/biorganic-rim.com\/en\/wp-json\/wp\/v2\/media?parent=4773"}],"wp:term":[{"taxonomy":"product_brand","embeddable":true,"href":"https:\/\/biorganic-rim.com\/en\/wp-json\/wp\/v2\/product_brand?post=4773"},{"taxonomy":"product_cat","embeddable":true,"href":"https:\/\/biorganic-rim.com\/en\/wp-json\/wp\/v2\/product_cat?post=4773"},{"taxonomy":"product_tag","embeddable":true,"href":"https:\/\/biorganic-rim.com\/en\/wp-json\/wp\/v2\/product_tag?post=4773"}],"curies":[{"name":"wp","href":"https:\/\/api.w.org\/{rel}","templated":true}]}}